{"id":569,"date":"2024-07-18T11:04:10","date_gmt":"2024-07-18T09:04:10","guid":{"rendered":"http:\/\/lescheminsdumontsaintmichel.com\/?page_id=569"},"modified":"2025-07-19T16:17:34","modified_gmt":"2025-07-19T14:17:34","slug":"histoire","status":"publish","type":"page","link":"https:\/\/lescheminsdumontsaintmichel.com\/it\/histoire\/","title":{"rendered":"La storia"},"content":{"rendered":"<p>[et_pb_section fb_built=\u00a0\u00bb1&Prime; _builder_version=\u00a0\u00bb4.27.0&Prime; _module_preset=\u00a0\u00bbdefault\u00a0\u00bb global_colors_info=\u00a0\u00bb{}\u00a0\u00bb][et_pb_row _builder_version=\u00a0\u00bb4.27.0&Prime; _module_preset=\u00a0\u00bbdefault\u00a0\u00bb global_colors_info=\u00a0\u00bb{}\u00a0\u00bb][et_pb_column type=\u00a0\u00bb4_4&Prime; _builder_version=\u00a0\u00bb4.27.0&Prime; _module_preset=\u00a0\u00bbdefault\u00a0\u00bb global_colors_info=\u00a0\u00bb{}\u00a0\u00bb][et_pb_text _builder_version=\u00a0\u00bb4.27.4&Prime; _module_preset=\u00a0\u00bbdefault\u00a0\u00bb global_colors_info=\u00a0\u00bb{}\u00a0\u00bb]<\/p>\n<h1><img loading=\"lazy\" decoding=\"async\" src=\"https:\/\/lescheminsdumontsaintmichel.com\/wp-content\/uploads\/2025\/07\/43-Le-Puy-cathedrale-porche-Copie-1024x803.jpg\" width=\"1024\" height=\"803\" alt=\"\" class=\"wp-image-2259 size-large\" srcset=\"https:\/\/lescheminsdumontsaintmichel.com\/wp-content\/uploads\/2025\/07\/43-Le-Puy-cathedrale-porche-Copie-980x768.jpg 980w, https:\/\/lescheminsdumontsaintmichel.com\/wp-content\/uploads\/2025\/07\/43-Le-Puy-cathedrale-porche-Copie-480x376.jpg 480w\" sizes=\"(min-width: 0px) and (max-width: 480px) 480px, (min-width: 481px) and (max-width: 980px) 980px, (min-width: 981px) 1024px, 100vw\" \/> Histoire du Mont Saint Michel<\/h1>\n<h2>Le culte \u00e0 saint Michel<\/h2>\n<p>\u00ab Prince de la milice c\u00e9leste \u00bb , l\u2019archange saint Michel, dont le nom signifie \u00ab Qui est comme Dieu ? \u00bb est le premier des archanges.<\/p>\n<p>Il est celui qui dans l\u2019Apocalypse de saint Jean pr\u00e9cipite Satan et ses anges rebelles dans l\u2019ab\u00eeme.\u00a0Protecteur du peuple h\u00e9breu dans l\u2019Ancien Testament, il est devenu le d\u00e9fenseur de l\u2019Eglise et de la France. Mais aux yeux des hommes inquiets de leur salut dans l\u2019Au-del\u00e0, l\u2019Archange est un protecteur id\u00e9al car pr\u00e9v\u00f4t du Paradis, il est celui qui p\u00e8se les \u00e2mes au jour du Jugement.\u00a0L\u2019iconographie abondante de saint Michel illustre cette double fonction. Peseur des \u00e2mes, il est repr\u00e9sent\u00e9 aux portes du Ciel, la balance \u00e0 la main s\u00e9parant les \u00e9lus des damn\u00e9s.<\/p>\n<p>Guerrier, il terrasse le D\u00e9mon sous la forme d\u2019un dragon \u00e0 mi-chemin entre l\u2019homme et la B\u00eate. Jusqu\u2019au XIVe si\u00e8cle, l\u2019Archange, le regard lointain, est repr\u00e9sent\u00e9 en aube, arm\u00e9 d\u2019une lance et d\u2019un \u00e9cu.\u00a0Au XVe si\u00e8cle, saint Michel, dont le c\u00e9l\u00e8bre sanctuaire a r\u00e9sist\u00e9 aux assauts des Anglais lors de la Guerre de Cent Ans, rev\u00eat la tenue militaire du chevalier. Il brandit l\u2019\u00e9p\u00e9e de la main droite et de la main gauche, il tient l\u2019\u00e9cu qui le prot\u00e8ge des attaques de la B\u00eate, se d\u00e9battant sous ses pieds. L\u2019Archange est souvent repr\u00e9sent\u00e9 sous les traits d\u2019un jeune homme imberbe, image de perfection et de jeunesse.\u00a0La Renaissance et l\u2019\u00e9poque classique (XVIIe-XVIIIe si\u00e8cles) le repr\u00e9sentent, \u00ab \u00e0 l\u2019Antique \u00bb, rev\u00eatu du costume militaire romain.<\/p>\n<p>Originaire d\u2019Orient, le culte de saint Michel s\u2019est r\u00e9pandu \u00e0 Byzance puis en Italie o\u00f9, en 590, le pape Gr\u00e9goire le Grand lui consacre, \u00e0 la suite d\u2019une vision, le Ch\u00e2teau Saint-Ange \u00e0 Rome.\u00a0Mais le sanctuaire italien le plus important, le Monte Gargano, se trouve dans le sud de la p\u00e9ninsule (les Pouilles). Ce lieu de culte, consacr\u00e9 le 8 mai 492, inspira un grand nombre de sanctuaires dont le Mont-Saint-Michel lui-m\u00eame.<\/p>\n<p>A l\u2019image du Michael\u2019s Mount en Cornouailles, de la Sacra di San Michele dans le Pi\u00e9mont ou de la chapelle Saint-Michel d\u2019Aiguilhe au Puy-en-Velay, les lieux d\u00e9di\u00e9s \u00e0 l\u2019Archange se trouvent ainsi sur des sites \u00e9lev\u00e9s, \u00e0 mi-chemin entre le ciel et la terre. Mais c\u2019est avec le sanctuaire normand, construit aux confins de l\u2019Occident, que le culte \u00e0 saint Michel conna\u00eetra son d\u00e9veloppement le plus extraordinaire.<\/p>\n<p>[\/et_pb_text][et_pb_text _builder_version=\u00a0\u00bb4.27.4&Prime; _module_preset=\u00a0\u00bbdefault\u00a0\u00bb global_colors_info=\u00a0\u00bb{}\u00a0\u00bb]<\/p>\n<h2><\/h2>\n<h2><img loading=\"lazy\" decoding=\"async\" src=\"https:\/\/lescheminsdumontsaintmichel.com\/wp-content\/uploads\/2025\/07\/700px-Mont_Saint-Michel_M._Merian_1657.jpg\" width=\"1533\" height=\"611\" alt=\"Mont-Saint-Michel de Merian\" class=\"wp-image-2247 size-full\" srcset=\"https:\/\/lescheminsdumontsaintmichel.com\/wp-content\/uploads\/2025\/07\/700px-Mont_Saint-Michel_M._Merian_1657.jpg 1533w, https:\/\/lescheminsdumontsaintmichel.com\/wp-content\/uploads\/2025\/07\/700px-Mont_Saint-Michel_M._Merian_1657-480x191.jpg 480w\" sizes=\"(min-width: 0px) and (max-width: 480px) 480px, (min-width: 481px) 1533px, 100vw\" \/><\/h2>\n<p>La l\u00e9gende raconte comment l\u2019archange saint Michel apparut trois fois en songe \u00e0 l\u2019\u00e9v\u00eaque d\u2019Avranches Aubert pour lui demander d\u2019\u00e9difier au sommet du \u00ab Mont Tombe \u00bb une \u00e9glise en son honneur.\u00a0Construite sur le mod\u00e8le du sanctuaire italien du Monte Gargano (Ve si\u00e8cle), cette premi\u00e8re \u00e9glise fut consacr\u00e9e par l\u2019\u00e9v\u00eaque le 16 octobre 709 et, desservie par douze pr\u00eatres ; elle attira tr\u00e8s vite un grand nombre de p\u00e8lerins.\u00a0En 966, le duc de Normandie Richard Ier rempla\u00e7a ces pr\u00eatres par des moines b\u00e9n\u00e9dictins venus de l\u2019abbaye de Saint-Wandrille pr\u00e8s de Rouen.<\/p>\n<p>Visit\u00e9e par les rois et par les foules venues de toute l\u2019Europe, l\u2019abbaye conna\u00eet au Moyen-Age une grande renomm\u00e9e.Les formidables constructions entreprises entre le XIe et le XVe si\u00e8cle t\u00e9moignent de sa prosp\u00e9rit\u00e9. Elle fut aussi ravag\u00e9e \u00e0 plusieurs reprises par le feu du ciel et la fureur des hommes.\u00a0Assi\u00e9g\u00e9 en vain par les Anglais pendant pr\u00e8s de trente ans, le Mont-Saint-Michel, d\u00e9fendu par cent dix-neuf chevaliers, fut, durant la Guerre de Cent Ans, consid\u00e9r\u00e9 comme le symbole h\u00e9ro\u00efque de la r\u00e9sistance nationale.<\/p>\n<p>Mais \u00e0 partir du milieu du XVIe si\u00e8cle, le Mont perd de son int\u00e9r\u00eat militaire et religieux. Malgr\u00e9 sa r\u00e9forme en 1622 par la congr\u00e9gation de Saint-Maur, l\u2019abbaye n\u2019abrite plus qu\u2019une poign\u00e9e de religieux et quelques prisonniers enferm\u00e9s sur lettre de cachet dans la \u00ab bastille des mers \u00bb.\u00a0<\/p>\n<p>La R\u00e9volution chassa en 1790 les moines et fit du \u00ab Mont libre \u00bb une prison pour les pr\u00eatres r\u00e9fractaires. Prison d\u2019Etat jusqu\u2019en 1863, l\u2019abbaye saccag\u00e9e abrita plusieurs centaines de prisonniers dans des conditions \u00e9pouvantables.\u00a0Class\u00e9e Monument historique en 1874, l\u2019abbaye est enfin restaur\u00e9e. El\u00e8ves de Viollet-Le-Duc, les architectes Corroyer, Petitgrand et Gout se succ\u00e8dent \u00e0 la t\u00eate de ce vaste chantier, achevant en 1897 la silhouette du Mont par une fine fl\u00e8che n\u00e9ogothique surmont\u00e9e de la statue de l\u2019Archange du sculpteur Fr\u00e9miet.\u00a0Reli\u00e9 \u00e0 la c\u00f4te par une digue en 1878, le village conna\u00eet un renouveau spectaculaire avec le d\u00e9veloppement du tourisme, renouveau spirituel enfin avec les c\u00e9l\u00e9brations du mill\u00e9naire monastique en 1966 et l\u2019installation en 1969 d\u2019une petite communaut\u00e9 religieuse dans l\u2019abbaye.<\/p>\n<p>[\/et_pb_text][et_pb_text _builder_version=\u00a0\u00bb4.27.4&Prime; _module_preset=\u00a0\u00bbdefault\u00a0\u00bb hover_enabled=\u00a0\u00bb0&Prime; global_colors_info=\u00a0\u00bb{}\u00a0\u00bb sticky_enabled=\u00a0\u00bb0&Prime;]<\/p>\n<h1><strong>P\u00e9lerins et p\u00e8lerinages<\/strong><\/h1>\n<p>[<img loading=\"lazy\" decoding=\"async\" src=\"https:\/\/lescheminsdumontsaintmichel.com\/wp-content\/uploads\/2025\/07\/Camembert-3.jpg\" width=\"2055\" height=\"1391\" alt=\"\" class=\"wp-image-2248 aligncenter size-full\" srcset=\"https:\/\/lescheminsdumontsaintmichel.com\/wp-content\/uploads\/2025\/07\/Camembert-3.jpg 2055w, https:\/\/lescheminsdumontsaintmichel.com\/wp-content\/uploads\/2025\/07\/Camembert-3-1280x866.jpg 1280w, https:\/\/lescheminsdumontsaintmichel.com\/wp-content\/uploads\/2025\/07\/Camembert-3-980x663.jpg 980w, https:\/\/lescheminsdumontsaintmichel.com\/wp-content\/uploads\/2025\/07\/Camembert-3-480x325.jpg 480w\" sizes=\"(min-width: 0px) and (max-width: 480px) 480px, (min-width: 481px) and (max-width: 980px) 980px, (min-width: 981px) and (max-width: 1280px) 1280px, (min-width: 1281px) 2055px, 100vw\" \/><\/p>\n<p>&nbsp;<\/p>\n<p><strong>Aller en p\u00e8lerinage au Mont-Saint-Michel&#8230;<\/strong><br \/>Le p\u00e8lerinage a \u00e9t\u00e9 accompli par la plupart des rois de France jusqu\u2019\u00e0 la fin du XVIe si\u00e8cle, dont Saint Louis, Philippe-le-Bel, Louis XI et Fran\u00e7ois Ier, et par les plus grands du Royaume. Mais il \u00e9tait surtout le fait des personnes de condition modeste et des enfants.<\/p>\n<p>Il y eut en effet au XIVe et au XVe si\u00e8cle de tr\u00e8s nombreux groupes d\u2019enfants venus de France, de Flandre, d\u2019Allemagne ou de Suisse. \u00c2g\u00e9s de 7 \u00e0 18 ans, ils partaient, avec ou sans l\u2019autorisation de leurs parents, pouss\u00e9s par une force irr\u00e9pressible qui leur faisait traverser toute l\u2019Europe pour aller v\u00e9n\u00e9rer l\u2019Archange dans son fameux sanctuaire.<\/p>\n<p>Au XVIIe et XVIIIe si\u00e8cles, le Mont-Saint-Michel connut une affluence plus modeste. Les p\u00e8lerins, bien que moins nombreux, se r\u00e9unissaient en confr\u00e9ries de p\u00e8lerins de Saint-Michel et se rendaient par petits groupes au Mont. La R\u00e9volution fran\u00e7aise marqua la fin des p\u00e8lerinages \u00e0 l\u2019abbaye transform\u00e9e en prison (de 1793 \u00e0 1863).<\/p>\n<p>La fin du XIXe si\u00e8cle vit avec la restauration de l\u2019abbaye class\u00e9e Monument historique, le retour du culte et des p\u00e8lerinages \u00e0 saint Michel. Devenue un haut lieu du tourisme, la demeure de l\u2019Archange attire chaque ann\u00e9e des millions de visiteurs.<\/p>\n<p>&nbsp;<\/p>\n<p><strong>Qui sont les p\u00e8lerins ?<\/strong><br \/>\u00ab Les marcheurs de la foi \u00bb ont trac\u00e9 un r\u00e9seau de chemins convergeant vers le Mont-Saint-Michel et reliant entre eux les grands sanctuaires de la Chr\u00e9tient\u00e9.<\/p>\n<p>Le bourdon \u00e0 la main, rev\u00eatus d\u2019une large p\u00e8lerine et d\u2019un chapeau les prot\u00e9geant des intemp\u00e9ries, les p\u00e8lerins se reconnaissaient \u00e0 la coquille, embl\u00e8me commun au sanctuaire de Galice.<br \/>Seuls ou en groupes, les p\u00e8lerins recevaient l\u2019hospitalit\u00e9 des \u00e9tablissements religieux jalonnant les chemins (h\u00f4tels-Dieu, abbayes, prieur\u00e9s\u2026) ou couchaient \u00e0 l\u2019auberge s\u2019ils en avaient les moyens.\u00a0Apr\u00e8s une travers\u00e9e des gr\u00e8ves pleine de p\u00e9rils, ils montaient la rue bord\u00e9e d\u2019auberges et de boutiques, jusqu\u2019aux portes de l\u2019abbaye. Puis leurs d\u00e9votions achev\u00e9es, ils repartaient apr\u00e8s avoir achet\u00e9 dans les \u00e9choppes du village chapelets, rubans et enseignes, souvenirs de leur p\u00e8lerinage accompli.<\/p>\n<p>&nbsp;<\/p>\n<p><strong>Quelques mots sur les confr\u00e9ries de saint Michel<\/strong><br \/>Apparues au Moyen \u00c2ge et tr\u00e8s nombreuses aux XVIIe et XVIIIe si\u00e8cles, les confr\u00e9ries Saint-Michel \u00e9taient des associations pieuses \u00e0 caract\u00e8re paroissial ou professionnel plac\u00e9es sous la protection de l\u2019Archange.\u00a0D\u2019apr\u00e8s les statuts de quelques unes d\u2019entre-elles, une c\u00e9r\u00e9monie et un subside \u00e9taient pr\u00e9vus pour les confr\u00e8res avant leur d\u00e9part et \u00e0 leur retour du Mont.<\/p>\n<p>[\/et_pb_text][et_pb_text _builder_version=\u00a0\u00bb4.27.4&Prime; _module_preset=\u00a0\u00bbdefault\u00a0\u00bb hover_enabled=\u00a0\u00bb0&Prime; global_colors_info=\u00a0\u00bb{}\u00a0\u00bb sticky_enabled=\u00a0\u00bb0&Prime;]<\/p>\n<h1><strong>P\u00e8lerinages et saint Michel en Europe<\/strong><\/h1>\n<p style=\"text-align: center;\">\u00a0<img loading=\"lazy\" decoding=\"async\" src=\"https:\/\/lescheminsdumontsaintmichel.com\/wp-content\/uploads\/2025\/07\/St-Michael-Mount-1024x768.jpg\" width=\"1024\" height=\"768\" alt=\"St Michael Mount\" class=\"wp-image-2307 size-large\" srcset=\"https:\/\/lescheminsdumontsaintmichel.com\/wp-content\/uploads\/2025\/07\/St-Michael-Mount-980x735.jpg 980w, https:\/\/lescheminsdumontsaintmichel.com\/wp-content\/uploads\/2025\/07\/St-Michael-Mount-480x360.jpg 480w\" sizes=\"(min-width: 0px) and (max-width: 480px) 480px, (min-width: 481px) and (max-width: 980px) 980px, (min-width: 981px) 1024px, 100vw\" \/><\/p>\n<p style=\"text-align: center;\">St Michael&rsquo;s Mount (Cornouaille)<\/p>\n<p>&nbsp;<\/p>\n<p>Aux alentours de l\u2019an mil, selon le chroniqueur bourguignon Raoul Glaber, le Mont-Saint-Michel faisait \u00ab l\u2019objet de la v\u00e9n\u00e9ration du monde entier \u00bb. Les documents d\u2019archives parvenus jusqu\u2019\u00e0 nous confirment que les p\u00e8lerins venaient en effet de toutes les provinces de France et de plusieurs pays europ\u00e9ens.\u00a0Originaires d\u2019Ecosse et d\u2019Irlande, ils traversaient l\u2019Angleterre, puis la Manche en bateau. Beaucoup venaient \u00e9galement du sud, d\u2019Espagne et d\u2019Italie.\u00a0De nombreux t\u00e9moignages autres concernent surtout des Pays germaniques (Allemagne, Suisse, Pays-Bas, Belgique,\u2026). On en conna\u00eet \u00e9galement quelques uns pour l\u2019Europe de l\u2019Est (Pologne\u2026).\u00a0Le premier p\u00e8lerin connu est un moine franc, nomm\u00e9 Bernard, qui au retour d\u2019un voyage au Monte Gargano, \u00e0 J\u00e9rusalem et \u00e0 Rome, en compagnie d\u2019un moine italien et d\u2019un espagnol, se rendit seul au Mont en 867-868.\u00a0Cette tr\u00e8s importante fr\u00e9quentation du Mont d\u00e8s le Haut Moyen \u00c2ge (IXe-XIe si\u00e8cle) est d\u2019ailleurs contemporaine de l\u2019\u00e9tablissement du r\u00e9seau des chemins montais dont la premi\u00e8re mention connue date de 1025, au Pont-de-Vie, pr\u00e8s de Vimoutiers, en Normandie.<\/p>\n<p>De nombreux autels et \u00e9glises lui furent d\u00e9di\u00e9s en Italie, en France, en Allemagne, en Angleterre, en Espagne\u2026au travers de toute l\u2019Europe jusqu\u2019en Irlande et en Russie. La pr\u00e9sence de ces lieux de culte est g\u00e9n\u00e9ralement attest\u00e9e sur des sites \u00e9lev\u00e9s exceptionnels, propres \u00e0 frapper l\u2019imagination des hommes. On a ainsi tr\u00e8s souvent parl\u00e9 du \u00ab culte a\u00e9rien \u00bb de l\u2019Archange.<\/p>\n<p><strong>En Italie&#8230;<\/strong><br \/>Le culte de saint Michel est tr\u00e8s important en Italie avec deux de ses plus grands sanctuaires de p\u00e8lerinage : Le Monte Gargano, o\u00f9 l\u2019Archange apparut \u00e0 la fin du Ve si\u00e8cle et demanda qu\u2019on lui construise une \u00e9glise, et la Sacra di San Michele, en Pi\u00e9mont, \u00e0 mi-chemin entre le Mont-Saint-Michel et le Monte Gargano.\u00a0Tr\u00e8s importante en Italie du Sud (Pouilles, Campanie), du fait de la pr\u00e9sence du Monte Gargano, la d\u00e9votion \u00e0 saint Michel \u00e9tait aussi tr\u00e8s pr\u00e9sente en Italie du Nord. D\u00e8s le VIIIe si\u00e8cle, il \u00e9tait le patron national des Lombards.\u00a0Cette d\u00e9votion sera d\u2019ailleurs reprise par Charlemagne quand il sera couronn\u00e9 roi des lombards \u00e0 Pavie et protecteur du pape. Elle se diffusera ensuite dans tout l\u2019Empire carolingien.<\/p>\n<p><strong>Dans les pays germaniques&#8230;<\/strong><br \/>L\u2019Archange est aussi consid\u00e9r\u00e9 comme le protecteur du peuple allemand depuis l\u2019\u00e9poque carolingienne, son culte aurait \u00e9t\u00e9 r\u00e9pandu par saint Boniface au VIIIe si\u00e8cle quand il convertissait les Saxons au catholicisme et son culte s\u2019inscrira dans la tradition carolingienne.<\/p>\n<p><strong>Dans les \u00eeles anglo-saxonnes&#8230;<\/strong><br \/>Dans le monde anglo-saxon, saint Michel \u00e9tait connu et v\u00e9n\u00e9r\u00e9 tr\u00e8s t\u00f4t. Son culte aurait d\u2019ailleurs \u00e9t\u00e9 diffus\u00e9 par les missionnaires irlandais qui ont essaim\u00e9 dans toute l\u2019Europe occidentale et fond\u00e9 de nombreux \u00e9tablissements religieux (abbayes, etc.).<\/p>\n<p>En Irlande, son sanctuaire le plus connu, Skellig Michael \u2013 ou rocher de saint Michel &#8211; \u00e9tait l\u2019objet d\u2019un important p\u00e8lerinage. C\u2019est sur ce site spectaculaire d\u2019une \u00eele escarp\u00e9e que vivaient des ermites priant l\u2019Archange.<\/p>\n<p>En Angleterre, la d\u00e9votion \u00e0 l\u2019Archange a connu un nouveau d\u00e9veloppement apr\u00e8s la conqu\u00eate normande de 1066. Saint Mickael\u2019s Mount en Cornouailles \u00e9tait un prieur\u00e9 montois, r\u00e9plique du sanctuaire normand et but d\u2019un p\u00e8lerinage.\u00a0En 1222, l\u2019archev\u00eaque de Canterbury a ordonn\u00e9 dans tout le royaume la c\u00e9l\u00e9bration solennelle du 16 octobre, jour anniversaire de la d\u00e9dicace de l\u2019\u00e9glise du Mont-Saint-Michel par saint Aubert.<\/p>\n<p><strong>En Belgique..<\/strong><br \/>En Belgique, d\u2019o\u00f9 provenaient beaucoup de miquelots, saint Michel \u00e9tait v\u00e9n\u00e9r\u00e9 depuis l\u2019\u00e9poque carolingienne.\u00a0Il est notamment le saint patron de la ville de Bruxelles. Sa statue domine depuis 1454 la fl\u00e8che de l\u2019h\u00f4tel de ville et c\u2019est le premier patron de la cath\u00e9drale.<\/p>\n<p><strong>En Espagne&#8230;<\/strong><br \/>La diffusion du culte \u00e0 saint Michel se fait au d\u00e9but du VIIIe si\u00e8cle, o\u00f9 en tant que chef des milices c\u00e9lestes triomphant du Mal, il \u00e9tait associ\u00e9 \u00e0 la lutte contre les Maures.<\/p>\n<p><strong>En conclusion&#8230;<\/strong><br \/>Le rayonnement europ\u00e9en de ce p\u00e8lerinage s\u2019est poursuivi au cours des si\u00e8cles et nombreux sont les souverains, les seigneurs et les simples fid\u00e8les \u00e0 \u00eatre venus prier l\u2019Archange sur son rocher sacr\u00e9.<\/p>\n<p>[\/et_pb_text][et_pb_text _builder_version=\u00a0\u00bb4.27.4&Prime; _module_preset=\u00a0\u00bbdefault\u00a0\u00bb global_colors_info=\u00a0\u00bb{}\u00a0\u00bb]<\/p>\n<h1>Le fonds documentaire<\/h1>\n<p>Depuis sa cr\u00e9ation, l\u2019Association a rassembl\u00e9 de nombreux documents sur les p\u00e8lerinages et le patrimoine normand : fiches patrimoniales, photos, estampes, ouvrages, articles&#8230; Ce fonds est enrichi au fur et \u00e0 mesure de l\u2019avanc\u00e9e des recherches et des contacts.<\/p>\n<p>&#8211; La biblioth\u00e8que r\u00e9unit de nombreux articles, ouvrages anciens et modernes sur le Mont-Saint-Michel, les anciennes voies de communication, les p\u00e8lerinages et le p\u00e8lerin, le culte et l\u2019iconographie de saint Michel\u2026<\/p>\n<p>&#8211; L\u2019Association dispose \u00e9galement d\u2019un fonds iconographique constitu\u00e9 de gravures, estampes, photographies anciennes du Mont-Saint-Michel et de reproductions de documents et d\u2019images conserv\u00e9s dans les archives et dans les biblioth\u00e8ques.<\/p>\n<p>&#8211; Un inventaire du patrimoine situ\u00e9 le long des chemins du Mont-Saint-Michel compl\u00e8te ce fonds avec des fiches \u00e9tablies par l\u2019Association pour chaque \u00e9l\u00e9ment li\u00e9 \u00e0 la th\u00e9matique des p\u00e8lerinages, ainsi que de nombreuses photographies de ce patrimoine.<\/p>\n<p>Si vos recherches portent sur les anciennes voies de communication, les p\u00e8lerinages, le p\u00e8lerin, le Mont-Saint-Michel ou le culte \u00e0 saint Michel\u2026 ou si vous souhaitez en savoir plus sur le patrimoine situ\u00e9 le long des chemins du Mont-Saint-Michel\u2026 Contactez-nous<\/p>\n<p>Consultation possible sur RDV.<\/p>\n<p>[\/et_pb_text][\/et_pb_column][\/et_pb_row][\/et_pb_section][et_pb_section fb_built=\u00a0\u00bb1&Prime; _builder_version=\u00a0\u00bb4.27.0&Prime; _module_preset=\u00a0\u00bbdefault\u00a0\u00bb global_colors_info=\u00a0\u00bb{}\u00a0\u00bb][et_pb_row _builder_version=\u00a0\u00bb4.27.0&Prime; _module_preset=\u00a0\u00bbdefault\u00a0\u00bb global_colors_info=\u00a0\u00bb{}\u00a0\u00bb][et_pb_column type=\u00a0\u00bb4_4&Prime; _builder_version=\u00a0\u00bb4.27.0&Prime; _module_preset=\u00a0\u00bbdefault\u00a0\u00bb global_colors_info=\u00a0\u00bb{}\u00a0\u00bb][et_pb_text _builder_version=\u00a0\u00bb4.27.0&Prime; _module_preset=\u00a0\u00bbdefault\u00a0\u00bb global_colors_info=\u00a0\u00bb{}\u00a0\u00bb]<\/p>\n<h2>Biblographie<\/h2>\n<p>Bibliographie s\u00e9lective sur le Mont Saint-Michel des origines au XIIIe si\u00e8cle<br \/>Par Pierre Bouet, Universit\u00e9 de Caen-Normandie<\/p>\n<p><a href=\"http:\/\/lescheminsdumontsaintmichel.com\/wp-content\/uploads\/2024\/07\/Biblio.pdf\" rel=\"attachment wp-att-572\">Bibliographie PDF<\/a><\/p>\n<p>\u00ab\u00a0A la recherche du miquelot perdu&#8230;\u00a0\u00bb<br \/>Bulletin de liaison du Comit\u00e9 scientifique de l\u2019Association \u00ab\u00a0Les Chemins du Mont-Saint-Michel\u00a0\u00bb<\/p>\n<p><a href=\"http:\/\/lescheminsdumontsaintmichel.com\/wp-content\/uploads\/2024\/07\/Bulletin_de_liaison_n-_1.pdf\" rel=\"attachment wp-att-573\">A la recherche du miquelot perdu &#8211; N\u00b01 &#8211; Mars 2010<\/a><\/p>\n<p>[\/et_pb_text][\/et_pb_column][\/et_pb_row][\/et_pb_section]<\/p>\n","protected":false},"excerpt":{"rendered":"<p>Histoire du Mont Saint Michel Le culte \u00e0 saint Michel \u00ab Prince de la milice c\u00e9leste \u00bb , l\u2019archange saint Michel, dont le nom signifie \u00ab Qui est comme Dieu ? \u00bb est le premier des archanges. Il est celui qui dans l\u2019Apocalypse de saint Jean pr\u00e9cipite Satan et ses anges rebelles dans l\u2019ab\u00eeme.\u00a0Protecteur du peuple h\u00e9breu dans l\u2019Ancien Testament, il est devenu le d\u00e9fenseur de l\u2019Eglise et de la France. Mais aux yeux des hommes inquiets de leur salut dans l\u2019Au-del\u00e0, l\u2019Archange est un protecteur id\u00e9al car pr\u00e9v\u00f4t du Paradis, il est celui qui p\u00e8se les \u00e2mes au jour du Jugement.\u00a0L\u2019iconographie abondante de saint Michel illustre cette double fonction. Peseur des \u00e2mes, il est repr\u00e9sent\u00e9 aux portes du Ciel, la balance \u00e0 la main s\u00e9parant les \u00e9lus des damn\u00e9s. Guerrier, il terrasse le D\u00e9mon sous la forme d\u2019un dragon \u00e0 mi-chemin entre l\u2019homme et la B\u00eate. Jusqu\u2019au XIVe si\u00e8cle, l\u2019Archange, le regard lointain, est repr\u00e9sent\u00e9 en aube, arm\u00e9 d\u2019une lance et d\u2019un \u00e9cu.\u00a0Au XVe si\u00e8cle, saint Michel, dont le c\u00e9l\u00e8bre sanctuaire a r\u00e9sist\u00e9 aux assauts des Anglais lors de la Guerre de Cent Ans, rev\u00eat la tenue militaire du chevalier. Il brandit l\u2019\u00e9p\u00e9e de la main droite et de [&hellip;]<\/p>\n","protected":false},"author":5,"featured_media":0,"parent":0,"menu_order":0,"comment_status":"closed","ping_status":"closed","template":"","meta":{"_et_pb_use_builder":"on","_et_pb_old_content":"","_et_gb_content_width":"","footnotes":""},"class_list":["post-569","page","type-page","status-publish","hentry"],"_links":{"self":[{"href":"https:\/\/lescheminsdumontsaintmichel.com\/it\/wp-json\/wp\/v2\/pages\/569","targetHints":{"allow":["GET"]}}],"collection":[{"href":"https:\/\/lescheminsdumontsaintmichel.com\/it\/wp-json\/wp\/v2\/pages"}],"about":[{"href":"https:\/\/lescheminsdumontsaintmichel.com\/it\/wp-json\/wp\/v2\/types\/page"}],"author":[{"embeddable":true,"href":"https:\/\/lescheminsdumontsaintmichel.com\/it\/wp-json\/wp\/v2\/users\/5"}],"replies":[{"embeddable":true,"href":"https:\/\/lescheminsdumontsaintmichel.com\/it\/wp-json\/wp\/v2\/comments?post=569"}],"version-history":[{"count":11,"href":"https:\/\/lescheminsdumontsaintmichel.com\/it\/wp-json\/wp\/v2\/pages\/569\/revisions"}],"predecessor-version":[{"id":2363,"href":"https:\/\/lescheminsdumontsaintmichel.com\/it\/wp-json\/wp\/v2\/pages\/569\/revisions\/2363"}],"wp:attachment":[{"href":"https:\/\/lescheminsdumontsaintmichel.com\/it\/wp-json\/wp\/v2\/media?parent=569"}],"curies":[{"name":"wp","href":"https:\/\/api.w.org\/{rel}","templated":true}]}}