{"id":1787,"date":"2024-10-14T11:35:49","date_gmt":"2024-10-14T09:35:49","guid":{"rendered":"http:\/\/lescheminsdumontsaintmichel.com\/?page_id=1787"},"modified":"2026-02-25T10:52:51","modified_gmt":"2026-02-25T09:52:51","slug":"chemin-de-tours","status":"publish","type":"page","link":"https:\/\/lescheminsdumontsaintmichel.com\/it\/les-chemins\/chemin-de-tours\/","title":{"rendered":"Chemin de Tours"},"content":{"rendered":"<p>[et_pb_section fb_built=\u00a0\u00bb1&Prime; _builder_version=\u00a0\u00bb4.27.2&Prime; _module_preset=\u00a0\u00bbdefault\u00a0\u00bb background_color=\u00a0\u00bb#D6D4C8&Prime; custom_padding=\u00a0\u00bb4px||1px|||\u00a0\u00bb global_colors_info=\u00a0\u00bb{}\u00a0\u00bb][et_pb_row _builder_version=\u00a0\u00bb4.27.2&Prime; _module_preset=\u00a0\u00bbdefault\u00a0\u00bb global_colors_info=\u00a0\u00bb{}\u00a0\u00bb][et_pb_column type=\u00a0\u00bb4_4&Prime; _builder_version=\u00a0\u00bb4.27.2&Prime; _module_preset=\u00a0\u00bbdefault\u00a0\u00bb global_colors_info=\u00a0\u00bb{}\u00a0\u00bb][et_pb_image src=\u00a0\u00bb@ET-DC@eyJkeW5hbWljIjp0cnVlLCJjb250ZW50IjoicG9zdF9mZWF0dXJlZF9pbWFnZSIsInNldHRpbmdzIjp7fX0=@\u00a0\u00bb align=\u00a0\u00bbcenter\u00a0\u00bb _builder_version=\u00a0\u00bb4.27.2&Prime; _dynamic_attributes=\u00a0\u00bbsrc\u00a0\u00bb _module_preset=\u00a0\u00bbdefault\u00a0\u00bb module_alignment=\u00a0\u00bbcenter\u00a0\u00bb border_radii=\u00a0\u00bbon|5px|5px|5px|5px\u00a0\u00bb global_colors_info=\u00a0\u00bb{}\u00a0\u00bb][\/et_pb_image][et_pb_post_title meta=\u00a0\u00bboff\u00a0\u00bb featured_image=\u00a0\u00bboff\u00a0\u00bb _builder_version=\u00a0\u00bb4.27.2&Prime; _module_preset=\u00a0\u00bbdefault\u00a0\u00bb title_font=\u00a0\u00bb|800||on|||||\u00a0\u00bb title_text_align=\u00a0\u00bbcenter\u00a0\u00bb global_colors_info=\u00a0\u00bb{}\u00a0\u00bb][\/et_pb_post_title][\/et_pb_column][\/et_pb_row][\/et_pb_section][et_pb_section fb_built=\u00a0\u00bb1&Prime; _builder_version=\u00a0\u00bb4.27.2&Prime; _module_preset=\u00a0\u00bbdefault\u00a0\u00bb global_colors_info=\u00a0\u00bb{}\u00a0\u00bb][et_pb_row _builder_version=\u00a0\u00bb4.27.2&Prime; _module_preset=\u00a0\u00bbdefault\u00a0\u00bb global_colors_info=\u00a0\u00bb{}\u00a0\u00bb][et_pb_column type=\u00a0\u00bb4_4&Prime; _builder_version=\u00a0\u00bb4.27.2&Prime; _module_preset=\u00a0\u00bbdefault\u00a0\u00bb global_colors_info=\u00a0\u00bb{}\u00a0\u00bb][et_pb_text _builder_version=\u00a0\u00bb4.27.5&Prime; _module_preset=\u00a0\u00bbdefault\u00a0\u00bb hover_enabled=\u00a0\u00bb0&Prime; global_colors_info=\u00a0\u00bb{}\u00a0\u00bb sticky_enabled=\u00a0\u00bb0&Prime;]<\/p>\n<h2 class=\"soustitre\">Chemin de Tours au Mont ou \u00a0\u00bb Grand Chemin montois\u00a0\u00bb, \u00ab\u00a0chemin partag\u00e9\u00a0\u00bb de Compostelle et du Mont<\/h2>\n<div class=\"lacarte\">\n<p><i>Les Chemins du Mont-Saint-Michel<\/i>, itin\u00e9raires culturels europ\u00e9ens, participent activement depuis leur fondation en 1998 \u00e0 la construction d\u2019un r\u00e9seau d\u2019\u00e9changes culturels \u00e0 l\u2019\u00e9chelle europ\u00e9enne. Hier comme aujourd\u2019hui les Chemins du Mont et de Compostelle constituent un r\u00e9seau d\u2019itin\u00e9raires europ\u00e9ens, en partie communs, permettant d\u2019aller d\u2019un sanctuaire \u00e0 l\u2019autre dans le cadre de leur itin\u00e9rance au long cours, gr\u00e2ce aux \u00ab\u00a0chemins partag\u00e9s\u00a0\u00bb<br class=\"autobr\" \/>Le Mont-Saint-Michel, lieu de rassemblement et de d\u00e9part des jacquets, lieu d\u2019arriv\u00e9e des miquelots, est avec Compostelle l\u2019un des sanctuaires majeurs de p\u00e8lerinage et de convergence de l\u2019itin\u00e9rance en Europe. L\u2019archange et l\u2019ap\u00f4tre. La Manche et l\u2019Atlantique, la baie d\u2019entre Normandie et Bretagne et le lointain cap de Galice. Tous ces \u00e9l\u00e9ments t\u00e9moignent des liens contemporains en plein d\u00e9veloppement entre ces deux sites, inscrits au patrimoine mondial de l\u2019Unesco au titre des Chemins de Saint-Jacques (bien s\u00e9riel 868).<\/p>\n<p>Il existe actuellement trois itin\u00e9raires permettant de relier ces deux grands sanctuaires de p\u00e8lerinage. Ces trois itin\u00e9raires rejoignent la voie de Tours et le chemin de Compostelle, qui est balis\u00e9 et d\u00e9crit dans de nombreux guides. Il s\u2019agit de la \u00ab\u00a0Voie des Capitales\u00a0\u00bb, de la \u00ab\u00a0Voie des Plantagen\u00eat\u00a0\u00bb et du \u00ab\u00a0Grand Chemin montois\u00a0\u00bb\u00a0<strong>Gr\u00e2ce aux partenariats avec les associations jacquaires de Bretagne, d\u2019Anjou, du Maine et de Touraine, ces chemins partag\u00e9s sont balis\u00e9s dans les deux sens.<\/strong><span>\u00a0<\/span>Ainsi, les jacquets partant du Mont suivent les coquilles jaunes stylis\u00e9es de Compostelle et les miquelots, qui viennent du \u00ab\u00a0sud\u00a0\u00bb, le balisage bleu cyan des Chemins du Mont-Saint-Michel.<\/p>\n<p><i>Le portail internet des chemins de p\u00e8lerinage de l\u2019Arc Atlantique<\/i><span>\u00a0<\/span>vous aidera \u00e0 mieux conna\u00eetre les sites des diff\u00e9rentes associations de chemins historiques du grand Ouest, de la Normandie au Pays basque&#8230;et de la Bretagne \u00e0 la Touraine&#8230;\u00a0:<span>\u00a0<\/span><a href=\"http:\/\/portail.arc.atlantic.free.fr\/\" class=\"spip_out\" rel=\"external noopener\" target=\"_blank\">Les Chemins historiques et de p\u00e8lerinage de l\u2019Arc Atlantique<\/a><br class=\"autobr\" \/>Ce portail permet d\u2019acc\u00e9der \u00e0 une br\u00e8ve pr\u00e9sentation de chacune des associations qui assurent la promotion, la mise en valeur et l\u2019entretien des chemins de Compostelle et du Mont-Saint-Michel ! Il faut toutefois noter qu&rsquo;il n&rsquo;a pu \u00eatre mis \u00e0 jour depuis plusieurs ann\u00e9es et ne tient pas compte de la cr\u00e9ation d&rsquo;associations plus r\u00e9centes comme <a href=\"https:\/\/www.compostelle-mayenne.fr\/\" target=\"_blank\" rel=\"noopener\">Compostelle53\u00a0 et autres chemins<\/a><\/p>\n<\/div>\n<div class=\"lacarte\">\n<p>&nbsp;<\/p>\n<p>Le <strong>\u00ab\u00a0Chemin de Tours\u00a0\u00bb ou<span>\u00a0<\/span>\u00ab\u00a0Grand Chemin montois\u00a0\u00bb<\/strong><span>\u00a0<\/span>commence \u00e0 Tours pour rejoindre Le Mans par Neuill\u00e9-Pont-Pierre et Ch\u00e2teau-du-Loir. Apr\u00e8s Le Mans, l\u2019itin\u00e9raire passe par Sill\u00e9-le-Guillaume, Bais, Mayenne, Gorron, Landivy, Louvign\u00e9-du-D\u00e9sert et Saint-James. Cet itin\u00e9raire est \u00ab\u00a0en double balisage\u00a0\u00bb (vers Le Mont ou vers Compostelle), il est d\u00e9crit dans le guide<span>\u00a0<\/span><strong><i>Les Chemins de P\u00e8lerinage vers le Mont-Saint-Michel. Le Grand Chemin Montois<\/i><span>\u00a0<\/span><\/strong>disponible aupr\u00e8s de l\u2019Association (13 \u20ac (+ port). voir la rubrique<a href=\"https:\/\/lescheminsdumontsaintmichel.com\/boutique\/\">\u00a0 Boutique<\/a>.<br class=\"autobr\" \/>Depuis sa publication en 2014, le trac\u00e9 a \u00e9t\u00e9 revu en certains endroits pour une meilleure qualit\u00e9 de l\u2019itin\u00e9raire, les modifications t\u00e9l\u00e9chargeables ici et en ligne<\/p>\n<ul>\n<li><a href=\"https:\/\/lescheminsdumontsaintmichel.com\/wp-content\/uploads\/2024\/10\/Modifs-trace-en-Mayenne.pdf\" rel=\"attachment wp-att-1802\">Modifs trac\u00e9 en Mayenne<\/a><\/li>\n<li><a href=\"https:\/\/lescheminsdumontsaintmichel.com\/wp-content\/uploads\/2024\/10\/Modifs-trace-en-Sarthe.pdf\" rel=\"attachment wp-att-1803\">Modifs trac\u00e9 en Sarthe<\/a><\/li>\n<\/ul>\n<p>sur le site de chaque association locale \u00e0 avoir\u00a0 <a href=\"http:\/\/compostelle72.fr\/?page_id=389\" class=\"spip_out\" rel=\"external noopener\" target=\"_blank\">Compostelle 72\u00a0<\/a>et <a href=\"https:\/\/www.compostelle-mayenne.fr\/\" target=\"_blank\" rel=\"noopener\">Compostelle 53 et autres chemins<\/a><\/p>\n<\/div>\n<p>[\/et_pb_text][et_pb_text _builder_version=\u00a0\u00bb4.27.5&Prime; _module_preset=\u00a0\u00bbdefault\u00a0\u00bb global_colors_info=\u00a0\u00bb{}\u00a0\u00bb]<\/p>\n<p>Il existe une<span>\u00a0<\/span><strong>variante au d\u00e9part du Mans<\/strong><span>\u00a0<\/span>qui rejoint le \u00ab\u00a0Chemin du Mont-Saint Michel\u00a0\u00bb qui vient de Chartres, c\u2019est la<span>\u00a0<\/span><strong>\u00ab\u00a0Voie nord\u00a0\u00bb<\/strong>. Elle passe par Beaumont-sur-Sarthe, Fresnay-sur-Sarthe, Saint-C\u00e9neri-le-G\u00e9r\u00e9i et Pr\u00e9-en-Pail avant de rejoindre le Chemin du Mont \u00e0 Bagnoles-de-l\u2019Orne. Le guide d\u00e9crivant ce parcours \u00e0 travers les Alpes Mancelles, est disponible aupr\u00e8s de l\u2019<a href=\"https:\/\/www.lescheminsdumontsaintmichel.com\/spip\/spip.php?article35&amp;lang=\" class=\"spip_out\" rel=\"external\">Association (10 \u20ac + port)<\/a><\/p>\n<p>Dans le sens vers Compostelle, un guide a \u00e9t\u00e9 publi\u00e9 en 2016 par l\u2019association sarthoise, il d\u00e9crit le<span>\u00a0<\/span><strong>Chemin du Mont-Saint-Michel \u00e0 Tours<\/strong><span>\u00a0<\/span>(100 p. 15 \u20ac + port)<a href=\"https:\/\/lescheminsdumontsaintmichel.com\/boutique\/\" class=\"spip_out\" rel=\"external\">La Boutique<\/a><\/p>\n<p>La liste des h\u00e9bergements concernant ces deux chemins sont disponibles sur le<span>\u00a0<\/span><a href=\"https:\/\/www.lescheminsdumontsaintmichel.com\/spip\/spip.php?article35&amp;lang=\" class=\"spip_out\" rel=\"external\">site<\/a><\/p>\n<p><u><strong>Pour plus de renseignements sur ces deux \u00ab\u00a0chemins partag\u00e9s\u00a0\u00bb Saint-Jacques et Saint-Michel\u00a0:<\/strong><\/u><\/p>\n<p><img loading=\"lazy\" decoding=\"async\" src=\"https:\/\/www.lescheminsdumontsaintmichel.com\/spip\/squelettes-dist\/puce.gif\" width=\"8\" height=\"11\" class=\"puce\" alt=\"-\" \/>\u00a0Le site de l\u2019association<span>\u00a0<\/span><a href=\"https:\/\/compostelle72.fr\/\" class=\"spip_out\" rel=\"external noopener\" target=\"_blank\">sarthoise des Amis de Saint Jacques de Compostelle et du Mont-Saint-Michel<\/a>.<br class=\"autobr\" \/>Vous y trouverez le trac\u00e9 d\u00e9taill\u00e9 du chemin Tours \/ Le Mans Mayenne \/ Le Mont gr\u00e2ce aux cartes Google Maps<\/p>\n<p><img loading=\"lazy\" decoding=\"async\" src=\"https:\/\/www.lescheminsdumontsaintmichel.com\/spip\/squelettes-dist\/puce.gif\" width=\"8\" height=\"11\" class=\"puce\" alt=\"-\" \/>\u00a0En Mayenne, la jeune et dynamique association<span>\u00a0<\/span><a href=\"http:\/\/www.compostelle-mayenne.fr\/\" class=\"spip_out\" rel=\"external noopener\" target=\"_blank\">Compostelle 53 et autres chemins<\/a><span>\u00a0<\/span>pourra vous renseigner efficacement avec notamment une liste compl\u00e9mentaire d\u2019accueils familiaux en donativo.<\/p>\n<p><img loading=\"lazy\" decoding=\"async\" src=\"https:\/\/www.lescheminsdumontsaintmichel.com\/spip\/squelettes-dist\/puce.gif\" width=\"8\" height=\"11\" class=\"puce\" alt=\"-\" \/>\u00a0Le site de l\u2019association<span>\u00a0<\/span><a href=\"http:\/\/www.compostelle-tours.org\/\" class=\"spip_out\" rel=\"external noopener\" target=\"_blank\">Chemins de Compostelle en Touraine Voie de Tours<\/a>.<\/p>\n<p>Fichier gpx du \u00ab\u00a0Grand Chemin montois\u00a0\u00bb (tenant compte des derni\u00e8res modifications de d\u00e9tail du trac\u00e9)<\/p>\n<p>[\/et_pb_text][\/et_pb_column][\/et_pb_row][\/et_pb_section][et_pb_section fb_built=\u00a0\u00bb1&Prime; _builder_version=\u00a0\u00bb4.27.2&Prime; _module_preset=\u00a0\u00bbdefault\u00a0\u00bb global_colors_info=\u00a0\u00bb{}\u00a0\u00bb][et_pb_row _builder_version=\u00a0\u00bb4.27.2&Prime; _module_preset=\u00a0\u00bbdefault\u00a0\u00bb global_colors_info=\u00a0\u00bb{}\u00a0\u00bb][et_pb_column type=\u00a0\u00bb4_4&Prime; _builder_version=\u00a0\u00bb4.27.2&Prime; _module_preset=\u00a0\u00bbdefault\u00a0\u00bb global_colors_info=\u00a0\u00bb{}\u00a0\u00bb][et_pb_text _builder_version=\u00a0\u00bb4.27.2&Prime; _module_preset=\u00a0\u00bbdefault\u00a0\u00bb global_colors_info=\u00a0\u00bb{}\u00a0\u00bb]<\/p>\n<p><strong>FICHIERS GPX, ETAPE PAR ETAPE, A TELECHARGER POUR GPS<\/strong><br class=\"autobr\" \/><i>Ces trac\u00e9s sont donn\u00e9s \u00e0 titre indicatif et ne sauraient \u00eatre aussi pr\u00e9cis que les textes topographiques accompagn\u00e9s des cartes au 1:50 000 propos\u00e9s dans le guide publi\u00e9 par l\u2019Association<\/i><\/p>\n<p>[\/et_pb_text][et_pb_button button_url=\u00a0\u00bbhttps:\/\/drive.google.com\/drive\/folders\/1BaLhSqPMOLgiGvNtZlC0zy7LdjiqOzHB?usp=sharing\u00a0\u00bb url_new_window=\u00a0\u00bbon\u00a0\u00bb button_text=\u00a0\u00bbT\u00e9l\u00e9charger les GPX\u00a0\u00bb button_alignment=\u00a0\u00bbleft\u00a0\u00bb _builder_version=\u00a0\u00bb4.27.2&Prime; _module_preset=\u00a0\u00bbdefault\u00a0\u00bb global_colors_info=\u00a0\u00bb{}\u00a0\u00bb][\/et_pb_button][\/et_pb_column][\/et_pb_row][\/et_pb_section]<\/p>\n","protected":false},"excerpt":{"rendered":"<p>Chemin de Tours au Mont ou \u00a0\u00bb Grand Chemin montois\u00a0\u00bb, \u00ab\u00a0chemin partag\u00e9\u00a0\u00bb de Compostelle et du Mont Les Chemins du Mont-Saint-Michel, itin\u00e9raires culturels europ\u00e9ens, participent activement depuis leur fondation en 1998 \u00e0 la construction d\u2019un r\u00e9seau d\u2019\u00e9changes culturels \u00e0 l\u2019\u00e9chelle europ\u00e9enne. Hier comme aujourd\u2019hui les Chemins du Mont et de Compostelle constituent un r\u00e9seau d\u2019itin\u00e9raires europ\u00e9ens, en partie communs, permettant d\u2019aller d\u2019un sanctuaire \u00e0 l\u2019autre dans le cadre de leur itin\u00e9rance au long cours, gr\u00e2ce aux \u00ab\u00a0chemins partag\u00e9s\u00a0\u00bbLe Mont-Saint-Michel, lieu de rassemblement et de d\u00e9part des jacquets, lieu d\u2019arriv\u00e9e des miquelots, est avec Compostelle l\u2019un des sanctuaires majeurs de p\u00e8lerinage et de convergence de l\u2019itin\u00e9rance en Europe. L\u2019archange et l\u2019ap\u00f4tre. La Manche et l\u2019Atlantique, la baie d\u2019entre Normandie et Bretagne et le lointain cap de Galice. Tous ces \u00e9l\u00e9ments t\u00e9moignent des liens contemporains en plein d\u00e9veloppement entre ces deux sites, inscrits au patrimoine mondial de l\u2019Unesco au titre des Chemins de Saint-Jacques (bien s\u00e9riel 868). Il existe actuellement trois itin\u00e9raires permettant de relier ces deux grands sanctuaires de p\u00e8lerinage. Ces trois itin\u00e9raires rejoignent la voie de Tours et le chemin de Compostelle, qui est balis\u00e9 et d\u00e9crit dans de nombreux guides. Il s\u2019agit de la \u00ab\u00a0Voie des Capitales\u00a0\u00bb, de la [&hellip;]<\/p>\n","protected":false},"author":5,"featured_media":1879,"parent":586,"menu_order":0,"comment_status":"closed","ping_status":"closed","template":"","meta":{"_et_pb_use_builder":"on","_et_pb_old_content":"","_et_gb_content_width":"","footnotes":""},"class_list":["post-1787","page","type-page","status-publish","has-post-thumbnail","hentry"],"_links":{"self":[{"href":"https:\/\/lescheminsdumontsaintmichel.com\/it\/wp-json\/wp\/v2\/pages\/1787","targetHints":{"allow":["GET"]}}],"collection":[{"href":"https:\/\/lescheminsdumontsaintmichel.com\/it\/wp-json\/wp\/v2\/pages"}],"about":[{"href":"https:\/\/lescheminsdumontsaintmichel.com\/it\/wp-json\/wp\/v2\/types\/page"}],"author":[{"embeddable":true,"href":"https:\/\/lescheminsdumontsaintmichel.com\/it\/wp-json\/wp\/v2\/users\/5"}],"replies":[{"embeddable":true,"href":"https:\/\/lescheminsdumontsaintmichel.com\/it\/wp-json\/wp\/v2\/comments?post=1787"}],"version-history":[{"count":12,"href":"https:\/\/lescheminsdumontsaintmichel.com\/it\/wp-json\/wp\/v2\/pages\/1787\/revisions"}],"predecessor-version":[{"id":2772,"href":"https:\/\/lescheminsdumontsaintmichel.com\/it\/wp-json\/wp\/v2\/pages\/1787\/revisions\/2772"}],"up":[{"embeddable":true,"href":"https:\/\/lescheminsdumontsaintmichel.com\/it\/wp-json\/wp\/v2\/pages\/586"}],"wp:featuredmedia":[{"embeddable":true,"href":"https:\/\/lescheminsdumontsaintmichel.com\/it\/wp-json\/wp\/v2\/media\/1879"}],"wp:attachment":[{"href":"https:\/\/lescheminsdumontsaintmichel.com\/it\/wp-json\/wp\/v2\/media?parent=1787"}],"curies":[{"name":"wp","href":"https:\/\/api.w.org\/{rel}","templated":true}]}}