{"id":616,"date":"2024-07-18T11:35:06","date_gmt":"2024-07-18T09:35:06","guid":{"rendered":"http:\/\/lescheminsdumontsaintmichel.com\/?page_id=616"},"modified":"2026-03-02T21:40:13","modified_gmt":"2026-03-02T20:40:13","slug":"boutique","status":"publish","type":"page","link":"https:\/\/lescheminsdumontsaintmichel.com\/es\/boutique\/","title":{"rendered":"Tienda"},"content":{"rendered":"<p>[et_pb_section fb_built=\u00a0\u00bb1&Prime; _builder_version=\u00a0\u00bb4.27.0&Prime; _module_preset=\u00a0\u00bbdefault\u00a0\u00bb global_colors_info=\u00a0\u00bb{}\u00a0\u00bb][et_pb_row _builder_version=\u00a0\u00bb4.27.0&Prime; _module_preset=\u00a0\u00bbdefault\u00a0\u00bb global_module=\u00a0\u00bb590&Prime; global_colors_info=\u00a0\u00bb{}\u00a0\u00bb][et_pb_column type=\u00a0\u00bb4_4&Prime; _builder_version=\u00a0\u00bb4.27.0&Prime; _module_preset=\u00a0\u00bbdefault\u00a0\u00bb global_colors_info=\u00a0\u00bb{}\u00a0\u00bb][et_pb_text _builder_version=\u00a0\u00bb4.27.4&Prime; _dynamic_attributes=\u00a0\u00bbcontent\u00a0\u00bb _module_preset=\u00a0\u00bbdefault\u00a0\u00bb global_colors_info=\u00a0\u00bb{}\u00a0\u00bb]@ET-DC@eyJkeW5hbWljIjp0cnVlLCJjb250ZW50IjoicG9zdF90aXRsZSIsInNldHRpbmdzIjp7ImJlZm9yZSI6IjxoMT4iLCJhZnRlciI6IjwvaDE+In19@[\/et_pb_text][\/et_pb_column][\/et_pb_row][et_pb_row _builder_version=\u00a0\u00bb4.27.0&Prime; _module_preset=\u00a0\u00bbdefault\u00a0\u00bb global_colors_info=\u00a0\u00bb{}\u00a0\u00bb][et_pb_column type=\u00a0\u00bb4_4&Prime; _builder_version=\u00a0\u00bb4.27.0&Prime; _module_preset=\u00a0\u00bbdefault\u00a0\u00bb global_colors_info=\u00a0\u00bb{}\u00a0\u00bb][et_pb_text _builder_version=\u00a0\u00bb4.27.5&Prime; _module_preset=\u00a0\u00bbdefault\u00a0\u00bb background_color=\u00a0\u00bbrgba(214,212,200,0.4)\u00a0\u00bb custom_padding=\u00a0\u00bb3%|3%|3%|3%|true|true\u00a0\u00bb border_radii=\u00a0\u00bbon|5px|5px|5px|5px\u00a0\u00bb global_colors_info=\u00a0\u00bb{}\u00a0\u00bb]<\/p>\n<p>L&rsquo;association propose des guides imprim\u00e9s des diff\u00e9rents chemins balis\u00e9s, des ouvrages patrimoniaux et historiques sur les diff\u00e9rents th\u00e8mes en liens avec les chemins du Mont-Saint-Michel, mais aussi des accessoires : Carnets du miquelot, \u00e9cussons brod\u00e9, badges, pin&rsquo;s, magnets, cartes postales, tee shirts respirants, etc<\/p>\n<p>Les commandes sont payables par virement bancaire (IBAN indiqu\u00e9 sur le bon de commande t\u00e9l\u00e9chargeable), par ch\u00e8que bancaire domicili\u00e9 sur une banque fran\u00e7aise, ou par Paypal (en ajoutant les 5% de frais pr\u00e9lev\u00e9s par Paypal).\u00a0<\/p>\n<p>&nbsp;<\/p>\n<p>[\/et_pb_text][\/et_pb_column][\/et_pb_row][et_pb_row _builder_version=\u00a0\u00bb4.27.2&Prime; _module_preset=\u00a0\u00bbdefault\u00a0\u00bb global_colors_info=\u00a0\u00bb{}\u00a0\u00bb][et_pb_column type=\u00a0\u00bb4_4&Prime; _builder_version=\u00a0\u00bb4.27.2&Prime; _module_preset=\u00a0\u00bbdefault\u00a0\u00bb global_colors_info=\u00a0\u00bb{}\u00a0\u00bb][\/et_pb_column][\/et_pb_row][et_pb_row _builder_version=\u00a0\u00bb4.27.2&Prime; _module_preset=\u00a0\u00bbdefault\u00a0\u00bb global_colors_info=\u00a0\u00bb{}\u00a0\u00bb][et_pb_column type=\u00a0\u00bb4_4&Prime; _builder_version=\u00a0\u00bb4.27.2&Prime; _module_preset=\u00a0\u00bbdefault\u00a0\u00bb global_colors_info=\u00a0\u00bb{}\u00a0\u00bb][et_pb_text _builder_version=\u00a0\u00bb4.27.6&Prime; _module_preset=\u00a0\u00bbdefault\u00a0\u00bb hover_enabled=\u00a0\u00bb0&Prime; global_colors_info=\u00a0\u00bb{}\u00a0\u00bb sticky_enabled=\u00a0\u00bb0&Prime;]<\/p>\n<h2>Nos catalogues<\/h2>\n<h2><a href=\"https:\/\/lescheminsdumontsaintmichel.com\/wp-content\/uploads\/2026\/03\/Liste-des-objets-disponibles.pdf\" rel=\"attachment wp-att-2790\">Liste des objets disponibles<\/a><\/h2>\n<h2><strong><a href=\"https:\/\/lescheminsdumontsaintmichel.com\/wp-content\/uploads\/2024\/11\/Liste-des-publications-disponibles-au-1.10.2024.pdf\" rel=\"attachment wp-att-1985\">Liste des publications disponibles<\/a><\/strong><\/h2>\n<p>[\/et_pb_text][et_pb_text _builder_version=\u00a0\u00bb4.27.5&Prime; _module_preset=\u00a0\u00bbdefault\u00a0\u00bb min_height=\u00a0\u00bb310.6px\u00a0\u00bb global_colors_info=\u00a0\u00bb{}\u00a0\u00bb]<\/p>\n<h2>R\u00e9aliser une commande<\/h2>\n<p>Pour tout achat, veuillez-remplir le bon de commande (en pr\u00e9cisant les articles command\u00e9s visibles dans les catalogues t\u00e9l\u00e9chargeables eux aussi) \u00e0 votre disposition d\u2019un simple clic.<\/p>\n<p><strong>En cas de paiement par virement bancaire, merci d&rsquo;envoyer la commande par mail \u00e0 <a href=\"mailto:chemins-st-michel@wanadoo.fr\">chemins-st-michel@wanadoo.fr<\/a><\/strong><\/p>\n<p>sinon, par Poste, avec le ch\u00e8que bancaire fran\u00e7ais.<\/p>\n<p><strong><a href=\"https:\/\/lescheminsdumontsaintmichel.com\/wp-content\/uploads\/2024\/11\/Bon-commande-2022.pdf\" rel=\"attachment wp-att-1983\">Bon de commande<\/a><\/strong><\/p>\n<p>Les envois sont d\u00e9sormais en lettre suivie pour la France (<strong>frais de port de 6 \u20ac pour les livres (guides, cartes&#8230;), de 8 \u20ac pour les envois \u00e0 l&rsquo;\u00e9tranger<\/strong> mais simplement de 3 \u20ac pour les petits objets vers la France ou vers l&rsquo;\u00e9tranger (carnets du miquelot, pin&rsquo;s, badges, \u00e9cussons, cartes postales,\u00a0 magnet, etc.). Les frais d&rsquo;envoi retenus correspondent en effet \u00e0 l&rsquo;article le plus lourd de l&rsquo;envoi (livre), soit 6 \u20ac pour la France\/8 \u20ac pour les autres pays et non \u00e0 des carnets du miquelot, badges ou \u00e9cussons, plus l\u00e9gers et donc moins chers en frais d&rsquo;envoi (3 \u20ac)<\/p>\n<p>[\/et_pb_text][\/et_pb_column][\/et_pb_row][\/et_pb_section][et_pb_section fb_built=\u00a0\u00bb1&Prime; _builder_version=\u00a0\u00bb4.27.4&Prime; _module_preset=\u00a0\u00bbdefault\u00a0\u00bb global_colors_info=\u00a0\u00bb{}\u00a0\u00bb][et_pb_row _builder_version=\u00a0\u00bb4.27.4&Prime; _module_preset=\u00a0\u00bbdefault\u00a0\u00bb global_colors_info=\u00a0\u00bb{}\u00a0\u00bb][et_pb_column type=\u00a0\u00bb4_4&Prime; _builder_version=\u00a0\u00bb4.27.4&Prime; _module_preset=\u00a0\u00bbdefault\u00a0\u00bb global_colors_info=\u00a0\u00bb{}\u00a0\u00bb][et_pb_text _builder_version=\u00a0\u00bb4.27.4&Prime; _module_preset=\u00a0\u00bbdefault\u00a0\u00bb global_colors_info=\u00a0\u00bb{}\u00a0\u00bb]<\/p>\n<p><strong>OU TROUVER NOS OUVRAGES SUR LE TERRAIN ?<\/strong><\/p>\n<p>[\/et_pb_text][\/et_pb_column][\/et_pb_row][et_pb_row _builder_version=\u00a0\u00bb4.27.4&Prime; _module_preset=\u00a0\u00bbdefault\u00a0\u00bb global_colors_info=\u00a0\u00bb{}\u00a0\u00bb][et_pb_column type=\u00a0\u00bb4_4&Prime; _builder_version=\u00a0\u00bb4.27.4&Prime; _module_preset=\u00a0\u00bbdefault\u00a0\u00bb global_colors_info=\u00a0\u00bb{}\u00a0\u00bb][et_pb_text _builder_version=\u00a0\u00bb4.27.4&Prime; _module_preset=\u00a0\u00bbdefault\u00a0\u00bb global_colors_info=\u00a0\u00bb{}\u00a0\u00bb]<\/p>\n<p><strong>CALVADOS<\/strong><\/p>\n<p><strong>Caen\u00a0:<\/strong>\u00a0<\/p>\n<p>Office de Tourisme &#8211; Place Saint Pierre<\/p>\n<p>Librairie Publica &#8211; 44 rue Saint-Jean<\/p>\n<p>Librairie \u00ab\u00a0Brouillon de Culture\u00a0\u00bb &#8211; 29 rue Saint Sauveur<\/p>\n<p>Librairie Guillaume &#8211; 98, rue Saint-Pierre<\/p>\n<p><strong>Falaise : <\/strong>Librairie du Conqu\u00e9rant, 12-14, rue Cl\u00e9menceau<\/p>\n<p><strong>Mondeville\u00a0:<\/strong>\u00a0Cultura &#8211; Mondevillage\u00a0<\/p>\n<p><strong>Orbec :\u00a0<\/strong>R\u00e9cr\u00e9ations &#8211; 137 rue Grande\u00a0<\/p>\n<p><strong>Ouistreham :\u00a0<\/strong>Presse &#8211; 1, Grande Rue\u00a0<\/p>\n<p><strong>Thury-Harcourt :\u00a0<\/strong>Office de Tourisme &#8211; 2 place Saint Sauveur\u00a0<\/p>\n<p><strong>Villers-Bocage\u00a0:<\/strong> \u00a0Maison de la Presse Villers &#8211; 15 rue Pasteur<\/p>\n<p><strong>Vire :\u00a0<\/strong>Office de Tourisme &#8211; Square de la R\u00e9sistance<\/p>\n<p>Librairie Pruv\u00f4t, 14, rue Chauss\u00e9e<\/p>\n<p>&nbsp;<\/p>\n<p><strong>MANCHE<\/strong><\/p>\n<p><strong>Ardevon :\u00a0<\/strong>Atelier Laurette &#8211; La Rive\u00a0<\/p>\n<p><strong>Avranches :\u00a0<\/strong><\/p>\n<p>D\u2019un livre \u00e0 l\u2019autre, 2, place Saint-Aubert<\/p>\n<p>Scriptorial &#8211; Place d\u2019Estouteville<\/p>\n<p>Centre E. Leclerc<\/p>\n<p><strong>Barfleur :\u00a0<\/strong>Office de Tourisme &#8211; 39, rue Saint-Thomas Becket\u00a0<\/p>\n<p><strong>Cherbourg :<\/strong>\u00a0<\/p>\n<p>Office de Tourisme &#8211; 14 quai Alexandre IIII<\/p>\n<p>Forum Espace Culture &#8211; Place Centrale<\/p>\n<p>Librairie RYST &#8211; 16-22 Grande Rue<\/p>\n<p>SILOE Cotentin &#8211; 24 rue Tour Carr\u00e9e<\/p>\n<p><strong>Coutances\u00a0:<\/strong>\u00a0<\/p>\n<p>Office de Tourisme\u00a0-, 6 rue Million<\/p>\n<p>Librairie Ader\u00a0-, 7, rue du cardinal Guyot<\/p>\n<p><strong>Gen\u00eats :\u00a0<\/strong>Bureau d\u2019informations touristiques, place des halles<\/p>\n<p><strong>La Lucerne d\u2019Outremer : <\/strong>Abbaye de la Lucerne d\u2019Outremer\u00a0<\/p>\n<p><strong>Le Mont-Saint-Michel : <\/strong>\u00a0Librairie du sanctuaire\u00a0<\/p>\n<p><strong>Pontorson :<\/strong> Bureau d\u2019informations touristiques &#8211; Place de la Mairie<\/p>\n<p>\u00a0<strong>Saint-Pair-sur-Mer\u00a0:<\/strong> \u00ab\u00a0L\u2019Encre Marine\u00a0\u00bb &#8211; 2 rue de la Plage<\/p>\n<p>\u00a0<strong>Valognes\u00a0:<\/strong><\/p>\n<p>Office de Tourisme &#8211; 25, rue de l\u2019\u00e9glise<\/p>\n<p>Maison de la presse, 3 boulevard Division Leclerc<\/p>\n<p>Tabac Eustache, 14, boulevard Division Leclerc<\/p>\n<p>\u00a0<strong>Villedieu-les-Po\u00eales :\u00a0<\/strong>Office de Tourisme &#8211; 8 place des Costils\u00a0<\/p>\n<p>&nbsp;<\/p>\n<p><strong>ORNE<\/strong><\/p>\n<p><strong>Alen\u00e7on<\/strong> : Office de tourisme, 38, rue aux Sieurs<\/p>\n<p><strong>Argentan\u00a0:<\/strong> \u00a0Librairie La Curieuse, 7, place Henri IV<\/p>\n<p><strong>Bell\u00eame :<\/strong> Librairie Du C\u00f4t\u00e9 de Bell\u00eame &#8211; 8 bis boulevard Bansard des Bois<\/p>\n<p><strong>La Fert\u00e9-Mac\u00e9 :\u00a0<\/strong>Librairie L\u2019Oiseau temps, 5, place G\u00e9n\u00e9ral Leclerc<\/p>\n<p><strong>Flers\u00a0:<\/strong> Librairie Quartier Libre &#8211; 2, rue de la Boule<\/p>\n<p><strong>Noc\u00e9 (Perche-en-Noc\u00e9)\u00a0:<\/strong>\u00a0\u00a0Maison du Parc du Perche\u00a0<\/p>\n<p><strong>Saint-Cyr-la-Rosi\u00e8re\u00a0:<\/strong> \u00a0Ecomus\u00e9e du Perche<\/p>\n<p><strong>Soligny-La-Trappe\u00a0:<\/strong> SOLITRAP SARL &#8211; Abbaye de La Trappe<\/p>\n<p>&nbsp;<\/p>\n<p><strong>SEINE-MARITIME<\/strong><\/p>\n<p><strong>Forges-les-Eaux : <\/strong><span style=\"font-size: 16px;\">Office de tourisme &#8211; 18, rue Albert Bochet<\/span><\/p>\n<p><strong style=\"font-size: 16px;\">Rouen\u00a0:<\/strong><\/p>\n<p>Office de Tourisme, 25 place de la Cath\u00e9drale<\/p>\n<p>Librairie l\u2019Armiti\u00e8re, 66, rue Jeanne d\u2019Arc<\/p>\n<p><strong>Saint-Wandrille\u00a0:<\/strong> <br \/>La Boutique de l\u2019Abbaye &#8211; Abbaye Saint-Wandrille<\/p>\n<p>&nbsp;<\/p>\n<p><strong>EURE<\/strong><\/p>\n<p><strong>Le Bec-Hellouin : <\/strong><span style=\"font-size: 16px;\">Abbaye Notre Dame du Bec &#8211; 3 Place Abb\u00e9 Herluin<\/span><\/p>\n<p><strong>Broglie\u00a0:<\/strong>\u00a0Delphine, Coiffeur &#8211; visagiste, 12, rue de la Victoire, 02 32 44 66 27<\/p>\n<p>&nbsp;<\/p>\n<p><strong>EURE-ET-LOIR<\/strong><\/p>\n<p><strong>Chartres\u00a0:<\/strong><\/p>\n<p>C Chartres Tourisme, La Conciergerie &#8211; esplanade de la cath\u00e9drale<\/p>\n<p>Librairie L\u2019Esperluete &#8211; 12 bis rue No\u00ebl Ballay<\/p>\n<p>&nbsp;<\/p>\n<p><strong>Dreux :\u00a0<\/strong>Librairie La Rose des vents &#8211; 5 Grande Rue<\/p>\n<p><strong>Nogent-le-Rotrou\u00a0:<\/strong>\u00a0Office de Tourisme &#8211; 44 rue Villette G\u00e2t\u00e9<\/p>\n<p>&nbsp;<\/p>\n<p><strong>LOIRET<\/strong><\/p>\n<p><strong>Orl\u00e9ans :\u00a0<\/strong>Librairie Agap\u00e9 &#8211; 79, bd Alexandre Martin<\/p>\n<p>&nbsp;<\/p>\n<p><strong>RENNES<\/strong><\/p>\n<p>Ariane, Librairie du Voyage &#8211; 20 rue du Capitaine Dreyfus (35000 Rennes)<\/p>\n<p>&nbsp;<\/p>\n<p><strong>PARIS<\/strong><\/p>\n<p>Librairie Eyrolles &#8211; 61 Boulevard Saint-Germain, Ve<\/p>\n<p>Librairie la Procure, 3, rue de M\u00e9zi\u00e8res, VIe<\/p>\n<p>&nbsp;<\/p>\n<p><strong>AVEYRON<\/strong><\/p>\n<p>Conques : librairie Abbaye Saint-Foy<\/p>\n<p>&nbsp;<\/p>\n<p><strong>SOMME<\/strong><\/p>\n<p>Amiens : Boutique Notre-Dame, 12 rue Saint-Andr\u00e9<\/p>\n<p>[\/et_pb_text][\/et_pb_column][\/et_pb_row][\/et_pb_section]<\/p>\n","protected":false},"excerpt":{"rendered":"<p>L&rsquo;association propose des guides imprim\u00e9s des diff\u00e9rents chemins balis\u00e9s, des ouvrages patrimoniaux et historiques sur les diff\u00e9rents th\u00e8mes en liens avec les chemins du Mont-Saint-Michel, mais aussi des accessoires : Carnets du miquelot, \u00e9cussons brod\u00e9, badges, pin&rsquo;s, magnets, cartes postales, tee shirts respirants, etc Les commandes sont payables par virement bancaire (IBAN indiqu\u00e9 sur le bon de commande t\u00e9l\u00e9chargeable), par ch\u00e8que bancaire domicili\u00e9 sur une banque fran\u00e7aise, ou par Paypal (en ajoutant les 5% de frais pr\u00e9lev\u00e9s par Paypal).\u00a0 &nbsp;Nos catalogues Liste des objets disponibles Liste des publications disponiblesR\u00e9aliser une commande Pour tout achat, veuillez-remplir le bon de commande (en pr\u00e9cisant les articles command\u00e9s visibles dans les catalogues t\u00e9l\u00e9chargeables eux aussi) \u00e0 votre disposition d\u2019un simple clic. En cas de paiement par virement bancaire, merci d&rsquo;envoyer la commande par mail \u00e0 chemins-st-michel@wanadoo.fr sinon, par Poste, avec le ch\u00e8que bancaire fran\u00e7ais. Bon de commande Les envois sont d\u00e9sormais en lettre suivie pour la France (frais de port de 6 \u20ac pour les livres (guides, cartes&#8230;), de 8 \u20ac pour les envois \u00e0 l&rsquo;\u00e9tranger mais simplement de 3 \u20ac pour les petits objets vers la France ou vers l&rsquo;\u00e9tranger (carnets du miquelot, pin&rsquo;s, badges, \u00e9cussons, cartes postales,\u00a0 magnet, etc.). Les frais d&rsquo;envoi [&hellip;]<\/p>\n","protected":false},"author":5,"featured_media":0,"parent":0,"menu_order":0,"comment_status":"closed","ping_status":"closed","template":"","meta":{"_et_pb_use_builder":"on","_et_pb_old_content":"","_et_gb_content_width":"","footnotes":""},"class_list":["post-616","page","type-page","status-publish","hentry"],"_links":{"self":[{"href":"https:\/\/lescheminsdumontsaintmichel.com\/es\/wp-json\/wp\/v2\/pages\/616","targetHints":{"allow":["GET"]}}],"collection":[{"href":"https:\/\/lescheminsdumontsaintmichel.com\/es\/wp-json\/wp\/v2\/pages"}],"about":[{"href":"https:\/\/lescheminsdumontsaintmichel.com\/es\/wp-json\/wp\/v2\/types\/page"}],"author":[{"embeddable":true,"href":"https:\/\/lescheminsdumontsaintmichel.com\/es\/wp-json\/wp\/v2\/users\/5"}],"replies":[{"embeddable":true,"href":"https:\/\/lescheminsdumontsaintmichel.com\/es\/wp-json\/wp\/v2\/comments?post=616"}],"version-history":[{"count":25,"href":"https:\/\/lescheminsdumontsaintmichel.com\/es\/wp-json\/wp\/v2\/pages\/616\/revisions"}],"predecessor-version":[{"id":2792,"href":"https:\/\/lescheminsdumontsaintmichel.com\/es\/wp-json\/wp\/v2\/pages\/616\/revisions\/2792"}],"wp:attachment":[{"href":"https:\/\/lescheminsdumontsaintmichel.com\/es\/wp-json\/wp\/v2\/media?parent=616"}],"curies":[{"name":"wp","href":"https:\/\/api.w.org\/{rel}","templated":true}]}}