{"id":586,"date":"2024-07-18T11:21:33","date_gmt":"2024-07-18T09:21:33","guid":{"rendered":"http:\/\/lescheminsdumontsaintmichel.com\/?page_id=586"},"modified":"2025-07-16T10:10:34","modified_gmt":"2025-07-16T08:10:34","slug":"les-chemins","status":"publish","type":"page","link":"https:\/\/lescheminsdumontsaintmichel.com\/es\/les-chemins\/","title":{"rendered":"Los caminos"},"content":{"rendered":"<p>[et_pb_section fb_built=\u00a0\u00bb1&Prime; _builder_version=\u00a0\u00bb4.27.0&Prime; _module_preset=\u00a0\u00bbdefault\u00a0\u00bb global_colors_info=\u00a0\u00bb{}\u00a0\u00bb][et_pb_row _builder_version=\u00a0\u00bb4.27.4&Prime; _module_preset=\u00a0\u00bbdefault\u00a0\u00bb hover_enabled=\u00a0\u00bb0&Prime; saved_tabs=\u00a0\u00bball\u00a0\u00bb global_colors_info=\u00a0\u00bb{}\u00a0\u00bb sticky_enabled=\u00a0\u00bb0&Prime;][et_pb_column type=\u00a0\u00bb4_4&Prime; _builder_version=\u00a0\u00bb4.27.0&Prime; _module_preset=\u00a0\u00bbdefault\u00a0\u00bb global_colors_info=\u00a0\u00bb{}\u00a0\u00bb][et_pb_text _builder_version=\u00a0\u00bb4.27.0&Prime; _dynamic_attributes=\u00a0\u00bbcontent\u00a0\u00bb _module_preset=\u00a0\u00bbdefault\u00a0\u00bb hover_enabled=\u00a0\u00bb0&Prime; global_colors_info=\u00a0\u00bb{}\u00a0\u00bb sticky_enabled=\u00a0\u00bb0&Prime;]@ET-DC@eyJkeW5hbWljIjp0cnVlLCJjb250ZW50IjoicG9zdF90aXRsZSIsInNldHRpbmdzIjp7ImJlZm9yZSI6IjxoMT4iLCJhZnRlciI6IjwvaDE+In19@[\/et_pb_text][et_pb_text _builder_version=\u00a0\u00bb4.27.4&Prime; _module_preset=\u00a0\u00bbdefault\u00a0\u00bb hover_enabled=\u00a0\u00bb0&Prime; global_colors_info=\u00a0\u00bb{}\u00a0\u00bb sticky_enabled=\u00a0\u00bb0&Prime;]<\/p>\n<p>Bienvenue sur la page d\u00e9di\u00e9e aux <strong>Chemins du Mont-Saint-Michel<\/strong>, un ensemble de parcours historiques \u00e0 travers l&rsquo;Europe. Ces itin\u00e9raires de p\u00e8lerinage vous guident vers l&#8217;embl\u00e9matique abbaye \u00e0 travers des paysages vari\u00e9s et des lieux culturels marquants. Chaque chemin porte une histoire unique, reliant des sites majeurs comme des cath\u00e9drales, abbayes, etc.\u00a0 et des villes et villages en \u00e9troite relation avec les anciennes voies de communication, de la voie romaine \u00e0 la route royale devenues routes nationales.<\/p>\n<p>[\/et_pb_text][et_pb_text _builder_version=\u00a0\u00bb4.27.4&Prime; _module_preset=\u00a0\u00bbdefault\u00a0\u00bb hover_enabled=\u00a0\u00bb0&Prime; global_colors_info=\u00a0\u00bb{}\u00a0\u00bb sticky_enabled=\u00a0\u00bb0&Prime;]<\/p>\n<div class=\"flex-shrink-0 flex flex-col relative items-end\">\n<div>\n<div class=\"pt-0\">\n<div class=\"gizmo-shadow-stroke flex h-8 w-8 items-center justify-center overflow-hidden rounded-full\">\n<div class=\"h-full w-full\">\n<div class=\"gizmo-shadow-stroke overflow-hidden rounded-full\"><\/div>\n<\/div>\n<\/div>\n<\/div>\n<\/div>\n<\/div>\n<div class=\"group\/conversation-turn relative flex w-full min-w-0 flex-col agent-turn\">\n<div class=\"flex-col gap-1 md:gap-3\">\n<div class=\"flex max-w-full flex-col flex-grow\">\n<div data-message-author-role=\"assistant\" data-message-id=\"bb2564e7-658e-4b34-aa1b-d96fb59fe44a\" dir=\"auto\" class=\"min-h-8 text-message flex w-full flex-col items-end gap-2 whitespace-normal break-words [.text-message+&amp;]:mt-5\" data-message-model-slug=\"gpt-4o\">\n<div class=\"flex w-full flex-col gap-1 empty:hidden first:pt-[3px]\">\n<div class=\"markdown prose w-full break-words dark:prose-invert light\">\n<h3>D\u00e9tails des chemins<\/h3>\n<p>Voici une liste des principaux chemins menant au Mont-Saint-Michel :<\/p>\n<ul>\n<li><strong>Pilgrim Trail<\/strong> : Chemin partant de la cath\u00e9drale de Wincester pour rejoindre le Cotentin et le Mont via Cherbourg ou Barfleur.<\/li>\n<li><strong><span>Chemin<\/span><span> de<\/span><span> Cherbourg<\/span><\/strong> : Itin\u00e9raire principalement c\u00f4tier par lessay, Barneville-Carteret, Coutances et sa cath\u00e9drale, Granville et la baie du Mont.<\/li>\n<li><strong>Chemin de Barfleur<\/strong> : Du petit port de Barfleur, la d\u00e9couverte de l&rsquo;int\u00e9rieur du d\u00e9partement par sites m\u00e9connus, sites naturels ou historiques.\u00a0 \u00a0 \u00a0 \u00a0 \u00a0<\/li>\n<li><strong>Chemin de Caen Ouistreham<\/strong> : A partir de Caen, le chemin correspond \u00e0 l&rsquo;anciennE voie romaine de Vieux \u00e0 AvranChes, suivie par les P\u00e8lerins d\u00e8s l&rsquo;avant l&rsquo;an Mil<\/li>\n<li><strong>Chemin d&rsquo;Amiens<\/strong> : Au d\u00e9part de la cath\u00e9drale d&rsquo;Amiens, isncrite \u00e0 l&rsquo;Unesco, pour rejoindre Rouen \u00e0 travers les plaines piardes et les vall\u00e9es du pays de Bray.<\/li>\n<li><strong>Chemin de Rouen<\/strong> : Itin\u00e9raire \u00e0 travers les cinq d\u00e9partements normands et de nombreux sites majeurs, de la cath\u00e9drale de Rouen au ch\u00e2teau de Falaise et des paysages\u00a0 vari\u00e9s<\/li>\n<li><strong>Chemin d&rsquo;Orl\u00e9ans Chartres<\/strong> : De la vall\u00e9e de la Loire au Mont par la cath\u00e9drale de Chartres, le Perche, les for\u00eats ornaises et le Mortainais.<\/li>\n<li><strong>Chemin de Tours<\/strong> : Connue sous le nom de \u00ab\u00a0Grand Chemin montois\u00a0\u00bb, \u00ab\u00a0chemin partag\u00e9\u00a0\u00bb, balis\u00e9 vers le Mont ou vers Compostelle par Le Mans, Mayenne et Saint-James.<\/li>\n<li><strong>Voie des Plantagen\u00eat<\/strong> : \u00ab\u00a0chemin partag\u00e9\u00a0\u00bb, balis\u00e9 vers le Mont ou vers Compostelle depuis Aulnay-de-Saintonge par\u00a0<\/li>\n<li><strong>Chemin de l&rsquo;Atlantique<\/strong> : \u00ab\u00a0chemin partag\u00e9\u00a0\u00bb, balis\u00e9 vers le Mont ou vers Compostelle depuis Bordeaux<\/li>\n<li><strong>Chemin du Monte Gargano<\/strong> : Chemin \u00e0 travers l&rsquo;Italie.<\/li>\n<li><strong>Chemin de Saint-Malo<\/strong> :\u00a0<\/li>\n<li><strong>Chemin d&rsquo;Angers au Mont par Laval<\/strong> : En attente de documentation.<\/li>\n<\/ul>\n<p>Explorez ces chemins pour d\u00e9couvrir des tr\u00e9sors patrimoniaux et spirituels \u00e0 travers l&rsquo;Europe et la France.<\/p>\n<\/div>\n<\/div>\n<\/div>\n<\/div>\n<\/div>\n<\/div>\n<p>[\/et_pb_text][\/et_pb_column][\/et_pb_row][\/et_pb_section]<\/p>\n","protected":false},"excerpt":{"rendered":"<p>Bienvenue sur la page d\u00e9di\u00e9e aux Chemins du Mont-Saint-Michel, un ensemble de parcours historiques \u00e0 travers l&rsquo;Europe. Ces itin\u00e9raires de p\u00e8lerinage vous guident vers l&#8217;embl\u00e9matique abbaye \u00e0 travers des paysages vari\u00e9s et des lieux culturels marquants. Chaque chemin porte une histoire unique, reliant des sites majeurs comme des cath\u00e9drales, abbayes, etc.\u00a0 et des villes et villages en \u00e9troite relation avec les anciennes voies de communication, de la voie romaine \u00e0 la route royale devenues routes nationales. D\u00e9tails des chemins Voici une liste des principaux chemins menant au Mont-Saint-Michel : Pilgrim Trail : Chemin partant de la cath\u00e9drale de Wincester pour rejoindre le Cotentin et le Mont via Cherbourg ou Barfleur. Chemin de Cherbourg : Itin\u00e9raire principalement c\u00f4tier par lessay, Barneville-Carteret, Coutances et sa cath\u00e9drale, Granville et la baie du Mont. Chemin de Barfleur : Du petit port de Barfleur, la d\u00e9couverte de l&rsquo;int\u00e9rieur du d\u00e9partement par sites m\u00e9connus, sites naturels ou historiques.\u00a0 \u00a0 \u00a0 \u00a0 \u00a0 Chemin de Caen Ouistreham : A partir de Caen, le chemin correspond \u00e0 l&rsquo;anciennE voie romaine de Vieux \u00e0 AvranChes, suivie par les P\u00e8lerins d\u00e8s l&rsquo;avant l&rsquo;an Mil Chemin d&rsquo;Amiens : Au d\u00e9part de la cath\u00e9drale d&rsquo;Amiens, isncrite \u00e0 l&rsquo;Unesco, pour rejoindre Rouen \u00e0 [&hellip;]<\/p>\n","protected":false},"author":5,"featured_media":0,"parent":0,"menu_order":0,"comment_status":"closed","ping_status":"closed","template":"","meta":{"_et_pb_use_builder":"on","_et_pb_old_content":"","_et_gb_content_width":"","footnotes":""},"class_list":["post-586","page","type-page","status-publish","hentry"],"_links":{"self":[{"href":"https:\/\/lescheminsdumontsaintmichel.com\/es\/wp-json\/wp\/v2\/pages\/586","targetHints":{"allow":["GET"]}}],"collection":[{"href":"https:\/\/lescheminsdumontsaintmichel.com\/es\/wp-json\/wp\/v2\/pages"}],"about":[{"href":"https:\/\/lescheminsdumontsaintmichel.com\/es\/wp-json\/wp\/v2\/types\/page"}],"author":[{"embeddable":true,"href":"https:\/\/lescheminsdumontsaintmichel.com\/es\/wp-json\/wp\/v2\/users\/5"}],"replies":[{"embeddable":true,"href":"https:\/\/lescheminsdumontsaintmichel.com\/es\/wp-json\/wp\/v2\/comments?post=586"}],"version-history":[{"count":7,"href":"https:\/\/lescheminsdumontsaintmichel.com\/es\/wp-json\/wp\/v2\/pages\/586\/revisions"}],"predecessor-version":[{"id":2290,"href":"https:\/\/lescheminsdumontsaintmichel.com\/es\/wp-json\/wp\/v2\/pages\/586\/revisions\/2290"}],"wp:attachment":[{"href":"https:\/\/lescheminsdumontsaintmichel.com\/es\/wp-json\/wp\/v2\/media?parent=586"}],"curies":[{"name":"wp","href":"https:\/\/api.w.org\/{rel}","templated":true}]}}