{"id":569,"date":"2024-07-18T11:04:10","date_gmt":"2024-07-18T09:04:10","guid":{"rendered":"http:\/\/lescheminsdumontsaintmichel.com\/?page_id=569"},"modified":"2025-07-19T16:17:34","modified_gmt":"2025-07-19T14:17:34","slug":"histoire","status":"publish","type":"page","link":"https:\/\/lescheminsdumontsaintmichel.com\/es\/histoire\/","title":{"rendered":"Historia"},"content":{"rendered":"<p>[et_pb_section fb_built=\"1\u2033 _builder_version=\"4.27.0\u2033 _module_preset=\"default \" global_colors_info=\"{} \"][et_pb_row _builder_version=\"4.27.0\u2033 _module_preset=\"default \" global_colors_info=\"{} \"][et_pb_column type=\"4_4\u2033 _builder_version=\"4.27.0\u2033 _module_preset=\"default \" global_colors_info=\"{} \"][et_pb_text _builder_version=\"4.27.4\u2033 _module_preset=\"default \" global_colors_info=\"{} \"]<\/p>\n<h1><img loading=\"lazy\" decoding=\"async\" src=\"https:\/\/lescheminsdumontsaintmichel.com\/wp-content\/uploads\/2025\/07\/43-Le-Puy-cathedrale-porche-Copie-1024x803.jpg\" width=\"1024\" height=\"803\" alt=\"\" class=\"wp-image-2259 size-large\" srcset=\"https:\/\/lescheminsdumontsaintmichel.com\/wp-content\/uploads\/2025\/07\/43-Le-Puy-cathedrale-porche-Copie-980x768.jpg 980w, https:\/\/lescheminsdumontsaintmichel.com\/wp-content\/uploads\/2025\/07\/43-Le-Puy-cathedrale-porche-Copie-480x376.jpg 480w\" sizes=\"(min-width: 0px) and (max-width: 480px) 480px, (min-width: 481px) and (max-width: 980px) 980px, (min-width: 981px) 1024px, 100vw\" \/> Historia del Monte Saint Michel<\/h1>\n<h2>El culto a San Miguel<\/h2>\n<p>\"Pr\u00edncipe de las huestes celestiales\", el arc\u00e1ngel San Miguel, cuyo nombre significa \"Que es como Dios\", es el primero de los arc\u00e1ngeles.<\/p>\n<p>En el Apocalipsis de San Juan, es \u00e9l quien arroja al abismo a Sat\u00e1n y a sus \u00e1ngeles rebeldes. Protector del pueblo hebreo en el Antiguo Testamento, se ha convertido en el defensor de la Iglesia y de Francia. Pero a los ojos de las personas preocupadas por su salvaci\u00f3n en el m\u00e1s all\u00e1, el Arc\u00e1ngel es un protector ideal porque es el preboste del Para\u00edso y el que pesa las almas el d\u00eda del Juicio Final. La abundante iconograf\u00eda de San Miguel ilustra este doble papel. Como pesador de almas, se le representa a las puertas del Cielo, balanza en mano, separando a los elegidos de los condenados.<\/p>\n<p>Guerrero, vence al Diablo en forma de drag\u00f3n a medio camino entre el hombre y la bestia. Hasta el siglo XIV, el Arc\u00e1ngel, de mirada distante, se representaba vestido con un alba, armado con una lanza y un escudo. En el siglo XV, San Miguel, cuyo famoso santuario resisti\u00f3 los embates de los ingleses durante la Guerra de los Cien A\u00f1os, aparece vestido con el atuendo militar de un caballero. Empu\u00f1a una espada con la mano derecha y con la izquierda sujeta el escudo que le protege de los ataques de la Bestia, que lucha bajo sus pies. A menudo se representa al Arc\u00e1ngel como un joven imberbe, imagen de la perfecci\u00f3n y la juventud. Durante el Renacimiento y el Clasicismo (siglos XVII-XVIII), se le representaba en \"estilo antiguo\", vestido con traje militar romano.<\/p>\n<p>Originario de Oriente, el culto a San Miguel se extendi\u00f3 a Bizancio y despu\u00e9s a Italia, donde en 590 el Papa Gregorio Magno le consagr\u00f3 el Castillo de Sant'Angelo de Roma tras una visi\u00f3n. Pero el santuario italiano m\u00e1s importante, el Monte Gargano, se encuentra en el sur de la pen\u00ednsula (Apulia). Este lugar de culto, consagrado el 8 de mayo de 492, inspir\u00f3 un gran n\u00famero de santuarios, entre ellos el propio Mont-Saint-Michel.<\/p>\n<p>Como el Monte de Miguel en Cornualles, la Sacra di San Michele en Piamonte o la capilla de Saint-Michel d'Aiguilhe en Le Puy-en-Velay, los lugares dedicados al Arc\u00e1ngel se encuentran en emplazamientos elevados, a medio camino entre el cielo y la tierra. Pero fue con el santuario normando, construido en los confines de Occidente, cuando el culto a San Miguel experiment\u00f3 su desarrollo m\u00e1s extraordinario.<\/p>\n<p>[et_pb_text][et_pb_text _builder_version=\"4.27.4\u2033 _module_preset=\"default \" global_colors_info=\"{}\"]<\/p>\n<h2><\/h2>\n<h2><img loading=\"lazy\" decoding=\"async\" src=\"https:\/\/lescheminsdumontsaintmichel.com\/wp-content\/uploads\/2025\/07\/700px-Mont_Saint-Michel_M._Merian_1657.jpg\" width=\"1533\" height=\"611\" alt=\"Mont-Saint-Michel de Merian\" class=\"wp-image-2247 size-full\" srcset=\"https:\/\/lescheminsdumontsaintmichel.com\/wp-content\/uploads\/2025\/07\/700px-Mont_Saint-Michel_M._Merian_1657.jpg 1533w, https:\/\/lescheminsdumontsaintmichel.com\/wp-content\/uploads\/2025\/07\/700px-Mont_Saint-Michel_M._Merian_1657-480x191.jpg 480w\" sizes=\"(min-width: 0px) and (max-width: 480px) 480px, (min-width: 481px) 1533px, 100vw\" \/><\/h2>\n<p>Cuenta la leyenda que el arc\u00e1ngel San Miguel se apareci\u00f3 tres veces en sue\u00f1os a Aubert, obispo de Avranches, pidi\u00e9ndole que construyera una iglesia en su honor en la cima del Monte Tombe. Construida seg\u00fan el modelo del santuario italiano del Monte Gargano (siglo V), esta primera iglesia fue consagrada por el obispo el 16 de octubre de 709 y atendida por doce sacerdotes; pronto atrajo a gran n\u00famero de peregrinos. En 966, Ricardo I, duque de Normand\u00eda, sustituy\u00f3 a estos sacerdotes por monjes benedictinos de la abad\u00eda de Saint-Wandrille, cerca de Ru\u00e1n.<\/p>\n<p>Visitada por reyes y muchedumbres de toda Europa, la abad\u00eda goz\u00f3 de gran renombre en la Edad Media, y la enorme cantidad de obras de construcci\u00f3n realizadas entre los siglos XI y XV atestigua su prosperidad. Tambi\u00e9n fue asolada en varias ocasiones por el fuego del cielo y la furia de los hombres. Asediado en vano por los ingleses durante casi treinta a\u00f1os, el Mont-Saint-Michel, defendido por ciento diecinueve caballeros, fue considerado el s\u00edmbolo heroico de la resistencia nacional durante la Guerra de los Cien A\u00f1os.<\/p>\n<p>Pero a partir de mediados del siglo XVI, el Monte pierde su importancia militar y religiosa. A pesar de su reforma en 1622 por la Congregaci\u00f3n de Saint-Maur, la abad\u00eda ya s\u00f3lo albergaba a un pu\u00f1ado de monjes y a algunos prisioneros encerrados en la \"bastille des mers\" bajo carta de naturaleza.\u00a0<\/p>\n<p>En 1790, la Revoluci\u00f3n expuls\u00f3 a los monjes y convirti\u00f3 el \"Monte Libre\" en una prisi\u00f3n para sacerdotes refractarios. Prisi\u00f3n del Estado hasta 1863, la abad\u00eda saqueada alberg\u00f3 a varios centenares de presos en condiciones espantosas. Declarada monumento hist\u00f3rico en 1874, la abad\u00eda fue finalmente restaurada. Alumnos de Viollet-Le-Duc, los arquitectos Corroyer, Petitgrand y Gout se sucedieron al frente de este vasto proyecto, completando la silueta del Monte en 1897 con una bella aguja neog\u00f3tica coronada por la estatua del Arc\u00e1ngel del escultor Fr\u00e9miet. Conectado a la costa por un dique en 1878, el pueblo conoci\u00f3 un renacimiento espectacular con el desarrollo del turismo, y un renacimiento espiritual con las celebraciones del milenio mon\u00e1stico en 1966 y la instalaci\u00f3n de una peque\u00f1a comunidad religiosa en la abad\u00eda en 1969.<\/p>\n<p>[\/et_pb_text][et_pb_text _builder_version=\"4.27.4\u2033 _module_preset=\"default \" hover_enabled=\"0\u2033 global_colors_info=\"{} \" sticky_enabled=\"0\u2033]<\/p>\n<h1><strong>Peregrinos y peregrinaciones<\/strong><\/h1>\n<p>[<img loading=\"lazy\" decoding=\"async\" src=\"https:\/\/lescheminsdumontsaintmichel.com\/wp-content\/uploads\/2025\/07\/Camembert-3.jpg\" width=\"2055\" height=\"1391\" alt=\"\" class=\"wp-image-2248 aligncenter size-full\" srcset=\"https:\/\/lescheminsdumontsaintmichel.com\/wp-content\/uploads\/2025\/07\/Camembert-3.jpg 2055w, https:\/\/lescheminsdumontsaintmichel.com\/wp-content\/uploads\/2025\/07\/Camembert-3-1280x866.jpg 1280w, https:\/\/lescheminsdumontsaintmichel.com\/wp-content\/uploads\/2025\/07\/Camembert-3-980x663.jpg 980w, https:\/\/lescheminsdumontsaintmichel.com\/wp-content\/uploads\/2025\/07\/Camembert-3-480x325.jpg 480w\" sizes=\"(min-width: 0px) and (max-width: 480px) 480px, (min-width: 481px) and (max-width: 980px) 980px, (min-width: 981px) and (max-width: 1280px) 1280px, (min-width: 1281px) 2055px, 100vw\" \/><\/p>\n<p>&nbsp;<\/p>\n<p><strong>Peregrinando al Mont-Saint-Michel...<\/strong><br \/>La peregrinaci\u00f3n fue realizada por la mayor\u00eda de los reyes de Francia hasta finales del siglo XVI, entre ellos San Luis, Philippe-le-Bel, Luis XI y Francisco I, as\u00ed como por los personajes m\u00e1s importantes del reino. Pero lo hac\u00edan sobre todo personas modestas y ni\u00f1os.<\/p>\n<p>En los siglos XIV y XV, eran muchos los grupos de ni\u00f1os procedentes de Francia, Flandes, Alemania y Suiza. Con edades comprendidas entre los 7 y los 18 a\u00f1os, part\u00edan, con o sin permiso de sus padres, impulsados por un impulso irrefrenable de cruzar toda Europa para venerar al Arc\u00e1ngel en su famoso santuario.<\/p>\n<p>En los siglos XVII y XVIII, el Mont-Saint-Michel era menos popular. Aunque los peregrinos eran menos numerosos, segu\u00edan reuni\u00e9ndose en cofrad\u00edas de peregrinos de Saint-Michel y viajaban al Monte en peque\u00f1os grupos. La Revoluci\u00f3n Francesa marc\u00f3 el fin de las peregrinaciones a la abad\u00eda, que fue transformada en prisi\u00f3n (de 1793 a 1863).<\/p>\n<p>A finales del siglo XIX se restaur\u00f3 la abad\u00eda, clasificada como monumento hist\u00f3rico, y volvieron el culto y las peregrinaciones a San Miguel. Convertida en una gran atracci\u00f3n tur\u00edstica, la casa del Arc\u00e1ngel atrae cada a\u00f1o a millones de visitantes.<\/p>\n<p>&nbsp;<\/p>\n<p><strong>\u00bfQui\u00e9nes son los peregrinos?<\/strong><br \/>Los \"Caminantes de la Fe\" han trazado una red de senderos que convergen en el Mont-Saint-Michel y enlazan los grandes santuarios del cristianismo.<\/p>\n<p>Portando un bord\u00f3n, con una amplia capa y un sombrero para protegerse de los elementos, los peregrinos pod\u00edan identificarse por la concha, emblema habitual del santuario en Galicia.<br \/>Solos o en grupo, los peregrinos recib\u00edan hospitalidad de los establecimientos religiosos que jalonaban la ruta (h\u00f4tel-Dieu, abad\u00edas, prioratos, etc.) o se alojaban en una posada si pod\u00edan permit\u00edrselo. Tras una peligrosa traves\u00eda de las orillas, sub\u00edan por la calle bordeada de posadas y tiendas hasta las puertas de la abad\u00eda. Una vez cumplida su devoci\u00f3n, se pon\u00edan de nuevo en camino, despu\u00e9s de haber comprado rosarios, cintas y carteles en las tiendas del pueblo como recuerdo de su peregrinaci\u00f3n cumplida.<\/p>\n<p>&nbsp;<\/p>\n<p><strong>Algunas palabras sobre las cofrad\u00edas de San Miguel<\/strong><br \/>Aparecidas en la Edad Media y muy numerosas en los siglos XVII y XVIII, las Cofrad\u00edas de San Miguel eran asociaciones piadosas de car\u00e1cter parroquial o profesional puestas bajo la protecci\u00f3n del Arc\u00e1ngel. Seg\u00fan los estatutos de algunas de ellas, se preve\u00eda una ceremonia y un subsidio para los cofrades antes de su partida y a su regreso de Mont.<\/p>\n<p>[\/et_pb_text][et_pb_text _builder_version=\"4.27.4\u2033 _module_preset=\"default \" hover_enabled=\"0\u2033 global_colors_info=\"{} \" sticky_enabled=\"0\u2033]<\/p>\n<h1><strong>Peregrinaciones y San Miguel en Europa<\/strong><\/h1>\n<p style=\"text-align: center;\">\u00a0<img loading=\"lazy\" decoding=\"async\" src=\"https:\/\/lescheminsdumontsaintmichel.com\/wp-content\/uploads\/2025\/07\/St-Michael-Mount-1024x768.jpg\" width=\"1024\" height=\"768\" alt=\"St Michael Mount\" class=\"wp-image-2307 size-large\" srcset=\"https:\/\/lescheminsdumontsaintmichel.com\/wp-content\/uploads\/2025\/07\/St-Michael-Mount-980x735.jpg 980w, https:\/\/lescheminsdumontsaintmichel.com\/wp-content\/uploads\/2025\/07\/St-Michael-Mount-480x360.jpg 480w\" sizes=\"(min-width: 0px) and (max-width: 480px) 480px, (min-width: 481px) and (max-width: 980px) 980px, (min-width: 981px) 1024px, 100vw\" \/><\/p>\n<p style=\"text-align: center;\">Monte San Miguel (Cornualles)<\/p>\n<p>&nbsp;<\/p>\n<p>Hacia el a\u00f1o 1000, seg\u00fan el cronista borgo\u00f1\u00f3n Raoul Glaber, el Monte Saint-Michel era \"objeto de veneraci\u00f3n en todo el mundo\". Los documentos de archivo que han llegado hasta nosotros confirman que los peregrinos proced\u00edan de toda Francia y de varios pa\u00edses europeos. Originarios de Escocia e Irlanda, atravesaban Inglaterra y luego el Canal de la Mancha en barco. Muchos ven\u00edan tambi\u00e9n del sur, de Espa\u00f1a y de Italia. Existen muchos otros testimonios, principalmente de pa\u00edses german\u00f3fonos (Alemania, Suiza, Pa\u00edses Bajos, B\u00e9lgica, etc.). Tambi\u00e9n se conocen algunos procedentes de Europa del Este (Polonia, etc.). El primer peregrino conocido fue un monje franco llamado Bernardo, que regres\u00f3 de un viaje al Monte Gargano, Jerusal\u00e9n y Roma, en compa\u00f1\u00eda de un monje italiano y un espa\u00f1ol, y fue solo al Monte en 867-868. Esta amplia utilizaci\u00f3n del Monte en la Alta Edad Media (siglos IX-XI) coincide con el establecimiento de la red de senderos de monta\u00f1a, cuya primera menci\u00f3n conocida data de 1025, en Le Pont-de-Vie, cerca de Vimoutiers, en Normand\u00eda.<\/p>\n<p>Se le dedicaron numerosos altares e iglesias en Italia, Francia, Alemania, Inglaterra, Espa\u00f1a... por toda Europa, hasta Irlanda y Rusia. La presencia de estos lugares de culto se atestigua generalmente en emplazamientos elevados excepcionales, capaces de cautivar la imaginaci\u00f3n humana. A menudo se ha mencionado el \"culto a\u00e9reo\" del Arc\u00e1ngel.<\/p>\n<p><strong>En Italia...<\/strong><br \/>El culto a San Miguel es muy importante en Italia, con dos de sus mayores santuarios de peregrinaci\u00f3n: el Monte Gargano, donde el Arc\u00e1ngel se apareci\u00f3 a finales del siglo V y pidi\u00f3 que le construyeran una iglesia, y la Sacra di San Michele, en Piamonte, a medio camino entre el Monte Saint-Michel y el Monte Gargano. La devoci\u00f3n a San Miguel era muy importante en el sur de Italia (Apulia, Campania), debido a la presencia del Monte Gargano, pero tambi\u00e9n en el norte. Ya en el siglo VIII, era el patr\u00f3n nacional de los lombardos. Esta devoci\u00f3n fue asumida por Carlomagno cuando fue coronado rey de los lombardos en Pav\u00eda y protector del Papa. Despu\u00e9s se extendi\u00f3 por todo el Imperio carolingio.<\/p>\n<p><strong>En los pa\u00edses de habla alemana...<\/strong><br \/>El Arc\u00e1ngel tambi\u00e9n es considerado protector del pueblo alem\u00e1n desde la \u00e9poca carolingia. Se dice que su culto fue difundido por San Bonifacio en el siglo VIII, cuando convirti\u00f3 a los sajones al catolicismo, y su culto pas\u00f3 a formar parte de la tradici\u00f3n carolingia.<\/p>\n<p><strong>En las Islas Brit\u00e1nicas...<\/strong><br \/>En el mundo anglosaj\u00f3n, San Miguel fue conocido y venerado muy pronto. Se dice que su culto fue difundido por misioneros irlandeses que se extendieron por Europa Occidental y fundaron numerosos establecimientos religiosos (abad\u00edas, etc.).<\/p>\n<p>En Irlanda, su santuario m\u00e1s conocido, Skellig Michael -o la Roca de San Miguel- fue objeto de una importante peregrinaci\u00f3n. Este espectacular lugar situado en una isla escarpada albergaba ermita\u00f1os que rezaban al Arc\u00e1ngel.<\/p>\n<p>En Inglaterra, la devoci\u00f3n al Arc\u00e1ngel se desarroll\u00f3 a\u00fan m\u00e1s tras la conquista normanda de 1066. El Monte de San Miguel, en Cornualles, era un priorato mon\u00e1stico, r\u00e9plica del santuario normando y meta de una peregrinaci\u00f3n. En 1222, el arzobispo de Canterbury orden\u00f3 la celebraci\u00f3n solemne en todo el reino del 16 de octubre, aniversario de la dedicaci\u00f3n de la iglesia del Mont-Saint-Michel por san Aubert.<\/p>\n<p><strong>En B\u00e9lgica...<\/strong><br \/>En B\u00e9lgica, de donde proceden muchos miquelots, se venera a San Miguel desde la \u00e9poca carolingia. En particular, es el patr\u00f3n de la ciudad de Bruselas. Su estatua domina la aguja del ayuntamiento desde 1454, y fue el primer patr\u00f3n de la catedral.<\/p>\n<p><strong>En Espa\u00f1a...<\/strong><br \/>El culto a San Miguel comenz\u00f3 a difundirse a principios del siglo VIII, cuando se le asoci\u00f3 a la lucha contra los moros como jefe de la milicia celestial que triunfaba sobre el mal.<\/p>\n<p><strong>En conclusi\u00f3n...<\/strong><br \/>La influencia europea de esta peregrinaci\u00f3n ha continuado a lo largo de los siglos, y muchos soberanos, se\u00f1ores y fieles corrientes han acudido a rezar al Arc\u00e1ngel en su roca sagrada.<\/p>\n<p>[et_pb_text][et_pb_text _builder_version=\"4.27.4\u2033 _module_preset=\"default \" global_colors_info=\"{}\"]<\/p>\n<h1>Recursos documentales<\/h1>\n<p>Desde su creaci\u00f3n, la Asociaci\u00f3n ha reunido una gran cantidad de documentos sobre las peregrinaciones y el patrimonio de Normand\u00eda: fichas patrimoniales, fotos, grabados, libros, art\u00edculos, etc. Esta colecci\u00f3n se va completando a medida que avanzan las investigaciones y los contactos.<\/p>\n<p>- La biblioteca contiene numerosos art\u00edculos, obras antiguas y modernas sobre el Mont-Saint-Michel, las antiguas v\u00edas de comunicaci\u00f3n, las peregrinaciones y los peregrinos, el culto y la iconograf\u00eda de San Miguel...<\/p>\n<p>- La Asociaci\u00f3n posee tambi\u00e9n una colecci\u00f3n iconogr\u00e1fica de grabados, estampas y fotograf\u00edas antiguas del Mont-Saint-Michel, as\u00ed como reproducciones de documentos e im\u00e1genes conservados en archivos y bibliotecas.<\/p>\n<p>- Un inventario del patrimonio situado a lo largo de los caminos del Mont-Saint-Michel completa esta colecci\u00f3n, con fichas elaboradas por la Asociaci\u00f3n para cada elemento vinculado al tema de las peregrinaciones, as\u00ed como numerosas fotograf\u00edas de este patrimonio.<\/p>\n<p>Si su investigaci\u00f3n se refiere a las antiguas v\u00edas de comunicaci\u00f3n, las peregrinaciones, el peregrino, el Mont-Saint-Michel o el culto a San Miguel... o si desea conocer mejor el patrimonio situado a lo largo de los senderos del Mont-Saint-Michel... P\u00f3ngase en contacto con nosotros.<\/p>\n<p>Consulta previa cita.<\/p>\n<p>[\/et_pb_text][\/et_pb_column][\/et_pb_row][\/et_pb_section][et_pb_section fb_built=\"1\u2033 _builder_version=\"4.27.0\u2033 _module_preset=\"default \" global_colors_info=\"{} \"][et_pb_row _builder_version=\"4.27.0\u2033 _module_preset=\"default \" global_colors_info=\"{} \"][et_pb_column type=\"4_4\u2033 _builder_version=\"4.27.0\u2033 _module_preset=\"default \" global_colors_info=\"{} \"][et_pb_text _builder_version=\"4.27.0\u2033 _module_preset=\"default \" global_colors_info=\"{} \"]<\/p>\n<h2>Bibliograf\u00eda<\/h2>\n<p>Bibliograf\u00eda selectiva sobre el Monte Saint-Michel desde sus or\u00edgenes hasta el siglo XIII<br \/>Por Pierre Bouet, Universidad de Caen-Normandie<\/p>\n<p><a href=\"http:\/\/lescheminsdumontsaintmichel.com\/wp-content\/uploads\/2024\/07\/Biblio.pdf\" rel=\"attachment wp-att-572\">Bibliograf\u00eda PDF<\/a><\/p>\n<p>\"En busca del pipi\u00e1n perdido...<br \/>Bolet\u00edn del Comit\u00e9 Cient\u00edfico de la Asociaci\u00f3n \"Les Chemins du Mont-Saint-Michel<\/p>\n<p><a href=\"http:\/\/lescheminsdumontsaintmichel.com\/wp-content\/uploads\/2024\/07\/Bulletin_de_liaison_n-_1.pdf\" rel=\"attachment wp-att-573\">En busca del lucioperca perdido - No. 1 - Marzo 2010<\/a><\/p>\n<p>[\/et_pb_text][\/et_pb_column][\/et_pb_row][\/et_pb_section]<\/p>","protected":false},"excerpt":{"rendered":"<p>Historia del Monte Saint Michel El culto a San Miguel \"Pr\u00edncipe de las huestes celestiales\", el arc\u00e1ngel San Miguel, cuyo nombre significa \"Que es como Dios\", es el primero de los arc\u00e1ngeles. En el Apocalipsis de San Juan, es \u00e9l quien arroja al abismo a Sat\u00e1n y a sus \u00e1ngeles rebeldes. Protector del pueblo hebreo en el Antiguo Testamento, se ha convertido en el defensor de la Iglesia y de Francia. Pero a los ojos de las personas preocupadas por su salvaci\u00f3n en el m\u00e1s all\u00e1, el Arc\u00e1ngel es un protector ideal porque es el preboste del Para\u00edso y el que pesa las almas el d\u00eda del Juicio Final. La abundante iconograf\u00eda de San Miguel ilustra este doble papel. Pesador de almas, se le representa a las puertas del Cielo, balanza en mano, separando a los elegidos de los condenados. Como guerrero, vence al Diablo en forma de drag\u00f3n a medio camino entre el hombre y la bestia. Hasta el siglo XIV, el Arc\u00e1ngel, de mirada distante, se representaba vestido con un alba, armado con una lanza y un escudo. En el siglo XV, San Miguel, cuyo famoso santuario resisti\u00f3 los embates de los ingleses durante la Guerra de los Cien A\u00f1os, aparece vestido con el atuendo militar de un caballero. Llevaba una espada en la mano derecha y un escudo en la izquierda.<\/p>","protected":false},"author":5,"featured_media":0,"parent":0,"menu_order":0,"comment_status":"closed","ping_status":"closed","template":"","meta":{"_et_pb_use_builder":"on","_et_pb_old_content":"","_et_gb_content_width":"","footnotes":""},"class_list":["post-569","page","type-page","status-publish","hentry"],"_links":{"self":[{"href":"https:\/\/lescheminsdumontsaintmichel.com\/es\/wp-json\/wp\/v2\/pages\/569","targetHints":{"allow":["GET"]}}],"collection":[{"href":"https:\/\/lescheminsdumontsaintmichel.com\/es\/wp-json\/wp\/v2\/pages"}],"about":[{"href":"https:\/\/lescheminsdumontsaintmichel.com\/es\/wp-json\/wp\/v2\/types\/page"}],"author":[{"embeddable":true,"href":"https:\/\/lescheminsdumontsaintmichel.com\/es\/wp-json\/wp\/v2\/users\/5"}],"replies":[{"embeddable":true,"href":"https:\/\/lescheminsdumontsaintmichel.com\/es\/wp-json\/wp\/v2\/comments?post=569"}],"version-history":[{"count":11,"href":"https:\/\/lescheminsdumontsaintmichel.com\/es\/wp-json\/wp\/v2\/pages\/569\/revisions"}],"predecessor-version":[{"id":2363,"href":"https:\/\/lescheminsdumontsaintmichel.com\/es\/wp-json\/wp\/v2\/pages\/569\/revisions\/2363"}],"wp:attachment":[{"href":"https:\/\/lescheminsdumontsaintmichel.com\/es\/wp-json\/wp\/v2\/media?parent=569"}],"curies":[{"name":"wp","href":"https:\/\/api.w.org\/{rel}","templated":true}]}}