{"id":1617,"date":"2024-08-13T14:24:03","date_gmt":"2024-08-13T12:24:03","guid":{"rendered":"http:\/\/lescheminsdumontsaintmichel.com\/?page_id=1617"},"modified":"2026-04-16T19:35:24","modified_gmt":"2026-04-16T17:35:24","slug":"hebergement","status":"publish","type":"page","link":"https:\/\/lescheminsdumontsaintmichel.com\/es\/hebergement\/","title":{"rendered":"Alojamiento"},"content":{"rendered":"<p>[et_pb_section fb_built=\u00a0\u00bb1&Prime; _builder_version=\u00a0\u00bb4.27.0&Prime; _module_preset=\u00a0\u00bbdefault\u00a0\u00bb custom_padding=\u00a0\u00bb|1px||||\u00a0\u00bb global_colors_info=\u00a0\u00bb{}\u00a0\u00bb][et_pb_row _builder_version=\u00a0\u00bb4.27.0&Prime; _module_preset=\u00a0\u00bbdefault\u00a0\u00bb global_colors_info=\u00a0\u00bb{}\u00a0\u00bb][et_pb_column type=\u00a0\u00bb4_4&Prime; _builder_version=\u00a0\u00bb4.27.0&Prime; _module_preset=\u00a0\u00bbdefault\u00a0\u00bb global_colors_info=\u00a0\u00bb{}\u00a0\u00bb][et_pb_text _builder_version=\u00a0\u00bb4.27.4&Prime; _module_preset=\u00a0\u00bbdefault\u00a0\u00bb global_colors_info=\u00a0\u00bb{}\u00a0\u00bb]<\/p>\n<h1>H\u00e9bergements sur les Chemins du Mont-Saint-Michel : histoire, conseils et r\u00e9servation<\/h1>\n<p>[\/et_pb_text][et_pb_text _builder_version=\u00a0\u00bb4.27.4&Prime; _module_preset=\u00a0\u00bbdefault\u00a0\u00bb custom_padding=\u00a0\u00bb15px|||||\u00a0\u00bb global_colors_info=\u00a0\u00bb{}\u00a0\u00bb]<\/p>\n<h2><strong>Quelques mots d\u2019histoire.<\/strong>..<\/h2>\n<p>Au Moyen Age mais encore aujourd\u2019hui, la notion de ville-\u00e9tape n\u2019existe pas, ce sont les voyageurs qui choisissent leur halte sur le chemin, en fonction de leur mode de locomotion et de leurs souhaits.<br \/>Au Moyen Age,et suivant leurs moyens, les p\u00e8lerins optaient pour un asile de nuit, gratuit : h\u00f4tel-Dieu ou h\u00f4pital accueillant les \u00ab\u00a0pauvres passants\u00a0\u00bb, \u00e9tablissements religieux qui pratiquaient les \u0153uvres de mis\u00e9ricorde (hospitalit\u00e9) : prieur\u00e9s, abbayes, commanderies. Cependant, rares sont les liens directs entre la fonction \u00ab\u00a0hospitali\u00e8re\u00a0\u00bb et le choix de l\u2019implantation primitive de l\u2019\u00e9tablissement religieux. Si les p\u00e8lerins le pouvaient, ils allaient \u00e0 l\u2019auberge comme les autres voyageurs.<\/p>\n<p>[\/et_pb_text][et_pb_text _builder_version=\u00a0\u00bb4.27.6&Prime; _module_preset=\u00a0\u00bbdefault\u00a0\u00bb custom_padding=\u00a0\u00bb||0px|||\u00a0\u00bb hover_enabled=\u00a0\u00bb0&Prime; global_colors_info=\u00a0\u00bb{}\u00a0\u00bb sticky_enabled=\u00a0\u00bb0&Prime;]<\/p>\n<p>Aujourd\u2019hui sur les chemins, pour vous aider \u00e0 pr\u00e9parer votre voyage, vous pouvez t\u00e9l\u00e9charger ci-dessous les <em>Miquelots pratiques<\/em>. ces listes recensent les h\u00e9bergements situ\u00e9s \u00e0 proximit\u00e9 de chaque Chemin du Mont-Saint-Michel. Ces listes sont r\u00e9alis\u00e9es par chemin, par \u00e9tape et par ordre de progression de progression sur le parcours<\/p>\n<p>&nbsp;<\/p>\n<h2>Les <em>Miquelots pratiques<\/em><\/h2>\n<p>Malgr\u00e9 les mises \u00e0 jour r\u00e9guli\u00e8res, il se peut que certains renseignements soient erron\u00e9s. Nous vous conseillons donc vivement de r\u00e9server suffisamment \u00e0 l\u2019avance vos h\u00e9bergements afin de v\u00e9rifier les informations donn\u00e9es dans les <em>Miquelots pratiques<\/em>.<\/p>\n<p>Attention ! Pour une bonne pr\u00e9paration de votre chemin et pour \u00eatre s\u00fbrs de trouver portes ouvertes lors de votre passage, il est n\u00e9cessaire de prendre contact et de r\u00e9server vos h\u00e9bergements suffisamment de temps \u00e0 l&rsquo;avance (au moins une semaine par s\u00e9curit\u00e9).<\/p>\n<p>De plus, certains g\u00eetes d\u2019\u00e9tape peuvent parfois \u00eatre r\u00e9serv\u00e9s dans leur totalit\u00e9 pour des s\u00e9jours (le week-end et en haute-saison).<\/p>\n<p><a href=\"https:\/\/lescheminsdumontsaintmichel.com\/wp-content\/uploads\/2026\/01\/Hebergements-de-Caen-au-Mont-2026.pdf\" rel=\"attachment wp-att-2576\">H\u00e9bergements de Caen au Mont<\/a><\/p>\n<p><a href=\"https:\/\/lescheminsdumontsaintmichel.com\/wp-content\/uploads\/2025\/10\/Hebergements-Orleans-Chartres-2025.pdf\" rel=\"attachment wp-att-2480\">H\u00e9bergements d&rsquo;Orl\u00e9ans \u00e0 Chartres<\/a><\/p>\n<p><a href=\"https:\/\/lescheminsdumontsaintmichel.com\/wp-content\/uploads\/2026\/02\/Hebergements-Chartres-au-Mont-2026.pdf\" rel=\"attachment wp-att-2755\">H\u00e9bergements Chartres au Mont<\/a><a href=\"https:\/\/lescheminsdumontsaintmichel.com\/wp-content\/uploads\/2025\/09\/Hebergements-de-Chartres-du-Mont.pdf\" rel=\"attachment wp-att-2458\"><\/a><\/p>\n<p><a href=\"https:\/\/lescheminsdumontsaintmichel.com\/wp-content\/uploads\/2025\/08\/Hebergements-dAmiens-a-Rouen.pdf\" rel=\"attachment wp-att-2419\">H\u00e9bergements d&rsquo;Amiens \u00e0 Rouen<\/a><\/p>\n<p><a href=\"https:\/\/lescheminsdumontsaintmichel.com\/wp-content\/uploads\/2026\/02\/Hebergements-de-Rouen-au-Mont-2026.pdf\" rel=\"attachment wp-att-2768\">H\u00e9bergements de Rouen au Mont<\/a><\/p>\n<p><a href=\"https:\/\/lescheminsdumontsaintmichel.com\/wp-content\/uploads\/2025\/08\/Hebergements-de-Barfleur-au-Mont-2025.pdf\" rel=\"attachment wp-att-2456\">H\u00e9bergements de Barfleur au Mont\u00a0<\/a><\/p>\n<p><a href=\"https:\/\/lescheminsdumontsaintmichel.com\/wp-content\/uploads\/2026\/03\/Hebergements-CHERBOURG-2025.pdf\" rel=\"attachment wp-att-2834\">H\u00e9bergements de Cherbourg au Mont<\/a><\/p>\n<p><a href=\"https:\/\/lescheminsdumontsaintmichel.com\/wp-content\/uploads\/2026\/04\/Hebergements-de-Paris-au-Mont-2026.pdf\" rel=\"attachment wp-att-2867\">H\u00e9bergements de Paris au Mont 2026 <\/a><\/p>\n<p><a href=\"https:\/\/lescheminsdumontsaintmichel.com\/wp-content\/uploads\/2025\/07\/Hebergements-de-Tours-au-Mont-par-Mayenne.pdf\" rel=\"attachment wp-att-2242\">Hebergements de Tours au Mont via Mayenne (liste Compostelle 72)<\/a><\/p>\n<p><a href=\"https:\/\/lescheminsdumontsaintmichel.com\/wp-content\/uploads\/2025\/07\/Hebergements-de-Tours-au-Mont-par-Bagnoles.pdf\" rel=\"attachment wp-att-2243\">Hebergements de Tours au Mont via Bagnoles (liste Compostelle 72)<\/a><\/p>\n<p><a href=\"https:\/\/compostelle-bretagne.fr\/chemins\/liste_hebergements\/mont-saint-michel-redon\" rel=\"attachment wp-att-2420 noopener\" target=\"_blank\">H\u00e9bergements Voie des Capitales en Ille-et-Vilaine<\/a><\/p>\n<p><a href=\"https:\/\/compostelle-bretagne.fr\/chemins\/liste_hebergements\/capitales-sud-besle-blain-dept-44\" target=\"_blank\" rel=\"noopener\">https:\/\/compostelle-bretagne.fr\/chemins\/liste_hebergements\/capitales-sud-besle-blain-dept-44<\/a><\/p>\n<p>Pour la Loire-Atlantique, contacter <a href=\"mailto:haltespelerines44@gmail.com\">Haltes p\u00e8lerines 44 (mail)<\/a> et <a href=\"https:\/\/haltespelerines44.fr\/hebergements\u00a0\" target=\"_blank\" rel=\"noopener\">site internet<\/a><\/p>\n<p><a href=\"https:\/\/lescheminsdumontsaintmichel.com\/wp-content\/uploads\/2025\/12\/Liste-hebergements-Plantegenet-nov-2025.pdf\" rel=\"attachment wp-att-2544\">H\u00e9bergements Voie des Plantegenet (liste Compostelle 49)<\/a><\/p>\n<p>[\/et_pb_text][\/et_pb_column][\/et_pb_row][et_pb_row column_structure=\u00a0\u00bb1_2,1_2&Prime; _builder_version=\u00a0\u00bb4.27.5&Prime; _module_preset=\u00a0\u00bbdefault\u00a0\u00bb global_colors_info=\u00a0\u00bb{}\u00a0\u00bb][et_pb_column type=\u00a0\u00bb1_2&Prime; _builder_version=\u00a0\u00bb4.27.0&Prime; _module_preset=\u00a0\u00bbdefault\u00a0\u00bb global_colors_info=\u00a0\u00bb{}\u00a0\u00bb][\/et_pb_column][et_pb_column type=\u00a0\u00bb1_2&Prime; _builder_version=\u00a0\u00bb4.27.0&Prime; _module_preset=\u00a0\u00bbdefault\u00a0\u00bb global_colors_info=\u00a0\u00bb{}\u00a0\u00bb][\/et_pb_column][\/et_pb_row][\/et_pb_section][et_pb_section fb_built=\u00a0\u00bb1&Prime; _builder_version=\u00a0\u00bb4.27.5&Prime; _module_preset=\u00a0\u00bbdefault\u00a0\u00bb global_colors_info=\u00a0\u00bb{}\u00a0\u00bb][et_pb_row _builder_version=\u00a0\u00bb4.27.5&Prime; _module_preset=\u00a0\u00bbdefault\u00a0\u00bb custom_padding=\u00a0\u00bb|||0px||\u00a0\u00bb global_colors_info=\u00a0\u00bb{}\u00a0\u00bb][et_pb_column type=\u00a0\u00bb4_4&Prime; _builder_version=\u00a0\u00bb4.27.5&Prime; _module_preset=\u00a0\u00bbdefault\u00a0\u00bb global_colors_info=\u00a0\u00bb{}\u00a0\u00bb][et_pb_text _builder_version=\u00a0\u00bb4.27.5&Prime; _module_preset=\u00a0\u00bbdefault\u00a0\u00bb text_font=\u00a0\u00bb||||||||\u00a0\u00bb text_font_size=\u00a0\u00bb17px\u00a0\u00bb global_colors_info=\u00a0\u00bb{}\u00a0\u00bb]<\/p>\n<p><strong>L&rsquo;Accueil miquelot<\/strong>, mentionn\u00e9 r\u00e9guli\u00e8rement dans les listes des <em>Miquelots pratiques<\/em> <strong><\/strong>est un accueil chez l\u2019habitant et un vrai moment de partage en libre participation aux frais. M\u00eame si toutes les \u00e9tapes des Chemins du Mont-Saint-Miche n&rsquo;en sont pourvues aujourd\u2019hui, cette offre rel\u00e8ve de l\u2019hospitalit\u00e9 priv\u00e9e et non d \u2018une d\u00e9marche commerciale. L&rsquo;accueil n&rsquo;est pas obligatoire : chacun ouvre sa maison suivant ses disponibilit\u00e9s et ses possibilit\u00e9s<strong>.\u00a0<\/strong>Renseignez-vous aupr\u00e8s de l\u2019Association. Voici les \u00e9l\u00e9ments de la <a href=\"https:\/\/lescheminsdumontsaintmichel.com\/wp-content\/uploads\/2025\/07\/Charte-de-lAccueil-miquelot-2025.pdf\" title=\"Charte de l\u2019Accueil miquelot\">\u00ab\u00a0Charte de l\u2019Accueil miquelot\u00a0\u00bb.<\/a><\/p>\n<p><span style=\"font-size: 16px;\">Ce sont des familles volontaires qui adh\u00e8rent \u00e0 l&rsquo;esprit du chemin et ouvrent leurs portes aux miquelots, dans une d\u00e9marche de partage, d&rsquo;amiti\u00e9 et de rencontre. C&rsquo;est un accueil \u00e0 la nuit\u00e9e chez l&rsquo;habitant, sans publicit\u00e9 ni caract\u00e8re commercial<\/span><\/p>\n<p>Le miquelot contacte par t\u00e9l\u00e9phone ou par mail son accueillant, au moins une semaine \u00e0 l\u2019avance, par respect et par pragmatisme, puis au moins la veille, afin de confirmer son arriv\u00e9e.\u00a0Il doit poss\u00e9der le <em>Carnet du miquelot<\/em> (qu&rsquo;il pr\u00e9sentera \u00e0 son arriv\u00e9e \u00e0 l&rsquo;accueillant). Il est assur\u00e9 de dormir et de prendre le petit-d\u00e9jeuner chez son h\u00f4te, mais il doit penser \u00e0 pr\u00e9voir pour le d\u00eener au cas o\u00f9 celui-ci ne serait pas propos\u00e9.<\/p>\n<p>Le miquelot est invit\u00e9 \u00e0 contribuer aux d\u00e9penses engag\u00e9es selon la formule de \u00ab\u00a0libre participation aux frais\u00a0\u00bb (<em>donativo<\/em>), il ne s\u2019agit pas de profiter de la gentillesse des h\u00f4tes mais de participer \u00e0 leurs frais. Une bo\u00eete \u00e0 dons pour la \u00ab participation aux frais \u00bb peut \u00eatre mise en \u00e9vidence. Le miquelot doit penser \u00e0 amener avec lui son sac de couchage et son n\u00e9cessaire de toilette.<\/p>\n<p>L&rsquo;Accueil miquelot, c&rsquo;est aussi un engagement \u00e0 respecter le lieu et les personnes qui accueillent (dans l&rsquo;esprit de convivialit\u00e9 et pensez au petit coup de balai avant de partir).<\/p>\n<p>L&rsquo;Accueil miquelot est un lieu de confiance, nous demandons aux marcheurs de respecter la confidentialit\u00e9 des Accueils miquelots et \u00e0 ne diffuser ni les noms ni les coordonn\u00e9es des familles qui vous re\u00e7oivent (tout particuli\u00e8rement sur internet).<\/p>\n<p>&nbsp;<\/p>\n<p>[\/et_pb_text][et_pb_text _builder_version=\u00a0\u00bb4.27.5&Prime; _module_preset=\u00a0\u00bbdefault\u00a0\u00bb global_colors_info=\u00a0\u00bb{}\u00a0\u00bb][\/et_pb_text][\/et_pb_column][\/et_pb_row][\/et_pb_section][et_pb_section fb_built=\u00a0\u00bb1&Prime; _builder_version=\u00a0\u00bb4.27.4&Prime; _module_preset=\u00a0\u00bbdefault\u00a0\u00bb global_colors_info=\u00a0\u00bb{}\u00a0\u00bb][et_pb_row _builder_version=\u00a0\u00bb4.27.4&Prime; _module_preset=\u00a0\u00bbdefault\u00a0\u00bb global_colors_info=\u00a0\u00bb{}\u00a0\u00bb][et_pb_column type=\u00a0\u00bb4_4&Prime; _builder_version=\u00a0\u00bb4.27.4&Prime; _module_preset=\u00a0\u00bbdefault\u00a0\u00bb global_colors_info=\u00a0\u00bb{}\u00a0\u00bb][et_pb_text _builder_version=\u00a0\u00bb4.27.4&Prime; _module_preset=\u00a0\u00bbdefault\u00a0\u00bb global_colors_info=\u00a0\u00bb{}\u00a0\u00bb]<\/p>\n<p>Avis de miquelots<\/p>\n<p>\u00ab\u00a0Nous avons march\u00e9 sur le chemin de Barfleur jusqu&rsquo;\u00e0 Gen\u00eats. C&rsquo;\u00e9tait tr\u00e8s chouette, le d\u00e9partement de la manche est tr\u00e8s beau. Les \u00ab\u00a0accueils miquelots\u00a0\u00bb ont \u00e9t\u00e9 extraordinaires. ! De belles rencontres et des accueils aux petits soins. Merci pour les contacts\u00a0\u00bb (Marie et J\u00e9r\u00f4me, juillet 2025)<\/p>\n<p>[\/et_pb_text][\/et_pb_column][\/et_pb_row][\/et_pb_section]<\/p>\n","protected":false},"excerpt":{"rendered":"<p>H\u00e9bergements sur les Chemins du Mont-Saint-Michel : histoire, conseils et r\u00e9servationQuelques mots d\u2019histoire&#8230; Au Moyen Age mais encore aujourd\u2019hui, la notion de ville-\u00e9tape n\u2019existe pas, ce sont les voyageurs qui choisissent leur halte sur le chemin, en fonction de leur mode de locomotion et de leurs souhaits.Au Moyen Age,et suivant leurs moyens, les p\u00e8lerins optaient pour un asile de nuit, gratuit : h\u00f4tel-Dieu ou h\u00f4pital accueillant les \u00ab\u00a0pauvres passants\u00a0\u00bb, \u00e9tablissements religieux qui pratiquaient les \u0153uvres de mis\u00e9ricorde (hospitalit\u00e9) : prieur\u00e9s, abbayes, commanderies. Cependant, rares sont les liens directs entre la fonction \u00ab\u00a0hospitali\u00e8re\u00a0\u00bb et le choix de l\u2019implantation primitive de l\u2019\u00e9tablissement religieux. Si les p\u00e8lerins le pouvaient, ils allaient \u00e0 l\u2019auberge comme les autres voyageurs.Aujourd\u2019hui sur les chemins, pour vous aider \u00e0 pr\u00e9parer votre voyage, vous pouvez t\u00e9l\u00e9charger ci-dessous les Miquelots pratiques. ces listes recensent les h\u00e9bergements situ\u00e9s \u00e0 proximit\u00e9 de chaque Chemin du Mont-Saint-Michel. Ces listes sont r\u00e9alis\u00e9es par chemin, par \u00e9tape et par ordre de progression de progression sur le parcours &nbsp; Les Miquelots pratiques Malgr\u00e9 les mises \u00e0 jour r\u00e9guli\u00e8res, il se peut que certains renseignements soient erron\u00e9s. Nous vous conseillons donc vivement de r\u00e9server suffisamment \u00e0 l\u2019avance vos h\u00e9bergements afin de v\u00e9rifier les informations donn\u00e9es dans les [&hellip;]<\/p>\n","protected":false},"author":5,"featured_media":0,"parent":0,"menu_order":0,"comment_status":"closed","ping_status":"closed","template":"","meta":{"_et_pb_use_builder":"on","_et_pb_old_content":"","_et_gb_content_width":"","footnotes":""},"class_list":["post-1617","page","type-page","status-publish","hentry"],"_links":{"self":[{"href":"https:\/\/lescheminsdumontsaintmichel.com\/es\/wp-json\/wp\/v2\/pages\/1617","targetHints":{"allow":["GET"]}}],"collection":[{"href":"https:\/\/lescheminsdumontsaintmichel.com\/es\/wp-json\/wp\/v2\/pages"}],"about":[{"href":"https:\/\/lescheminsdumontsaintmichel.com\/es\/wp-json\/wp\/v2\/types\/page"}],"author":[{"embeddable":true,"href":"https:\/\/lescheminsdumontsaintmichel.com\/es\/wp-json\/wp\/v2\/users\/5"}],"replies":[{"embeddable":true,"href":"https:\/\/lescheminsdumontsaintmichel.com\/es\/wp-json\/wp\/v2\/comments?post=1617"}],"version-history":[{"count":38,"href":"https:\/\/lescheminsdumontsaintmichel.com\/es\/wp-json\/wp\/v2\/pages\/1617\/revisions"}],"predecessor-version":[{"id":2869,"href":"https:\/\/lescheminsdumontsaintmichel.com\/es\/wp-json\/wp\/v2\/pages\/1617\/revisions\/2869"}],"wp:attachment":[{"href":"https:\/\/lescheminsdumontsaintmichel.com\/es\/wp-json\/wp\/v2\/media?parent=1617"}],"curies":[{"name":"wp","href":"https:\/\/api.w.org\/{rel}","templated":true}]}}