{"id":610,"date":"2024-07-18T11:33:11","date_gmt":"2024-07-18T09:33:11","guid":{"rendered":"http:\/\/lescheminsdumontsaintmichel.com\/?page_id=610"},"modified":"2025-07-19T19:00:47","modified_gmt":"2025-07-19T17:00:47","slug":"mentions-legales","status":"publish","type":"page","link":"https:\/\/lescheminsdumontsaintmichel.com\/en\/mentions-legales\/","title":{"rendered":"Legal information"},"content":{"rendered":"<p>[et_pb_section fb_built=\u00a0\u00bb1&Prime; _builder_version=\u00a0\u00bb4.27.0&Prime; _module_preset=\u00a0\u00bbdefault\u00a0\u00bb global_colors_info=\u00a0\u00bb{}\u00a0\u00bb][et_pb_row _builder_version=\u00a0\u00bb4.27.0&Prime; _module_preset=\u00a0\u00bbdefault\u00a0\u00bb global_module=\u00a0\u00bb590&Prime; global_colors_info=\u00a0\u00bb{}\u00a0\u00bb][et_pb_column type=\u00a0\u00bb4_4&Prime; _builder_version=\u00a0\u00bb4.27.0&Prime; _module_preset=\u00a0\u00bbdefault\u00a0\u00bb global_colors_info=\u00a0\u00bb{}\u00a0\u00bb][et_pb_text _builder_version=\u00a0\u00bb4.27.4&Prime; _dynamic_attributes=\u00a0\u00bbcontent\u00a0\u00bb _module_preset=\u00a0\u00bbdefault\u00a0\u00bb global_colors_info=\u00a0\u00bb{}\u00a0\u00bb]@ET-DC@eyJkeW5hbWljIjp0cnVlLCJjb250ZW50IjoicG9zdF90aXRsZSIsInNldHRpbmdzIjp7ImJlZm9yZSI6IjxoMT4iLCJhZnRlciI6IjwvaDE+In19@[\/et_pb_text][\/et_pb_column][\/et_pb_row][et_pb_row _builder_version=\u00a0\u00bb4.27.0&Prime; _module_preset=\u00a0\u00bbdefault\u00a0\u00bb custom_padding=\u00a0\u00bb3px|||||\u00a0\u00bb global_colors_info=\u00a0\u00bb{}\u00a0\u00bb][et_pb_column type=\u00a0\u00bb4_4&Prime; _builder_version=\u00a0\u00bb4.27.0&Prime; _module_preset=\u00a0\u00bbdefault\u00a0\u00bb global_colors_info=\u00a0\u00bb{}\u00a0\u00bb][et_pb_text _builder_version=\u00a0\u00bb4.27.0&Prime; _module_preset=\u00a0\u00bbdefault\u00a0\u00bb custom_margin=\u00a0\u00bb-10px|||||\u00a0\u00bb global_colors_info=\u00a0\u00bb{}\u00a0\u00bb]<\/p>\n<p>Le pr\u00e9sent site est la propri\u00e9t\u00e9 de l\u2019Association \u00ab Les Chemins du Mont-Saint- Michel \u00bb, association r\u00e9gie par la loi de 1901, n\u00b0 SIRET 41913302000018 dont le si\u00e8ge social est situ\u00e9 Abbaye aux Dames, Place Reine Mathilde, BP 523, 14035 CAEN cedex.<\/p>\n<p>courriel : chemins-st-michel@wanadoo.fr<\/p>\n<p>Avertissement<\/p>\n<p>Pour des raisons de maintenance, apporter des am\u00e9liorations, ou effectuer des modifications, l\u2019Association \u00ab Les Chemins du Mont-Saint-Michel \u00bb peut, \u00e0 tout moment, interrompre temporairement ou de fa\u00e7on permanente, l\u2019acc\u00e8s au site.<\/p>\n<p>Toutes les informations propos\u00e9es sur ce site sont non contractuelles et sans engagement. Il vous appartient donc d\u2019en v\u00e9rifier l\u2019exactitude.<br \/>L\u2019Association \u00ab Les Chemins du Mont-Saint-Michel \u00bb ne pourra \u00eatre tenue responsable de pr\u00e9judices directs ou indirects, mat\u00e9riels ou moraux d\u00e9coulant de l\u2019utilisation de ce site et des informations qui y sont propos\u00e9es.<\/p>\n<p>Liens hypertextes<\/p>\n<p>L\u2019Association \u00ab Les Chemins du Mont-Saint-Michel \u00bb ne pourra en aucun cas \u00eatre tenue responsable du contenu des sites tiers vers lesquels elle propose un lien ; ces derniers \u00e9tant totalement ind\u00e9pendants.<\/p>\n<p>Nul ne peut mettre en place un lien hypertexte en direction de ce site sans l\u2019autorisation de l\u2019Association \u00ab Les Chemins du Mont-Saint-Michel \u00bb<\/p>\n<p>Langues \u00e9trang\u00e8res<\/p>\n<p>En cas de diff\u00e9rences d\u2019informations entre la version fran\u00e7aise et la version anglaise de ce site, la version fran\u00e7aise pr\u00e9vaut en toutes circonstances.<\/p>\n<p>Propri\u00e9t\u00e9 intellectuelle \/ Copyright<\/p>\n<p>L\u2019ensemble des \u00e9l\u00e9ments \u00e9dit\u00e9s sur ce site : textes, photos, images, logos, marques, cartes, documents t\u00e9l\u00e9chargeables,&#8230; sont la propri\u00e9t\u00e9 de l\u2019Association \u00ab Les Chemins du Mont-Saint-Michel \u00bb et sont prot\u00e9g\u00e9s par les lois en vigueur sur les marques et par les dispositions du code de la propri\u00e9t\u00e9 intellectuelle. Par cons\u00e9quent, aucun de ces \u00e9l\u00e9ments ne peut \u00eatre copi\u00e9, reproduit, modifi\u00e9, distribu\u00e9 de quelque fa\u00e7on que ce soit sans l\u2019autorisation pr\u00e9alable expresse de l\u2019Association \u00ab Les Chemins du Mont-Saint-Michel \u00bb.<br \/>Seule la copie \u00e0 usage priv\u00e9 est autoris\u00e9e pour votre usage personnel, priv\u00e9 et non-commercial.<\/p>\n<p>Chemins du Mont-Saint-Michel et Chemins de saint Michel, sont des marques d\u00e9pos\u00e9es, ainsi que le logo de l\u2019association, le logo de balisage et les marques de couleur bleu cyan. Nul ne peut les utiliser sans l\u2019autorisation de l\u2019association \u00ab Les Chemins du Mont-Saint-Michel \u00bb.<\/p>\n<p>Les cartes reproduites sur ce site sont des cr\u00e9ations sp\u00e9cialement r\u00e9alis\u00e9es \u00e0 cette fin ou extraites des guides \u00e9dit\u00e9s par l\u2019association. Leur reproduction est interdite sans autorisation expresse de l\u2019association \u00ab Les Chemins du Mont-Saint-Michel \u00bb.<\/p>\n<p>Les textes de ce site ont \u00e9t\u00e9 r\u00e9dig\u00e9s par l\u2019Association \u00ab Les Chemins du Mont-Saint-Michel \u00bb qui en est propri\u00e9taire.<\/p>\n<p>Les photos sont de l\u2019Association \u00ab Les Chemins du Mont-Saint-Michel \u00bb ou publi\u00e9es avec l\u2019accord de leurs auteurs.<\/p>\n<p>[\/et_pb_text][et_pb_text _builder_version=\u00a0\u00bb4.27.4&Prime; _module_preset=\u00a0\u00bbdefault\u00a0\u00bb hover_enabled=\u00a0\u00bb0&Prime; global_colors_info=\u00a0\u00bb{}\u00a0\u00bb sticky_enabled=\u00a0\u00bb0&Prime;]<\/p>\n<h2>Contacter l&rsquo;association<\/h2>\n<p><strong>Adresse postale de l\u2019association pour toute correspondance<\/strong> :<br \/>Les Chemins du Mont-Saint-Michel<br \/>3, rue d\u2019Yverdon, 14210 EVRECY<br \/>mail : <a href=\"mailto:chemins-st-michel@wanadoo.fr\">chemins-st-michel@wanadoo.fr<\/a><\/p>\n<p>Adresse du si\u00e8ge social :<br \/>R\u00e9gion Normandie, Abbaye aux Dames, Place Reine Mathilde, 14035 CAEN cedex<\/p>\n<p><strong>Son Conseil d\u2019Administration<\/strong><\/p>\n<p>Ilona Hans-Collas \u2013 pr\u00e9sidente<\/p>\n<p>Pierre Bouet \u2013 vice-pr\u00e9sident<\/p>\n<p>Jacques Faisant \u2013 vice-pr\u00e9sident<\/p>\n<p>Paul Pasdeloup &#8211; tr\u00e9sorier<\/p>\n<p>Dominique Huet \u2013 secr\u00e9taire<\/p>\n<p>Guy Barr\u00e9<\/p>\n<p>B\u00e9atrice Bordeau<\/p>\n<p>Marie-France Brillon<\/p>\n<p>Anthony Grouard<\/p>\n<p>Stanislas Grzybowski<\/p>\n<p>Beno\u00eet Levillain<\/p>\n<p>Jean-Luc Parel<\/p>\n<p>Evelyne de Saint-L\u00e9ger<\/p>\n<p>Eusebio Valdecase<br \/>&#8211;<br \/><strong>Son permanent<\/strong><\/p>\n<p>Vincent Juhel, directeur<\/p>\n<p>[\/et_pb_text][et_pb_text _builder_version=\u00a0\u00bb4.22.1&Prime; _module_preset=\u00a0\u00bbdefault\u00a0\u00bb global_colors_info=\u00a0\u00bb{}\u00a0\u00bb]<\/p>\n<h2>H\u00e9bergement<\/h2>\n<p>Ce site web est h\u00e9berg\u00e9 par<span>\u00a0<\/span><strong>Infomaniak<\/strong><span>\u00a0<\/span>afin d\u2019encourager l\u2019usage des \u00e9nergies renouvelables.\u00a0<\/p>\n<p><strong>INFOMANIAK NETWORK SA<\/strong><br \/>26, Avenue de la Praille \u2013 1227 Carouge \/ Gen\u00e8ve \u2013 SUISSE<br \/>T\u00e9l. : +41 22 820 35 44<br \/>Fax : +41 22 301 67 69<br \/>Email : contact@infomaniak.ch<br \/>Site internet :<span>\u00a0<a href=\"http:\/\/www.infomaniak.ch\/\" target=\"_blank\" rel=\"noopener\">www.infomaniak.ch<\/a><\/span><\/p>\n<p>[\/et_pb_text][\/et_pb_column][\/et_pb_row][\/et_pb_section]<\/p>\n","protected":false},"excerpt":{"rendered":"<p>Le pr\u00e9sent site est la propri\u00e9t\u00e9 de l\u2019Association \u00ab Les Chemins du Mont-Saint- Michel \u00bb, association r\u00e9gie par la loi de 1901, n\u00b0 SIRET 41913302000018 dont le si\u00e8ge social est situ\u00e9 Abbaye aux Dames, Place Reine Mathilde, BP 523, 14035 CAEN cedex. courriel : chemins-st-michel@wanadoo.fr Avertissement Pour des raisons de maintenance, apporter des am\u00e9liorations, ou effectuer des modifications, l\u2019Association \u00ab Les Chemins du Mont-Saint-Michel \u00bb peut, \u00e0 tout moment, interrompre temporairement ou de fa\u00e7on permanente, l\u2019acc\u00e8s au site. Toutes les informations propos\u00e9es sur ce site sont non contractuelles et sans engagement. Il vous appartient donc d\u2019en v\u00e9rifier l\u2019exactitude.L\u2019Association \u00ab Les Chemins du Mont-Saint-Michel \u00bb ne pourra \u00eatre tenue responsable de pr\u00e9judices directs ou indirects, mat\u00e9riels ou moraux d\u00e9coulant de l\u2019utilisation de ce site et des informations qui y sont propos\u00e9es. Liens hypertextes L\u2019Association \u00ab Les Chemins du Mont-Saint-Michel \u00bb ne pourra en aucun cas \u00eatre tenue responsable du contenu des sites tiers vers lesquels elle propose un lien ; ces derniers \u00e9tant totalement ind\u00e9pendants. Nul ne peut mettre en place un lien hypertexte en direction de ce site sans l\u2019autorisation de l\u2019Association \u00ab Les Chemins du Mont-Saint-Michel \u00bb Langues \u00e9trang\u00e8res En cas de diff\u00e9rences d\u2019informations entre la version fran\u00e7aise et [&hellip;]<\/p>\n","protected":false},"author":5,"featured_media":0,"parent":0,"menu_order":0,"comment_status":"closed","ping_status":"closed","template":"","meta":{"_et_pb_use_builder":"on","_et_pb_old_content":"","_et_gb_content_width":"","footnotes":""},"class_list":["post-610","page","type-page","status-publish","hentry"],"_links":{"self":[{"href":"https:\/\/lescheminsdumontsaintmichel.com\/en\/wp-json\/wp\/v2\/pages\/610","targetHints":{"allow":["GET"]}}],"collection":[{"href":"https:\/\/lescheminsdumontsaintmichel.com\/en\/wp-json\/wp\/v2\/pages"}],"about":[{"href":"https:\/\/lescheminsdumontsaintmichel.com\/en\/wp-json\/wp\/v2\/types\/page"}],"author":[{"embeddable":true,"href":"https:\/\/lescheminsdumontsaintmichel.com\/en\/wp-json\/wp\/v2\/users\/5"}],"replies":[{"embeddable":true,"href":"https:\/\/lescheminsdumontsaintmichel.com\/en\/wp-json\/wp\/v2\/comments?post=610"}],"version-history":[{"count":6,"href":"https:\/\/lescheminsdumontsaintmichel.com\/en\/wp-json\/wp\/v2\/pages\/610\/revisions"}],"predecessor-version":[{"id":2365,"href":"https:\/\/lescheminsdumontsaintmichel.com\/en\/wp-json\/wp\/v2\/pages\/610\/revisions\/2365"}],"wp:attachment":[{"href":"https:\/\/lescheminsdumontsaintmichel.com\/en\/wp-json\/wp\/v2\/media?parent=610"}],"curies":[{"name":"wp","href":"https:\/\/api.w.org\/{rel}","templated":true}]}}