{"id":1793,"date":"2024-10-14T17:41:30","date_gmt":"2024-10-14T15:41:30","guid":{"rendered":"http:\/\/lescheminsdumontsaintmichel.com\/?page_id=1793"},"modified":"2025-11-15T15:51:23","modified_gmt":"2025-11-15T14:51:23","slug":"chemin-du-monte-gargano","status":"publish","type":"page","link":"https:\/\/lescheminsdumontsaintmichel.com\/en\/les-chemins\/chemin-du-monte-gargano\/","title":{"rendered":"Monte Gargano trail"},"content":{"rendered":"<p>[et_pb_section fb_built=\u00a0\u00bb1&Prime; _builder_version=\u00a0\u00bb4.27.2&Prime; _module_preset=\u00a0\u00bbdefault\u00a0\u00bb background_color=\u00a0\u00bb#D6D4C8&Prime; custom_padding=\u00a0\u00bb4px||1px|||\u00a0\u00bb global_colors_info=\u00a0\u00bb{}\u00a0\u00bb][et_pb_row _builder_version=\u00a0\u00bb4.27.2&Prime; _module_preset=\u00a0\u00bbdefault\u00a0\u00bb global_colors_info=\u00a0\u00bb{}\u00a0\u00bb][et_pb_column type=\u00a0\u00bb4_4&Prime; _builder_version=\u00a0\u00bb4.27.2&Prime; _module_preset=\u00a0\u00bbdefault\u00a0\u00bb global_colors_info=\u00a0\u00bb{}\u00a0\u00bb][et_pb_image src=\u00a0\u00bb@ET-DC@eyJkeW5hbWljIjp0cnVlLCJjb250ZW50IjoicG9zdF9mZWF0dXJlZF9pbWFnZSIsInNldHRpbmdzIjp7fX0=@\u00a0\u00bb align=\u00a0\u00bbcenter\u00a0\u00bb _builder_version=\u00a0\u00bb4.27.2&Prime; _dynamic_attributes=\u00a0\u00bbsrc\u00a0\u00bb _module_preset=\u00a0\u00bbdefault\u00a0\u00bb module_alignment=\u00a0\u00bbcenter\u00a0\u00bb border_radii=\u00a0\u00bbon|5px|5px|5px|5px\u00a0\u00bb global_colors_info=\u00a0\u00bb{}\u00a0\u00bb][\/et_pb_image][et_pb_post_title meta=\u00a0\u00bboff\u00a0\u00bb featured_image=\u00a0\u00bboff\u00a0\u00bb _builder_version=\u00a0\u00bb4.27.2&Prime; _module_preset=\u00a0\u00bbdefault\u00a0\u00bb title_font=\u00a0\u00bb|800||on|||||\u00a0\u00bb title_text_align=\u00a0\u00bbcenter\u00a0\u00bb global_colors_info=\u00a0\u00bb{}\u00a0\u00bb][\/et_pb_post_title][\/et_pb_column][\/et_pb_row][\/et_pb_section][et_pb_section fb_built=\u00a0\u00bb1&Prime; _builder_version=\u00a0\u00bb4.27.2&Prime; _module_preset=\u00a0\u00bbdefault\u00a0\u00bb global_colors_info=\u00a0\u00bb{}\u00a0\u00bb][et_pb_row _builder_version=\u00a0\u00bb4.27.4&Prime; _module_preset=\u00a0\u00bbdefault\u00a0\u00bb global_colors_info=\u00a0\u00bb{}\u00a0\u00bb][et_pb_column type=\u00a0\u00bb4_4&Prime; _builder_version=\u00a0\u00bb4.27.2&Prime; _module_preset=\u00a0\u00bbdefault\u00a0\u00bb global_colors_info=\u00a0\u00bb{}\u00a0\u00bb][et_pb_text _builder_version=\u00a0\u00bb4.27.4&Prime; _module_preset=\u00a0\u00bbdefault\u00a0\u00bb global_colors_info=\u00a0\u00bb{}\u00a0\u00bb]<\/p>\n<h2 class=\"soustitre\">Du Mont-Cenis au Mont-Saint-Michel (1.253 km)<\/h2>\n<div class=\"lacarte\">\n<p>Venant du Monte Gargano par Rome et la Sacra di San Michele en Val de Suse, le miquelot parvient au Mont Cenis, point de passage entre la France et l\u2019Italie depuis l\u2019\u00e9poque carolingienne (1.393 km depuis Monte Sant\u2019Angelo). Il ne reste plus que 1.253 km pour rejoindre le Mont.<br class=\"autobr\" \/>Le marcheur pourra suivre le parcours propos\u00e9 par l\u2019association \u00ab\u00a0Les Chemins de saint Michel en Savoie\u00a0\u00bb<span>\u00a0<\/span><a href=\"https:\/\/www.calculitineraires.fr\/index.php?id=589082#map\" class=\"spip_out\" rel=\"external noopener\" target=\"_blank\">de Murs-G\u00e9ligneux au Mont-Cenis<\/a><span>\u00a0<\/span>(227,6 km)<br class=\"autobr\" \/>Une fois \u00e0 Chamb\u00e9ry, on prend la direction de Lyon, capitale des Gaules et point de passage incontournable, par un itin\u00e9raire d\u00e9fini en 2020 avec les Amis de Saint-Jacques en Rh\u00f4ne-Alpes pour les 4 \u00e9tapes de Saint-Genyx \u00e0 Lyon.<\/p>\n<p>De Lyon \u00e0 Orl\u00e9ans (474 km), le parcours a \u00e9t\u00e9 \u00e9tabli, reconnu et d\u00e9crit par deux miquelots au nom des \u00ab\u00a0Chemins du Mont\u00a0\u00bb et achev\u00e9 \u00e0 l\u2019automne 2020. Il retrouve la vall\u00e9e de la Loire jusqu\u2019\u00e0 Orl\u00e9ans et le <a href=\"https:\/\/lescheminsdumontsaintmichel.com\/les-chemins\/chemin-dorleans-chartres\/\">Grand Chemin de Chartres au Mont<\/a><\/p>\n<hr class=\"spip\" \/>\n<p><strong>LES ETAPES<\/strong><\/p>\n<p><img loading=\"lazy\" decoding=\"async\" src=\"https:\/\/www.lescheminsdumontsaintmichel.com\/spip\/squelettes-dist\/puce.gif\" width=\"8\" height=\"11\" class=\"puce\" alt=\"-\" \/>\u00a0Depuis Monte Sant\u2019Angelo, on peut suivre la Via Francigena ou<span> le <\/span><a href=\"https:\/\/www.camminodisanmichele.org\/\" class=\"spip_out\" rel=\"external noopener\" target=\"_blank\">Cammino di San Michele<\/a>, qui souhaite suivre la fameuse<span>\u00a0<\/span><a href=\"https:\/\/www.google.com\/maps\/d\/u\/0\/viewer?mid=1UFvGQL-Jheh4nSvVi8TLV5lNXSzdXEw&amp;ll=43.86828572029913%2C11.129400126796382&amp;z=12\" class=\"spip_out\" rel=\"external noopener\" target=\"_blank\">linea micaelica<\/a><\/p>\n<p>Mont-Cenis\/Saint-Genix (227,9 km)<br class=\"autobr\" \/>Saint-Genix\/Morestel (22,35 km)<br class=\"autobr\" \/>Morestel\/Cr\u00e9mieu (22,4 km)<br class=\"autobr\" \/>Cr\u00e9mieu\/Jonage (30,6 km)<br class=\"autobr\" \/>Jonage\/Lyon Bellecour (25,7 km)<br class=\"autobr\" \/>Lyon Bellecour\/Charbonni\u00e8res-les-Bains (9,8 km)<br class=\"autobr\" \/>Charbonni\u00e8res-les-Bains\/L\u2019Arbresle (15,5 km)<br class=\"autobr\" \/>L\u2019Arbresle\/Tarare (via La Varenne Les Arnas Pont-Charra-sur-Turdine) (20,5 km)<br class=\"autobr\" \/>Tarare\/Amplepuis (via Les Sauvages) (19,2 km)<br class=\"autobr\" \/>Amplepuis\/Cours la Ville (via Thizy Pont-Trambouze) (21,8 km)<br class=\"autobr\" \/>Cours la Ville\/Charlieu (via La Cergne, Arcinges) (20,8 km)<br class=\"autobr\" \/>Charlieu\/Marcilly (21,1 km) (voie verte)<br class=\"autobr\" \/>Marcilly\/Paray-le-Monial (27,7 km) (voie verte)<br class=\"autobr\" \/>Paray-le-Monial\/Pierrefitte-sur-Loire (27,7 km) (voie verte)<br class=\"autobr\" \/>Pierrefitte-sur-Loire\/Bourbon-Lancy (15,3 km) (voie verte)<br class=\"autobr\" \/>Bourbon-Lancy\/Cronat (16,8 km)<br class=\"autobr\" \/>Cronat\/Charrin (14,4 km)<br class=\"autobr\" \/>Charrin\/Decize (16,9 km)<br class=\"autobr\" \/>Decize\/Chevenon (27,6 km)<br class=\"autobr\" \/>Chevenon\/Nevers (11,9 km)<br class=\"autobr\" \/>Nevers\/La Charit\u00e9-sur-Loir (29,4 km)<br class=\"autobr\" \/>Saint-Satur\/La Charit\u00e9-sur-Loire (27,4 km)<br class=\"autobr\" \/>Belleville-sur-Loire\/Saint-Satur (24,7 km)<br class=\"autobr\" \/>Belleville-sur-Loire\/Briare (19,3 km)<br class=\"autobr\" \/>Briare\/Gien (12,1 km)<br class=\"autobr\" \/>Gien\/Sully-sur-Loire (25,2 km)<br class=\"autobr\" \/>Sully-sur-Loire\/Saint-Benoit-sur-Loire (9 km)<br class=\"autobr\" \/>Saint-Benoit-sur-Loire\/Jargeau (19 km)<br class=\"autobr\" \/>Jargeau\/Orl\u00e9ans (22,4 km)<\/p>\n<p>je t\u00e9l\u00e9charge le <a href=\"http:\/\/lescheminsdumontsaintmichel.com\/wp-content\/uploads\/2024\/10\/Pas-a-Pas-Orlean-Lyon.pdf\" rel=\"attachment wp-att-1834\">Pas \u00e0 Pas de Lyon<\/a> \u00e0 Orl\u00e9ans (24 \u00e9tapes)<\/p>\n<p><img loading=\"lazy\" decoding=\"async\" src=\"https:\/\/lescheminsdumontsaintmichel.com\/wp-content\/uploads\/2025\/07\/cl-Compostelle-45-rotated.jpg\" width=\"800\" height=\"600\" alt=\"Chemin en Beauce\" class=\"wp-image-2378 aligncenter size-full\" srcset=\"https:\/\/lescheminsdumontsaintmichel.com\/wp-content\/uploads\/2025\/07\/cl-Compostelle-45-rotated.jpg 800w, https:\/\/lescheminsdumontsaintmichel.com\/wp-content\/uploads\/2025\/07\/cl-Compostelle-45-480x360.jpg 480w\" sizes=\"(min-width: 0px) and (max-width: 480px) 480px, (min-width: 481px) 800px, 100vw\" \/><\/p>\n<p><strong>D\u2019Orl\u00e9ans \u00e0 Chartres,<\/strong> le chemin suit le trac\u00e9 d\u00e9fini par les associations Compostelle 28 et Compostelle 45 en 4 \u00e9tapes (81 km), balis\u00e9 vers le Mont avec le logo de l\u2019Association<br class=\"autobr\" \/>Orl\u00e9ans\/Sougy (20,5 km)<br class=\"autobr\" \/>Sougy\/Org\u00e8res-enBeauce (17 km)<br class=\"autobr\" \/>Org\u00e8res-en-Beauce\/Voves (13 km)<br class=\"autobr\" \/>Chartres\/Voves (28,5 km)<\/p>\n<p>Une<span>\u00a0<\/span><a href=\"https:\/\/videas.fr\/share\/e76febba-e20c-4f6d-a9c7-7ce86cb4a33e\/\" class=\"spip_out\" rel=\"external noopener\" target=\"_blank\"><strong>vid\u00e9o<\/strong>, r\u00e9alis\u00e9e par Compostelle 28, permet de d\u00e9couvrir cet itin\u00e9raire bi-mill\u00e9naire<\/a><span>\u00a0<\/span>qui ouvre la porte du Mont aux p\u00e8lerins italiens<\/p>\n<p>On suit ainsi <span>\u00a0<\/span><a href=\"https:\/\/www.lescheminsdumontsaintmichel.com\/spip\/spip.php?article59\" class=\"spip_in\">\u00ab\u00a0Grand Chemin de Chartres au Mont-Saint-Michel au d\u00e9part d&rsquo;Orl\u00e9ans\u00a0\u00bb<\/a><span>\u00a0<\/span>(455 km)<\/p>\n<p>&nbsp;<\/p>\n<\/div>\n<p>[\/et_pb_text][\/et_pb_column][\/et_pb_row][\/et_pb_section][et_pb_section fb_built=\u00a0\u00bb1&Prime; _builder_version=\u00a0\u00bb4.27.2&Prime; _module_preset=\u00a0\u00bbdefault\u00a0\u00bb global_colors_info=\u00a0\u00bb{}\u00a0\u00bb][et_pb_row _builder_version=\u00a0\u00bb4.27.2&Prime; _module_preset=\u00a0\u00bbdefault\u00a0\u00bb global_colors_info=\u00a0\u00bb{}\u00a0\u00bb][et_pb_column type=\u00a0\u00bb4_4&Prime; _builder_version=\u00a0\u00bb4.27.2&Prime; _module_preset=\u00a0\u00bbdefault\u00a0\u00bb global_colors_info=\u00a0\u00bb{}\u00a0\u00bb][et_pb_text _builder_version=\u00a0\u00bb4.27.2&Prime; _module_preset=\u00a0\u00bbdefault\u00a0\u00bb global_colors_info=\u00a0\u00bb{}\u00a0\u00bb]<\/p>\n<p><strong>FICHIERS GPX, ETAPE PAR ETAPE, A TELECHARGER POUR GPS<\/strong><br class=\"autobr\" \/><i>Ces trac\u00e9s sont donn\u00e9s \u00e0 titre indicatif et ne sauraient \u00eatre aussi pr\u00e9cis que les textes topographiques accompagn\u00e9s des cartes au 1:50 000 propos\u00e9s dans le guide publi\u00e9 par l\u2019Association<\/i><\/p>\n<p>[\/et_pb_text][et_pb_button button_url=\u00a0\u00bbhttps:\/\/drive.google.com\/drive\/folders\/1e6jf_gT-237hY6dy78-BcM8fyTT64wgt?usp=sharing\u00a0\u00bb url_new_window=\u00a0\u00bbon\u00a0\u00bb button_text=\u00a0\u00bbT\u00e9l\u00e9charger les GPX\u00a0\u00bb button_alignment=\u00a0\u00bbleft\u00a0\u00bb _builder_version=\u00a0\u00bb4.27.2&Prime; _module_preset=\u00a0\u00bbdefault\u00a0\u00bb global_colors_info=\u00a0\u00bb{}\u00a0\u00bb][\/et_pb_button][et_pb_image src=\u00a0\u00bbhttps:\/\/lescheminsdumontsaintmichel.com\/wp-content\/uploads\/2025\/07\/20240322_093621-1024&#215;768.jpg\u00a0\u00bb alt=\u00a0\u00bbLyon\u00a0\u00bb _builder_version=\u00a0\u00bb4.27.4&Prime; _module_preset=\u00a0\u00bbdefault\u00a0\u00bb global_colors_info=\u00a0\u00bb{}\u00a0\u00bb][\/et_pb_image][\/et_pb_column][\/et_pb_row][\/et_pb_section][et_pb_section fb_built=\u00a0\u00bb1&Prime; _builder_version=\u00a0\u00bb4.27.4&Prime; _module_preset=\u00a0\u00bbdefault\u00a0\u00bb global_colors_info=\u00a0\u00bb{}\u00a0\u00bb][et_pb_row _builder_version=\u00a0\u00bb4.27.4&Prime; _module_preset=\u00a0\u00bbdefault\u00a0\u00bb global_colors_info=\u00a0\u00bb{}\u00a0\u00bb][et_pb_column type=\u00a0\u00bb4_4&Prime; _builder_version=\u00a0\u00bb4.27.4&Prime; _module_preset=\u00a0\u00bbdefault\u00a0\u00bb global_colors_info=\u00a0\u00bb{}\u00a0\u00bb][et_pb_text _builder_version=\u00a0\u00bb4.27.4&Prime; _module_preset=\u00a0\u00bbdefault\u00a0\u00bb global_colors_info=\u00a0\u00bb{}\u00a0\u00bb]<\/p>\n<h1><strong>VARIANTE VELO DE LYON AU MONT-SAINT-MICHEL<\/strong><\/h1>\n<p>&nbsp;<\/p>\n<p>&nbsp;<\/p>\n<p>Du Mont Cenis \u00e0 Lyon, piste cyclable du Mont Cenis puis V\u00e9loRoute du Rh\u00f4ne (EuroVelo 17) jusqu\u2019\u00e0 Lyon,<\/p>\n<p>Au-del\u00e0 de Lyon, cinq \u00e9tapes ont \u00e9t\u00e9 d\u00e9finies et d\u00e9crites le plus proches possibles du trac\u00e9 p\u00e9destre, de Lyon \u00e0 Charlieu, avant de rejoindre l&rsquo;Eurovelo 6\u00a0 de Paray-leMonail \u00e0 Nevers, puis la \u00ab\u00a0Loire \u00e0 v\u00e9lo\u00a0\u00bb jusqu&rsquo;\u00e0 Orl\u00e9ans, avant deux \u00e9tapes \u00e0 travers la Beauce, d\u2019Orl\u00e9ans \u00e0 Chartres (d\u00e9crites dans le guide papier du Chemin d\u2019Orl\u00e9ans Chartres) et disponibles ci-dessous, pour rejoindre la V\u00e9losc\u00e9nie et gagner le Mont-Saint-Michel<\/p>\n<p><a href=\"https:\/\/lescheminsdumontsaintmichel.com\/wp-content\/uploads\/2025\/07\/Variante-velo-de-Lyon-au-Mont.pdf\" rel=\"attachment wp-att-2368\">Variante v\u00e9lo de Lyon au Mont<\/a> par Charlieu, Nevers et Orl\u00e9ans<\/p>\n<p>fichier <a href=\"https:\/\/lescheminsdumontsaintmichel.com\/wp-content\/uploads\/2025\/07\/Trace-Velo-de-Lyon-a-Charlieu.gpx\" rel=\"attachment wp-att-2369\">gpx velo de Lyon a Charlieu<\/a><\/p>\n<p>Fichier <a href=\"https:\/\/lescheminsdumontsaintmichel.com\/wp-content\/uploads\/2025\/07\/Orleans-Chartres-Velo.gpx\" rel=\"attachment wp-att-2370\">gpx velo Orleans &#8211; Chartres<\/a><\/p>\n<p>[\/et_pb_text][\/et_pb_column][\/et_pb_row][\/et_pb_section][et_pb_section fb_built=\u00a0\u00bb1&Prime; _builder_version=\u00a0\u00bb4.27.4&Prime; _module_preset=\u00a0\u00bbdefault\u00a0\u00bb global_colors_info=\u00a0\u00bb{}\u00a0\u00bb][et_pb_row _builder_version=\u00a0\u00bb4.27.4&Prime; _module_preset=\u00a0\u00bbdefault\u00a0\u00bb global_colors_info=\u00a0\u00bb{}\u00a0\u00bb][et_pb_column type=\u00a0\u00bb4_4&Prime; _builder_version=\u00a0\u00bb4.27.4&Prime; _module_preset=\u00a0\u00bbdefault\u00a0\u00bb global_colors_info=\u00a0\u00bb{}\u00a0\u00bb][et_pb_text _builder_version=\u00a0\u00bb4.27.4&Prime; _module_preset=\u00a0\u00bbdefault\u00a0\u00bb global_colors_info=\u00a0\u00bb{}\u00a0\u00bb]<\/p>\n<h1>DU MONTE GARGANO AU MONT CENIS<\/h1>\n<p style=\"text-align: center;\"><img loading=\"lazy\" decoding=\"async\" src=\"https:\/\/lescheminsdumontsaintmichel.com\/wp-content\/uploads\/2025\/07\/P1010716-1024x768.jpg\" width=\"1024\" height=\"768\" alt=\"Monte Sant'Angelo\" class=\"wp-image-2383 size-large\" srcset=\"https:\/\/lescheminsdumontsaintmichel.com\/wp-content\/uploads\/2025\/07\/P1010716-980x735.jpg 980w, https:\/\/lescheminsdumontsaintmichel.com\/wp-content\/uploads\/2025\/07\/P1010716-480x360.jpg 480w\" sizes=\"(min-width: 0px) and (max-width: 480px) 480px, (min-width: 481px) and (max-width: 980px) 980px, (min-width: 981px) 1024px, 100vw\" \/> Monte Sant&rsquo;Angelo<\/p>\n<p>&nbsp;<\/p>\n<p>Au d\u00e9part du Monte Gargano, le \u00ab miquelot \u00bb,\u00a0 pourra remonter la <em>Via Francigena<\/em>, axe majeur hier comme aujourd\u2019hui \u00e0 travers toute la p\u00e9ninsule, entre France et Terre Sainte-Sainte par Rome, ou emprunter le <strong>Cammino di San Michele<\/strong> r\u00e9cemment restitu\u00e9, qui passe par le monast\u00e8re de Bobbio (trac\u00e9 et informations pratiques sur \u00a0<a href=\"http:\/\/www.camminodisanmichele.org\" target=\"_blank\" rel=\"noopener\">www.camminodisanmichele.org).<\/a><\/p>\n<p>La diversit\u00e9 des cheminements micha\u00e9liques en Italie est pr\u00e9sent\u00e9e avec notamment la <em>Via Micaelica<\/em> sur www.pellegrinando.it\/altri-cammini\/via-micaelica\/<\/p>\n<p>Les <em>Vie Francigene<\/em> sont aussi tr\u00e8s nombreuses en Italie, bien au-del\u00e0 du fameux itin\u00e9raire de Canterbury \u00e0 Rome, aujourd\u2019hui prolong\u00e9 jusqu\u2019en Pouille vers la Terre Sainte. Voir <a href=\"http:\/\/www.viefrancigene.org\" target=\"_blank\" rel=\"noopener\">www.viefrancigene.org<\/a><\/p>\n<p>En velo, suivre l\u2019EuroVelo 5 (<em>Via Romea<\/em> ou <em>Via Francigena<\/em>)<\/p>\n<p>[\/et_pb_text][\/et_pb_column][\/et_pb_row][\/et_pb_section]<\/p>\n","protected":false},"excerpt":{"rendered":"<p>Du Mont-Cenis au Mont-Saint-Michel (1.253 km) Venant du Monte Gargano par Rome et la Sacra di San Michele en Val de Suse, le miquelot parvient au Mont Cenis, point de passage entre la France et l\u2019Italie depuis l\u2019\u00e9poque carolingienne (1.393 km depuis Monte Sant\u2019Angelo). Il ne reste plus que 1.253 km pour rejoindre le Mont.Le marcheur pourra suivre le parcours propos\u00e9 par l\u2019association \u00ab\u00a0Les Chemins de saint Michel en Savoie\u00a0\u00bb\u00a0de Murs-G\u00e9ligneux au Mont-Cenis\u00a0(227,6 km)Une fois \u00e0 Chamb\u00e9ry, on prend la direction de Lyon, capitale des Gaules et point de passage incontournable, par un itin\u00e9raire d\u00e9fini en 2020 avec les Amis de Saint-Jacques en Rh\u00f4ne-Alpes pour les 4 \u00e9tapes de Saint-Genyx \u00e0 Lyon. De Lyon \u00e0 Orl\u00e9ans (474 km), le parcours a \u00e9t\u00e9 \u00e9tabli, reconnu et d\u00e9crit par deux miquelots au nom des \u00ab\u00a0Chemins du Mont\u00a0\u00bb et achev\u00e9 \u00e0 l\u2019automne 2020. Il retrouve la vall\u00e9e de la Loire jusqu\u2019\u00e0 Orl\u00e9ans et le Grand Chemin de Chartres au Mont LES ETAPES \u00a0Depuis Monte Sant\u2019Angelo, on peut suivre la Via Francigena ou le Cammino di San Michele, qui souhaite suivre la fameuse\u00a0linea micaelica Mont-Cenis\/Saint-Genix (227,9 km)Saint-Genix\/Morestel (22,35 km)Morestel\/Cr\u00e9mieu (22,4 km)Cr\u00e9mieu\/Jonage (30,6 km)Jonage\/Lyon Bellecour (25,7 km)Lyon Bellecour\/Charbonni\u00e8res-les-Bains (9,8 km)Charbonni\u00e8res-les-Bains\/L\u2019Arbresle (15,5 km)L\u2019Arbresle\/Tarare (via La Varenne [&hellip;]<\/p>\n","protected":false},"author":5,"featured_media":1885,"parent":586,"menu_order":0,"comment_status":"closed","ping_status":"closed","template":"","meta":{"_et_pb_use_builder":"on","_et_pb_old_content":"","_et_gb_content_width":"","footnotes":""},"class_list":["post-1793","page","type-page","status-publish","has-post-thumbnail","hentry"],"_links":{"self":[{"href":"https:\/\/lescheminsdumontsaintmichel.com\/en\/wp-json\/wp\/v2\/pages\/1793","targetHints":{"allow":["GET"]}}],"collection":[{"href":"https:\/\/lescheminsdumontsaintmichel.com\/en\/wp-json\/wp\/v2\/pages"}],"about":[{"href":"https:\/\/lescheminsdumontsaintmichel.com\/en\/wp-json\/wp\/v2\/types\/page"}],"author":[{"embeddable":true,"href":"https:\/\/lescheminsdumontsaintmichel.com\/en\/wp-json\/wp\/v2\/users\/5"}],"replies":[{"embeddable":true,"href":"https:\/\/lescheminsdumontsaintmichel.com\/en\/wp-json\/wp\/v2\/comments?post=1793"}],"version-history":[{"count":15,"href":"https:\/\/lescheminsdumontsaintmichel.com\/en\/wp-json\/wp\/v2\/pages\/1793\/revisions"}],"predecessor-version":[{"id":2489,"href":"https:\/\/lescheminsdumontsaintmichel.com\/en\/wp-json\/wp\/v2\/pages\/1793\/revisions\/2489"}],"up":[{"embeddable":true,"href":"https:\/\/lescheminsdumontsaintmichel.com\/en\/wp-json\/wp\/v2\/pages\/586"}],"wp:featuredmedia":[{"embeddable":true,"href":"https:\/\/lescheminsdumontsaintmichel.com\/en\/wp-json\/wp\/v2\/media\/1885"}],"wp:attachment":[{"href":"https:\/\/lescheminsdumontsaintmichel.com\/en\/wp-json\/wp\/v2\/media?parent=1793"}],"curies":[{"name":"wp","href":"https:\/\/api.w.org\/{rel}","templated":true}]}}