{"id":1789,"date":"2024-10-14T17:38:38","date_gmt":"2024-10-14T15:38:38","guid":{"rendered":"http:\/\/lescheminsdumontsaintmichel.com\/?page_id=1789"},"modified":"2026-02-26T21:04:14","modified_gmt":"2026-02-26T20:04:14","slug":"voie-des-plantagenet","status":"publish","type":"page","link":"https:\/\/lescheminsdumontsaintmichel.com\/en\/les-chemins\/voie-des-plantagenet\/","title":{"rendered":"Plantagenet Way"},"content":{"rendered":"<p>[et_pb_section fb_built=\u00a0\u00bb1&Prime; _builder_version=\u00a0\u00bb4.27.2&Prime; _module_preset=\u00a0\u00bbdefault\u00a0\u00bb background_color=\u00a0\u00bb#D6D4C8&Prime; custom_padding=\u00a0\u00bb4px||1px|||\u00a0\u00bb global_colors_info=\u00a0\u00bb{}\u00a0\u00bb][et_pb_row _builder_version=\u00a0\u00bb4.27.2&Prime; _module_preset=\u00a0\u00bbdefault\u00a0\u00bb global_colors_info=\u00a0\u00bb{}\u00a0\u00bb][et_pb_column type=\u00a0\u00bb4_4&Prime; _builder_version=\u00a0\u00bb4.27.2&Prime; _module_preset=\u00a0\u00bbdefault\u00a0\u00bb global_colors_info=\u00a0\u00bb{}\u00a0\u00bb][et_pb_image src=\u00a0\u00bb@ET-DC@eyJkeW5hbWljIjp0cnVlLCJjb250ZW50IjoicG9zdF9mZWF0dXJlZF9pbWFnZSIsInNldHRpbmdzIjp7fX0=@\u00a0\u00bb align=\u00a0\u00bbcenter\u00a0\u00bb _builder_version=\u00a0\u00bb4.27.2&Prime; _dynamic_attributes=\u00a0\u00bbsrc\u00a0\u00bb _module_preset=\u00a0\u00bbdefault\u00a0\u00bb module_alignment=\u00a0\u00bbcenter\u00a0\u00bb border_radii=\u00a0\u00bbon|5px|5px|5px|5px\u00a0\u00bb global_colors_info=\u00a0\u00bb{}\u00a0\u00bb][\/et_pb_image][et_pb_post_title meta=\u00a0\u00bboff\u00a0\u00bb featured_image=\u00a0\u00bboff\u00a0\u00bb _builder_version=\u00a0\u00bb4.27.2&Prime; _module_preset=\u00a0\u00bbdefault\u00a0\u00bb title_font=\u00a0\u00bb|800||on|||||\u00a0\u00bb title_text_align=\u00a0\u00bbcenter\u00a0\u00bb global_colors_info=\u00a0\u00bb{}\u00a0\u00bb][\/et_pb_post_title][\/et_pb_column][\/et_pb_row][\/et_pb_section][et_pb_section fb_built=\u00a0\u00bb1&Prime; _builder_version=\u00a0\u00bb4.27.2&Prime; _module_preset=\u00a0\u00bbdefault\u00a0\u00bb global_colors_info=\u00a0\u00bb{}\u00a0\u00bb][et_pb_row _builder_version=\u00a0\u00bb4.27.2&Prime; _module_preset=\u00a0\u00bbdefault\u00a0\u00bb custom_margin=\u00a0\u00bb4px|auto||auto||\u00a0\u00bb hover_enabled=\u00a0\u00bb0&Prime; global_colors_info=\u00a0\u00bb{}\u00a0\u00bb sticky_enabled=\u00a0\u00bb0&Prime;][et_pb_column type=\u00a0\u00bb4_4&Prime; _builder_version=\u00a0\u00bb4.27.2&Prime; _module_preset=\u00a0\u00bbdefault\u00a0\u00bb global_colors_info=\u00a0\u00bb{}\u00a0\u00bb][et_pb_text _builder_version=\u00a0\u00bb4.27.5&Prime; _module_preset=\u00a0\u00bbdefault\u00a0\u00bb hover_enabled=\u00a0\u00bb0&Prime; global_colors_info=\u00a0\u00bb{}\u00a0\u00bb sticky_enabled=\u00a0\u00bb0&Prime;]<\/p>\n<h2 class=\"soustitre\">\u00a0Voie des Plantagen\u00eat, \u00ab\u00a0Chemin partag\u00e9\u00a0\u00bb de Compostelle et du Mont<\/h2>\n<p>&nbsp;<\/p>\n<div class=\"lacarte\">\n<p><i>Les Chemins du Mont-Saint-Michel<\/i>, itin\u00e9raires culturels europ\u00e9ens, participent activement depuis leur fondation en 1998 \u00e0 la construction d\u2019un r\u00e9seau d\u2019\u00e9changes culturels \u00e0 l\u2019\u00e9chelle europ\u00e9enne. Hier comme aujourd\u2019hui les Chemins du Mont et de Compostelle constituent un r\u00e9seau d\u2019itin\u00e9raires europ\u00e9ens, en partie communs, permettant d\u2019aller d\u2019un sanctuaire \u00e0 l\u2019autre dans le cadre de leur itin\u00e9rance au long cours, gr\u00e2ce aux \u00ab\u00a0chemins partag\u00e9s\u00a0\u00bb<br class=\"autobr\" \/>Le Mont-Saint-Michel, lieu de rassemblement et de d\u00e9part des jacquets, lieu d\u2019arriv\u00e9e des miquelots, est avec Compostelle l\u2019un des sanctuaires majeurs de p\u00e8lerinage et de convergence de l\u2019itin\u00e9rance en Europe. L\u2019archange et l\u2019ap\u00f4tre. La Manche et l\u2019Atlantique, la baie d\u2019entre Normandie et Bretagne et le lointain cap de Galice. Tous ces \u00e9l\u00e9ments t\u00e9moignent des liens contemporains en plein d\u00e9veloppement entre ces deux sites, inscrits au patrimoine mondial de l\u2019Unesco au titre des Chemins de Saint-Jacques (bien s\u00e9riel 868).<\/p>\n<p>Il existe actuellement trois itin\u00e9raires permettant de relier ces deux grands sanctuaires de p\u00e8lerinage. Ces trois itin\u00e9raires rejoignent la voie de Tours et le chemin de Compostelle, qui est balis\u00e9 et d\u00e9crit dans de nombreux guides. Il s\u2019agit de la <a href=\"https:\/\/lescheminsdumontsaintmichel.com\/les-chemins\/chemin-de-latlantique\/\" target=\"_blank\" rel=\"noopener\">\u00ab\u00a0Voie des Capitales\u00a0\u00bb<\/a> (ou Chemin de Clisson), de la Voie des Plantagen\u00eat et du<span> \u00ab\u00a0<\/span><a href=\"https:\/\/lescheminsdumontsaintmichel.com\/les-chemins\/chemin-de-tours\/\" class=\"spip_in\">Grand Chemin Montois<\/a> ou \u00ab\u00a0Chemin de Tours\u00a0\u00bb. <strong>Gr\u00e2ce aux partenariats avec les associations jacquaires de Bretagne, d\u2019Anjou, du Maine et de Touraine, ces chemins partag\u00e9s sont balis\u00e9s dans les deux sens.<\/strong><span>\u00a0<\/span>Ainsi, les jacquets partant du Mont suivent les coquilles jaunes stylis\u00e9es de Compostelle et les miquelots, qui viennent du \u00ab\u00a0sud\u00a0\u00bb, le balisage bleu cyan des Chemins du Mont-Saint-Michel.<\/p>\n<p><i>Le portail internet des chemins de p\u00e8lerinage de l\u2019Arc Atlantique<\/i><span>\u00a0<\/span>vous aidera \u00e0 mieux conna\u00eetre les sites des diff\u00e9rentes associations de chemins historiques du grand Ouest, de la Normandie au Pays basque&#8230;et de la Bretagne \u00e0 la Touraine&#8230;\u00a0:<span>\u00a0<\/span><a href=\"http:\/\/portail.arc.atlantic.free.fr\/\" class=\"spip_out\" rel=\"external noopener\" target=\"_blank\">Les Chemins historiques et de p\u00e8lerinage de l\u2019Arc Atlantique<\/a><br class=\"autobr\" \/>Ce portail permet d\u2019acc\u00e9der \u00e0 une br\u00e8ve pr\u00e9sentation de chacune des associations qui assurent la promotion, la mise en valeur et l\u2019entretien des chemins de Compostelle et du Mont-Saint-Michel ! Il faut toutefois noter qu&rsquo;il n&rsquo;a pu \u00eatre mis \u00e0 jour depuis plusieurs ann\u00e9es et ne tient pas compte de la cr\u00e9ation d&rsquo;associations plus r\u00e9centes comme <a href=\"https:\/\/www.compostelle-mayenne.fr\/\" target=\"_blank\" rel=\"noopener\">Compostelle53\u00a0 et autres chemins<\/a><\/p>\n<hr class=\"spip\" \/>\n<\/div>\n<div class=\"lacarte\">\n<p>&nbsp;<\/p>\n<h3 class=\"spip\">LA VOIE DES PLANTAGENET<\/h3>\n<p>Itin\u00e9raire pr\u00e9sent\u00e9 dans<span>\u00a0<\/span><a href=\"https:\/\/www.facebook.com\/watch\/?v=722525821970370\" class=\"spip_out\" rel=\"external noopener\" target=\"_blank\">\u00ab\u00a0Des racines et des ailes\u00a0\u00bb<\/a><span>\u00a0<\/span>de janvier 2021<\/p>\n<p><span class=\"spip_document_2012 spip_documents spip_documents_left\"><\/span><strong>D\u2019Angers au Mont-Saint-Michel<\/strong><span>\u00a0<\/span>Cet itin\u00e9raire rejoint le Mont depuis l\u2019Anjou\u00a0: il est d\u00e9crit vers le Mont-Saint-Michel au d\u00e9part d\u2019Angers dans le guide intitul\u00e9 \u00ab\u00a0Le Chemin du Mont Saint Michel &#8211; La voie des Plantagen\u00eats\u00a0\u00bb paru chez Rando-Editions en 2008 et aujourd\u2019hui \u00e9puis\u00e9<br class=\"autobr\" \/>Ce guide pr\u00e9sentait le descriptif et le patrimoine d\u2019Angers au Mont et du Mont au Puy-Notre-Dame (sud du Maine-et-Loire), \u00e0 d\u00e9faut il ne reste que les fiches itin\u00e9raires et les cartes du<span>\u00a0<\/span><a href=\"https:\/\/compostelle-bretagne.fr\/\" class=\"spip_out\" rel=\"external noopener\" target=\"_blank\">site de l\u2019Association bretonne<\/a>.<\/p>\n<p>Pour ceux qui veulent partir d\u2019Aulnay-de-Saintonge et rejoindre Angers puis le Mont, la partie dans les Deux-S\u00e8vres suit le GR 36 qui est balis\u00e9 dans les deux sens. Cet itin\u00e9raire est en cours de balisage vers le Mont en Charente-Maritime et dans les Deux-S\u00e8vres avec le logo des Chemins du Mont.<br class=\"autobr\" \/>Pour plus d\u2019informations sur cet itin\u00e9raire,<span> voir les sites de <\/span><a href=\"https:\/\/compostelle-bretagne.fr\/\" class=\"spip_out\" rel=\"external noopener\" target=\"_blank\">Compostelle Bretagne<\/a><span> et de l&rsquo;<\/span><a href=\"http:\/\/compostelle-anjou.fr\/la-voie-des-plantagenet\" class=\"spip_out\" rel=\"external noopener\" target=\"_blank\">Association des Amis de Saint-Jacques en Anjou<\/a><\/p>\n<p><span class=\"spip_document_2015 spip_documents spip_documents_left\"><\/span><strong>Du Mont \u00e0 Aulnay-de-Saintonge [vers Compostelle]<\/strong><span>\u00a0<\/span>Cet itin\u00e9raire traverse la Bretagne et l\u2019Anjou, via Saint-James, Foug\u00e8res, Vitr\u00e9, La Guerche-de-Bretagne, Pouanc\u00e9, Segr\u00e9, Le Lion-d\u2019Angers, Angers, Dou\u00e9-la-Fontaine, Le Puy-Notre-Dame, Thouars, Niort, Parthenay avant de rejoindre la voie de Tours \u00e0 Aulnay de Saintonge.<br class=\"autobr\" \/>Cet itin\u00e9raire de 23 \u00e9tapes est d\u00e9crit dans le guide \u00e9dit\u00e9 par l\u2019Association bretonne des Amis de Saint-Jacques (18 \u20ac HT + port) (122 p., \u00e9dition 2023), imprim\u00e9 \u00e0 l\u2019unit\u00e9 chez Lulu.com<span>.\u00a0<\/span>Pour plus d\u2019informations sur cet itin\u00e9raire,<span> consulter le site de l&rsquo;association <a href=\"https:\/\/compostelle-bretagne.fr\/\" target=\"_blank\" rel=\"noopener\">Compostelle Bretagne<\/a><\/span><\/p>\n<p><span><\/span><\/p>\n<\/div>\n<p>[\/et_pb_text][\/et_pb_column][\/et_pb_row][\/et_pb_section]<\/p>\n","protected":false},"excerpt":{"rendered":"<p>\u00a0Voie des Plantagen\u00eat, \u00ab\u00a0Chemin partag\u00e9\u00a0\u00bb de Compostelle et du Mont &nbsp; Les Chemins du Mont-Saint-Michel, itin\u00e9raires culturels europ\u00e9ens, participent activement depuis leur fondation en 1998 \u00e0 la construction d\u2019un r\u00e9seau d\u2019\u00e9changes culturels \u00e0 l\u2019\u00e9chelle europ\u00e9enne. Hier comme aujourd\u2019hui les Chemins du Mont et de Compostelle constituent un r\u00e9seau d\u2019itin\u00e9raires europ\u00e9ens, en partie communs, permettant d\u2019aller d\u2019un sanctuaire \u00e0 l\u2019autre dans le cadre de leur itin\u00e9rance au long cours, gr\u00e2ce aux \u00ab\u00a0chemins partag\u00e9s\u00a0\u00bbLe Mont-Saint-Michel, lieu de rassemblement et de d\u00e9part des jacquets, lieu d\u2019arriv\u00e9e des miquelots, est avec Compostelle l\u2019un des sanctuaires majeurs de p\u00e8lerinage et de convergence de l\u2019itin\u00e9rance en Europe. L\u2019archange et l\u2019ap\u00f4tre. La Manche et l\u2019Atlantique, la baie d\u2019entre Normandie et Bretagne et le lointain cap de Galice. Tous ces \u00e9l\u00e9ments t\u00e9moignent des liens contemporains en plein d\u00e9veloppement entre ces deux sites, inscrits au patrimoine mondial de l\u2019Unesco au titre des Chemins de Saint-Jacques (bien s\u00e9riel 868). Il existe actuellement trois itin\u00e9raires permettant de relier ces deux grands sanctuaires de p\u00e8lerinage. Ces trois itin\u00e9raires rejoignent la voie de Tours et le chemin de Compostelle, qui est balis\u00e9 et d\u00e9crit dans de nombreux guides. Il s\u2019agit de la \u00ab\u00a0Voie des Capitales\u00a0\u00bb (ou Chemin de Clisson), de la Voie des [&hellip;]<\/p>\n","protected":false},"author":5,"featured_media":1887,"parent":586,"menu_order":0,"comment_status":"closed","ping_status":"closed","template":"","meta":{"_et_pb_use_builder":"on","_et_pb_old_content":"","_et_gb_content_width":"","footnotes":""},"class_list":["post-1789","page","type-page","status-publish","has-post-thumbnail","hentry"],"_links":{"self":[{"href":"https:\/\/lescheminsdumontsaintmichel.com\/en\/wp-json\/wp\/v2\/pages\/1789","targetHints":{"allow":["GET"]}}],"collection":[{"href":"https:\/\/lescheminsdumontsaintmichel.com\/en\/wp-json\/wp\/v2\/pages"}],"about":[{"href":"https:\/\/lescheminsdumontsaintmichel.com\/en\/wp-json\/wp\/v2\/types\/page"}],"author":[{"embeddable":true,"href":"https:\/\/lescheminsdumontsaintmichel.com\/en\/wp-json\/wp\/v2\/users\/5"}],"replies":[{"embeddable":true,"href":"https:\/\/lescheminsdumontsaintmichel.com\/en\/wp-json\/wp\/v2\/comments?post=1789"}],"version-history":[{"count":11,"href":"https:\/\/lescheminsdumontsaintmichel.com\/en\/wp-json\/wp\/v2\/pages\/1789\/revisions"}],"predecessor-version":[{"id":2784,"href":"https:\/\/lescheminsdumontsaintmichel.com\/en\/wp-json\/wp\/v2\/pages\/1789\/revisions\/2784"}],"up":[{"embeddable":true,"href":"https:\/\/lescheminsdumontsaintmichel.com\/en\/wp-json\/wp\/v2\/pages\/586"}],"wp:featuredmedia":[{"embeddable":true,"href":"https:\/\/lescheminsdumontsaintmichel.com\/en\/wp-json\/wp\/v2\/media\/1887"}],"wp:attachment":[{"href":"https:\/\/lescheminsdumontsaintmichel.com\/en\/wp-json\/wp\/v2\/media?parent=1789"}],"curies":[{"name":"wp","href":"https:\/\/api.w.org\/{rel}","templated":true}]}}