{"id":1778,"date":"2024-10-14T11:20:17","date_gmt":"2024-10-14T09:20:17","guid":{"rendered":"http:\/\/lescheminsdumontsaintmichel.com\/?page_id=1778"},"modified":"2025-11-28T09:58:04","modified_gmt":"2025-11-28T08:58:04","slug":"chemin-de-caen-ouistreham","status":"publish","type":"page","link":"https:\/\/lescheminsdumontsaintmichel.com\/en\/les-chemins\/chemin-de-caen-ouistreham\/","title":{"rendered":"Chemin de Caen Ouistreham"},"content":{"rendered":"<p>[et_pb_section fb_built=\u00a0\u00bb1&Prime; _builder_version=\u00a0\u00bb4.27.2&Prime; _module_preset=\u00a0\u00bbdefault\u00a0\u00bb background_color=\u00a0\u00bb#D6D4C8&Prime; custom_padding=\u00a0\u00bb4px||1px|||\u00a0\u00bb global_colors_info=\u00a0\u00bb{}\u00a0\u00bb][et_pb_row _builder_version=\u00a0\u00bb4.27.2&Prime; _module_preset=\u00a0\u00bbdefault\u00a0\u00bb global_colors_info=\u00a0\u00bb{}\u00a0\u00bb][et_pb_column type=\u00a0\u00bb4_4&Prime; _builder_version=\u00a0\u00bb4.27.2&Prime; _module_preset=\u00a0\u00bbdefault\u00a0\u00bb global_colors_info=\u00a0\u00bb{}\u00a0\u00bb][et_pb_image src=\u00a0\u00bb@ET-DC@eyJkeW5hbWljIjp0cnVlLCJjb250ZW50IjoicG9zdF9mZWF0dXJlZF9pbWFnZSIsInNldHRpbmdzIjp7fX0=@\u00a0\u00bb align=\u00a0\u00bbcenter\u00a0\u00bb _builder_version=\u00a0\u00bb4.27.2&Prime; _dynamic_attributes=\u00a0\u00bbsrc\u00a0\u00bb _module_preset=\u00a0\u00bbdefault\u00a0\u00bb module_alignment=\u00a0\u00bbcenter\u00a0\u00bb border_radii=\u00a0\u00bbon|5px|5px|5px|5px\u00a0\u00bb global_colors_info=\u00a0\u00bb{}\u00a0\u00bb][\/et_pb_image][et_pb_post_title meta=\u00a0\u00bboff\u00a0\u00bb featured_image=\u00a0\u00bboff\u00a0\u00bb _builder_version=\u00a0\u00bb4.27.2&Prime; _module_preset=\u00a0\u00bbdefault\u00a0\u00bb title_font=\u00a0\u00bb|800||on|||||\u00a0\u00bb title_text_align=\u00a0\u00bbcenter\u00a0\u00bb global_colors_info=\u00a0\u00bb{}\u00a0\u00bb][\/et_pb_post_title][\/et_pb_column][\/et_pb_row][\/et_pb_section][et_pb_section fb_built=\u00a0\u00bb1&Prime; _builder_version=\u00a0\u00bb4.27.2&Prime; _module_preset=\u00a0\u00bbdefault\u00a0\u00bb global_colors_info=\u00a0\u00bb{}\u00a0\u00bb][et_pb_row _builder_version=\u00a0\u00bb4.27.2&Prime; _module_preset=\u00a0\u00bbdefault\u00a0\u00bb global_colors_info=\u00a0\u00bb{}\u00a0\u00bb][et_pb_column type=\u00a0\u00bb4_4&Prime; _builder_version=\u00a0\u00bb4.27.2&Prime; _module_preset=\u00a0\u00bbdefault\u00a0\u00bb global_colors_info=\u00a0\u00bb{}\u00a0\u00bb][et_pb_text _builder_version=\u00a0\u00bb4.27.4&Prime; _module_preset=\u00a0\u00bbdefault\u00a0\u00bb hover_enabled=\u00a0\u00bb0&Prime; global_colors_info=\u00a0\u00bb{}\u00a0\u00bb sticky_enabled=\u00a0\u00bb0&Prime;]<\/p>\n<p><strong>Afficher<\/strong><span>\u00a0<\/span><a href=\"http:\/\/maps.google.fr\/maps\/ms?hl=fr&amp;ie=UTF8&amp;t=p&amp;msa=0&amp;msid=109112961142200480869.00048433065d81e0f9538&amp;ll=48.944151,-0.829468&amp;spn=1.262766,2.334595&amp;z=8&amp;source=embed\" target=\"_blank\" rel=\"noopener\"><strong>le Chemin de Caen<\/strong><\/a><span>\u00a0<\/span><strong>sur Google Map<\/strong><br \/><span class=\"spip_document_1904 spip_documents spip_documents_left\"><\/span><br class=\"autobr\" \/><strong>UN PEU D\u2019HISTOIRE<\/strong><br class=\"autobr\" \/>L\u2019itin\u00e9raire normand commence au port de Ouistreham, aujourd\u2019hui point d\u2019arriv\u00e9e du ferry transmanche depuis Portsmouth et avant-port de Caen depuis le Moyen Age. On arrive \u00e0 Caen en longeant le canal et le fleuve Orne.<br class=\"autobr\" \/>De Caen au Mont-Saint-Michel, le chemin le plus fr\u00e9quent\u00e9 par les p\u00e8lerins \u00e9tait certainement celui passant par Bretteville-sur-Odon, Villers-Bocage, Coulvain, Saint-Martin-des-Besaces, Pontfarcy et Villedieu-les-Po\u00eales.\u00a0L\u2019emprise routi\u00e8re contemporaine (N 175 puis A 84\/E401) et l\u2019importance du remembrement ne permettent plus de proposer cet itin\u00e9raire aux marcheurs.<br class=\"autobr\" \/>Les recherches historiques ont cependant r\u00e9v\u00e9l\u00e9 qu\u2019il existe un second chemin montais, correspondant \u00e0 l\u2019ancienne voie romaine qui reliait Vieux-la-Romaine \u00e0 Avranches et qui concorde, pour sa plus grande part, au \u00ab\u00a0Grand chemin de Bretagne\u00a0\u00bb de l\u2019Ancien R\u00e9gime.\u00a0L\u2019itin\u00e9raire retenu suit donc cette voie, emprunt\u00e9e tout au long de l\u2019Antiquit\u00e9, du Moyen Age et de l\u2019\u00e9poque moderne, jusqu\u2019\u00e0 Hamars, en passant par Evrecy.<br class=\"autobr\" \/>Apr\u00e8s Saint-Jean-le-Blanc, notre chemin s\u2019\u00e9carte l\u00e9g\u00e8rement du fuseau primitif en passant par le B\u00e9ny-Bocage.\u00a0Au-del\u00e0 de Saint-Sever, cet itin\u00e9raire d\u00e9laisse la derni\u00e8re partie de la voie antique pour se diriger vers Villedieu-les-Po\u00eales en empruntant l\u2019ancien grand chemin de Falaise \u00e0 Granville, puis passe par la Haye-Pesnel et Sartilly, pour arriver \u00e0 Gen\u00eats, o\u00f9 le p\u00e8lerin peut entreprendre la fameuse travers\u00e9e de la Baie jusqu\u2019au sanctuaire de l\u2019Archange.<\/p>\n<p><strong>LES ETAPES<\/strong><\/p>\n<ul class=\"spip\">\n<li>Ouistreham\/Caen (17 km)<\/li>\n<li><a href=\"http:\/\/maps.google.fr\/maps\/ms?hl=fr&amp;ie=UTF8&amp;msa=0&amp;msid=109112961142200480869.00045c6be74b89ce1e473&amp;ll=49.140702,-0.428435&amp;spn=0.124655,0.362206&amp;z=12\" class=\"spip_out\" rel=\"external noopener\" target=\"_blank\">Caen \/ Evrecy<\/a><span>\u00a0<\/span>(22 km)<\/li>\n<li><a href=\"http:\/\/maps.google.fr\/maps\/ms?hl=fr&amp;ie=UTF8&amp;msa=0&amp;msid=109112961142200480869.000460d38c52a8510ca0e&amp;ll=49.049345,-0.522194&amp;spn=0.124884,0.362206&amp;z=12\" class=\"spip_out\" rel=\"external noopener\" target=\"_blank\">Evrecy \/Hamars<\/a><span>\u00a0<\/span>(21 km)<\/li>\n<li><a href=\"http:\/\/maps.google.fr\/maps\/ms?hl=fr&amp;ie=UTF8&amp;msa=0&amp;msid=109112961142200480869.000460d62e3a6f7d02af2&amp;ll=48.971428,-0.613174&amp;spn=0.12508,0.362206&amp;z=12\" class=\"spip_out\" rel=\"external noopener\" target=\"_blank\">Hamars \/ Saint-Jean-le-Blanc<\/a><span>\u00a0<\/span>(22 km)<\/li>\n<li><a href=\"http:\/\/maps.google.fr\/maps\/ms?hl=fr&amp;ie=UTF8&amp;msa=0&amp;msid=109112961142200480869.000460d6f9bb1b7427fba&amp;ll=48.930958,-0.755653&amp;spn=0.062591,0.181103&amp;z=13\" class=\"spip_out\" rel=\"external noopener\" target=\"_blank\">Saint-Jean-le-Blanc \/ Le B\u00e9ny-Bocage<\/a><span>\u00a0<\/span>(16 km)<\/li>\n<li><a href=\"http:\/\/maps.google.fr\/maps\/ms?hl=fr&amp;ie=UTF8&amp;msa=0&amp;msid=109112961142200480869.000460d8610d2f51bea20&amp;z=12\" class=\"spip_out\" rel=\"external noopener\" target=\"_blank\">Le B\u00e9ny-Bocage \/ Saint-Sever-Calvados<\/a><span>\u00a0<\/span>(29 km)<\/li>\n<li><a href=\"http:\/\/maps.google.fr\/maps\/ms?hl=fr&amp;ie=UTF8&amp;msa=0&amp;msid=109112961142200480869.000460e629d33ed03b3d2&amp;ll=48.821559,-1.150131&amp;spn=0.125455,0.362206&amp;z=12\" class=\"spip_out\" rel=\"external noopener\" target=\"_blank\">Saint-Sever-Calvados \/ Villedieu-les-Po\u00eales<\/a><span>\u00a0<\/span>(20 km)<\/li>\n<li><a href=\"http:\/\/maps.google.fr\/maps\/ms?hl=fr&amp;ie=UTF8&amp;msa=0&amp;msid=109112961142200480869.000460e6b5b7e10b183f6&amp;ll=48.818972,-1.309315&amp;spn=0.062731,0.181103&amp;z=13\" class=\"spip_out\" rel=\"external noopener\" target=\"_blank\">Villedieu-les-Po\u00eales \/ La Haye-Pesnel<\/a><span>\u00a0<\/span>(19 km)<\/li>\n<li><a href=\"http:\/\/maps.google.fr\/maps\/ms?hl=fr&amp;ie=UTF8&amp;msa=0&amp;msid=109112961142200480869.000460e750f9af2c50382&amp;z=12\" class=\"spip_out\" rel=\"external noopener\" target=\"_blank\">La Haye-Pesnel \/ Gen\u00eats<\/a><span>\u00a0<\/span>(18,5 km)<\/li>\n<\/ul>\n<p>Total\u00a0: 190 km \u2013 9 \u00e9tapes<\/p>\n<p><strong>Pour plus de d\u00e9tails sur ce guide (disponible, 12 \u20ac (+\u00a0 port), consultez\u00a0<\/strong><strong><a href=\"https:\/\/lescheminsdumontsaintmichel.com\/boutique\/ttps:\/\/www.lescheminsdumontsaintmichel.com\/spip\/spip.php?article35\" class=\"spip_in\">la Boutique<\/a><\/strong><\/p>\n<p><strong>Pour consulter la <a href=\"https:\/\/lescheminsdumontsaintmichel.com\/hebergement\/\">liste des h\u00e9bergements \u00e0 la nuit\u00e9e<\/a><\/strong><\/p>\n<p><strong><\/strong><\/p>\n<p><strong>LES TERRITOIRES TRAVERS\u00c9S ET LEURS PAYSAGES\u00a0:<\/strong><br class=\"autobr\" \/>Apr\u00e8s Ouistreham et l\u2019estuaire de l\u2019Orne, le chemin rejoint Caen, ancienne cit\u00e9 ducale, avant de suivre la vall\u00e9e de l\u2019Odon. Il parcourt la fronti\u00e8re entre les plaines du pays de Caen et les paysages vallonn\u00e9s de la Suisse Normande via Evrecy, Hamars et Saint-Jean-le-Blanc, avant de p\u00e9n\u00e9trer au c\u0153ur du Bocage Virois.<\/p>\n<p>Apr\u00e8s un passage \u00e0 proximit\u00e9 de Vire, il sillonne la for\u00eat de Saint-Sever puis le Bocage du sud Manche pour atteindre Gen\u00eats, d\u00e9part de l\u2019ultime \u00e9tape\u00a0: la travers\u00e9e des gr\u00e8ves.<\/p>\n<p>Ce chemin qui commence sur le littoral est ensuite tr\u00e8s vert et tr\u00e8s pittoresque, il traverse de nombreux petits villages. Il suit les vall\u00e9es, en profitant de beaux chemins de cr\u00eate et de charmants chemins creux.<\/p>\n<p><strong>A NE PAS MANQUER\u00a0:<\/strong><br \/><img loading=\"lazy\" decoding=\"async\" src=\"https:\/\/www.lescheminsdumontsaintmichel.com\/spip\/squelettes-dist\/puce.gif\" width=\"8\" height=\"11\" class=\"puce\" alt=\"-\" \/>\u00a0le<span>\u00a0<\/span><a href=\"https:\/\/www.seevisit.fr\/ouistreham\" class=\"spip_out\" rel=\"external noopener\" target=\"_blank\">port de Ouistreham<\/a><span>\u00a0<\/span>et son bourg ancien avec son<span>\u00a0<\/span><a href=\"https:\/\/fr.wikipedia.org\/wiki\/%C3%89glise_Saint-Samson_d%27Ouistreham\" class=\"spip_out\" rel=\"external noopener\" target=\"_blank\">\u00e9glise Saint-Samson<\/a><span>\u00a0<\/span><a href=\"http:\/\/ouistreham-rivabella.fr\/grands-projets\/renovation-de-leglise-saint-samson\/\" class=\"spip_out\" rel=\"external noopener\" target=\"_blank\">r\u00e9cemment restaur\u00e9e<\/a><br \/><img loading=\"lazy\" decoding=\"async\" src=\"https:\/\/www.lescheminsdumontsaintmichel.com\/spip\/squelettes-dist\/puce.gif\" width=\"8\" height=\"11\" class=\"puce\" alt=\"-\" \/>\u00a0B\u00e9nouville,<span>\u00a0<\/span><a href=\"http:\/\/europeangardens.eu\/qui-sommes-nous\/chateau-de-benouville\/\" class=\"spip_out\" rel=\"external noopener\" target=\"_blank\">son ch\u00e2teau<\/a><span>\u00a0<\/span>construit par Claude-Nicolas Ledoux et le pont<span>\u00a0<\/span><a href=\"https:\/\/www.mairie-benouville.fr\/tourisme\/site-pegasus\/\" class=\"spip_out\" rel=\"external noopener\" target=\"_blank\">Pegasus bridge<\/a><span>\u00a0<\/span>lib\u00e9r\u00e9 dans la nuit du 6 juin<br class=\"autobr\" \/>&#8211; La ville de<span>\u00a0<\/span><a href=\"https:\/\/www.caenlamer-tourisme.fr\/fr\/decouvrir\/caen-une-ville-aux-mille-facettes\/flaner-dans-les-ruelles-du-caen-medieval\/\" class=\"spip_out\" rel=\"external noopener\" target=\"_blank\">Caen<\/a>, ancienne cit\u00e9 ducale, et son patrimoine m\u00e9di\u00e9val<br \/><img loading=\"lazy\" decoding=\"async\" src=\"https:\/\/www.lescheminsdumontsaintmichel.com\/spip\/squelettes-dist\/puce.gif\" width=\"8\" height=\"11\" class=\"puce\" alt=\"-\" \/>\u00a0La<span>\u00a0<\/span><a href=\"https:\/\/www.brettevillesurodon.fr\/domaine-de-la-baronnie\" class=\"spip_out\" rel=\"external noopener\" target=\"_blank\">Baronnie de Bretteville-sur-Odon<\/a>, ancienne possession des moines du Mont<br \/><img loading=\"lazy\" decoding=\"async\" src=\"https:\/\/www.lescheminsdumontsaintmichel.com\/spip\/squelettes-dist\/puce.gif\" width=\"8\" height=\"11\" class=\"puce\" alt=\"-\" \/>\u00a0Les nombreuses petites \u00e9glises diss\u00e9min\u00e9es le long du chemin (\u00e0 Baron-sur-Odon, Esquay-Notre-Dame,<span>\u00a0<\/span><a href=\"https:\/\/www.ville-evrecy.fr\/decouvrir-bouger\/histoire-et-patrimoine\/historique\" class=\"spip_out\" rel=\"external noopener\" target=\"_blank\">Evrecy<\/a>, Pr\u00e9aux-Bocage, La Caine, Hamars, Coulonces)<br \/><img loading=\"lazy\" decoding=\"async\" src=\"https:\/\/www.lescheminsdumontsaintmichel.com\/spip\/squelettes-dist\/puce.gif\" width=\"8\" height=\"11\" class=\"puce\" alt=\"-\" \/>\u00a0<a href=\"https:\/\/www.abbayes-normandie.com\/abbaye\/abbaye-de-saint-sever-calvados\/\" class=\"spip_out\" rel=\"external noopener\" target=\"_blank\">Saint-Sever-Calvados<\/a>, ville \u00e9tape mill\u00e9naire des Chemins du Mont-Saint-Michel, et son abbatiale gothique<br \/><img loading=\"lazy\" decoding=\"async\" src=\"https:\/\/www.lescheminsdumontsaintmichel.com\/spip\/squelettes-dist\/puce.gif\" width=\"8\" height=\"11\" class=\"puce\" alt=\"-\" \/>\u00a0<a href=\"http:\/\/www.ot-villedieu.fr\/index.htm\" class=\"spip_out\" rel=\"external noopener\" target=\"_blank\">Villedieu-les-Po\u00eales<\/a>, labellis\u00e9e \u00ab\u00a0Ville et M\u00e9tiers d\u2019Art\u00a0\u00bb, o\u00f9 vous d\u00e9couvrirez les dinandiers et les fondeurs, mais aussi la dentelle et les meubles normands traditionnels<br \/><img loading=\"lazy\" decoding=\"async\" src=\"https:\/\/www.lescheminsdumontsaintmichel.com\/spip\/squelettes-dist\/puce.gif\" width=\"8\" height=\"11\" class=\"puce\" alt=\"-\" \/>\u00a0<a href=\"http:\/\/www.ville-genets.com\/fr\/tourisme.html\" class=\"spip_out\" rel=\"external noopener\" target=\"_blank\">Gen\u00eats<\/a>, point d\u2019arriv\u00e9e du Chemin et point de d\u00e9part de la travers\u00e9e de la Baie (\u00e0 faire accompagn\u00e9 par un guide exp\u00e9riment\u00e9)<\/p>\n<p><strong>VARIEZ LES PLAISIRS\u00a0!<\/strong><br \/>Cet itin\u00e9raire est bien adapt\u00e9 aux \u00e9questres\u00a0: il existe dans le guide des variantes qui leurs sont sp\u00e9cialement destin\u00e9es, notamment pour contourner les zones les plus urbanis\u00e9es.<\/p>\n<p>Les VTT peuvent emprunter ce chemin sans rencontrer de difficult\u00e9s, le nouveau guide pr\u00e9sente les rares variantes VTT dans les fiches (dexcriptif de l&rsquo;itin\u00e9raire\u00a0 et cartographie).<\/p>\n<p>[\/et_pb_text][\/et_pb_column][\/et_pb_row][\/et_pb_section][et_pb_section fb_built=\u00a0\u00bb1&Prime; _builder_version=\u00a0\u00bb4.27.2&Prime; _module_preset=\u00a0\u00bbdefault\u00a0\u00bb global_colors_info=\u00a0\u00bb{}\u00a0\u00bb][et_pb_row _builder_version=\u00a0\u00bb4.27.2&Prime; _module_preset=\u00a0\u00bbdefault\u00a0\u00bb global_colors_info=\u00a0\u00bb{}\u00a0\u00bb][et_pb_column type=\u00a0\u00bb4_4&Prime; _builder_version=\u00a0\u00bb4.27.2&Prime; _module_preset=\u00a0\u00bbdefault\u00a0\u00bb global_colors_info=\u00a0\u00bb{}\u00a0\u00bb][et_pb_text _builder_version=\u00a0\u00bb4.27.2&Prime; _module_preset=\u00a0\u00bbdefault\u00a0\u00bb global_colors_info=\u00a0\u00bb{}\u00a0\u00bb]<\/p>\n<p><strong>FICHIERS GPX, ETAPE PAR ETAPE, A TELECHARGER POUR GPS<\/strong><br class=\"autobr\" \/><i>Ces trac\u00e9s sont donn\u00e9s \u00e0 titre indicatif et ne sauraient \u00eatre aussi pr\u00e9cis que les textes topographiques accompagn\u00e9s des cartes au 1:50 000 propos\u00e9s dans le guide publi\u00e9 par l\u2019Association<\/i><\/p>\n<p>[\/et_pb_text][et_pb_button button_url=\u00a0\u00bbhttps:\/\/drive.google.com\/drive\/folders\/16UuK1T9CllFu9KSHQ04YrT_BR2Mwiuer?usp=sharing\u00a0\u00bb url_new_window=\u00a0\u00bbon\u00a0\u00bb button_text=\u00a0\u00bbT\u00e9l\u00e9charger les GPX\u00a0\u00bb button_alignment=\u00a0\u00bbleft\u00a0\u00bb _builder_version=\u00a0\u00bb4.27.2&Prime; _module_preset=\u00a0\u00bbdefault\u00a0\u00bb global_colors_info=\u00a0\u00bb{}\u00a0\u00bb][\/et_pb_button][\/et_pb_column][\/et_pb_row][et_pb_row _builder_version=\u00a0\u00bb4.27.2&Prime; _module_preset=\u00a0\u00bbdefault\u00a0\u00bb global_colors_info=\u00a0\u00bb{}\u00a0\u00bb][et_pb_column type=\u00a0\u00bb4_4&Prime; _builder_version=\u00a0\u00bb4.27.2&Prime; _module_preset=\u00a0\u00bbdefault\u00a0\u00bb global_colors_info=\u00a0\u00bb{}\u00a0\u00bb][et_pb_text _builder_version=\u00a0\u00bb4.27.2&Prime; _module_preset=\u00a0\u00bbdefault\u00a0\u00bb global_colors_info=\u00a0\u00bb{}\u00a0\u00bb]<\/p>\n<p><strong>AVIS DE MIQUELOTS<\/strong><\/p>\n<p><span class=\"spip_document_2446 spip_documents spip_documents_left\"><\/span>\u00ab\u00a0Nous avons travers\u00e9 une magnifique r\u00e9gion rurale , des hameaux silencieux, des sentiers creux de lumi\u00e8re\u2026..pour nous rafraichir des rayons constants de Fr\u00e8re Soleil\u00a0!<br class=\"autobr\" \/>Un itin\u00e9raire facile qui nous a invit\u00e9 \u00e0 renourrir notre int\u00e9riorit\u00e9 et a d\u00e9couvrir des lieux et faciliter de tr\u00e8s belles rencontres comme le Chemin l\u2019offre \u00e0 chaque fois\u00a0!<\/p>\n<p>Nous avons fait connaitre tout au long de cet itin\u00e9raire l\u2019existence de ce parcours inspirant et sensibilis\u00e9 tr\u00e8s volontiers les lieux d accueil rencontr\u00e9s le soir.<br class=\"autobr\" \/>Les personnes toutes curieuses voire m\u00eame interpell\u00e9es par son existence. Surtout celles qui avaient d\u00e9j\u00e0 chemin\u00e9es vers Santiago de Compostelle.<br class=\"autobr\" \/>Nous les avons invit\u00e9 a prendre contact aupr\u00e8s de l\u2019association pour mieux s informer<br class=\"autobr\" \/>Avec nos chaleureux remerciements de p\u00e8lerines\u00a0\u00bb<br class=\"autobr\" \/>Anne et Pascale, juillet 2022<\/p>\n<p>\u00ab\u00a0j\u2019ai effectu\u00e9 la semaine derni\u00e8re le Chemin de Caen au Mont St Michel, en qualit\u00e9 de Miquelot, je voulais juste vous dire que j\u2019ai \u00e9t\u00e9 enchant\u00e9e par tous ces beaux paysages et chemins et vous f\u00e9liciter pour tout le travail accompli entre autres pour la signal\u00e9tique et l\u2019entretien.<br class=\"autobr\" \/>Ai fait de belles rencontres, chez qui pour certaines, j\u2019ai pu planter ma petite tente de randonn\u00e9e.<br class=\"autobr\" \/>Bonne continuation\u00a0\u00bb<br class=\"autobr\" \/>Sylvie, juillet 2022<\/p>\n<p>[\/et_pb_text][\/et_pb_column][\/et_pb_row][\/et_pb_section]<\/p>\n","protected":false},"excerpt":{"rendered":"<p>Afficher\u00a0le Chemin de Caen\u00a0sur Google MapUN PEU D\u2019HISTOIREL\u2019itin\u00e9raire normand commence au port de Ouistreham, aujourd\u2019hui point d\u2019arriv\u00e9e du ferry transmanche depuis Portsmouth et avant-port de Caen depuis le Moyen Age. On arrive \u00e0 Caen en longeant le canal et le fleuve Orne.De Caen au Mont-Saint-Michel, le chemin le plus fr\u00e9quent\u00e9 par les p\u00e8lerins \u00e9tait certainement celui passant par Bretteville-sur-Odon, Villers-Bocage, Coulvain, Saint-Martin-des-Besaces, Pontfarcy et Villedieu-les-Po\u00eales.\u00a0L\u2019emprise routi\u00e8re contemporaine (N 175 puis A 84\/E401) et l\u2019importance du remembrement ne permettent plus de proposer cet itin\u00e9raire aux marcheurs.Les recherches historiques ont cependant r\u00e9v\u00e9l\u00e9 qu\u2019il existe un second chemin montais, correspondant \u00e0 l\u2019ancienne voie romaine qui reliait Vieux-la-Romaine \u00e0 Avranches et qui concorde, pour sa plus grande part, au \u00ab\u00a0Grand chemin de Bretagne\u00a0\u00bb de l\u2019Ancien R\u00e9gime.\u00a0L\u2019itin\u00e9raire retenu suit donc cette voie, emprunt\u00e9e tout au long de l\u2019Antiquit\u00e9, du Moyen Age et de l\u2019\u00e9poque moderne, jusqu\u2019\u00e0 Hamars, en passant par Evrecy.Apr\u00e8s Saint-Jean-le-Blanc, notre chemin s\u2019\u00e9carte l\u00e9g\u00e8rement du fuseau primitif en passant par le B\u00e9ny-Bocage.\u00a0Au-del\u00e0 de Saint-Sever, cet itin\u00e9raire d\u00e9laisse la derni\u00e8re partie de la voie antique pour se diriger vers Villedieu-les-Po\u00eales en empruntant l\u2019ancien grand chemin de Falaise \u00e0 Granville, puis passe par la Haye-Pesnel et Sartilly, pour arriver \u00e0 Gen\u00eats, o\u00f9 le p\u00e8lerin peut [&hellip;]<\/p>\n","protected":false},"author":5,"featured_media":1875,"parent":586,"menu_order":0,"comment_status":"closed","ping_status":"closed","template":"","meta":{"_et_pb_use_builder":"on","_et_pb_old_content":"","_et_gb_content_width":"","footnotes":""},"class_list":["post-1778","page","type-page","status-publish","has-post-thumbnail","hentry"],"_links":{"self":[{"href":"https:\/\/lescheminsdumontsaintmichel.com\/en\/wp-json\/wp\/v2\/pages\/1778","targetHints":{"allow":["GET"]}}],"collection":[{"href":"https:\/\/lescheminsdumontsaintmichel.com\/en\/wp-json\/wp\/v2\/pages"}],"about":[{"href":"https:\/\/lescheminsdumontsaintmichel.com\/en\/wp-json\/wp\/v2\/types\/page"}],"author":[{"embeddable":true,"href":"https:\/\/lescheminsdumontsaintmichel.com\/en\/wp-json\/wp\/v2\/users\/5"}],"replies":[{"embeddable":true,"href":"https:\/\/lescheminsdumontsaintmichel.com\/en\/wp-json\/wp\/v2\/comments?post=1778"}],"version-history":[{"count":7,"href":"https:\/\/lescheminsdumontsaintmichel.com\/en\/wp-json\/wp\/v2\/pages\/1778\/revisions"}],"predecessor-version":[{"id":2493,"href":"https:\/\/lescheminsdumontsaintmichel.com\/en\/wp-json\/wp\/v2\/pages\/1778\/revisions\/2493"}],"up":[{"embeddable":true,"href":"https:\/\/lescheminsdumontsaintmichel.com\/en\/wp-json\/wp\/v2\/pages\/586"}],"wp:featuredmedia":[{"embeddable":true,"href":"https:\/\/lescheminsdumontsaintmichel.com\/en\/wp-json\/wp\/v2\/media\/1875"}],"wp:attachment":[{"href":"https:\/\/lescheminsdumontsaintmichel.com\/en\/wp-json\/wp\/v2\/media?parent=1778"}],"curies":[{"name":"wp","href":"https:\/\/api.w.org\/{rel}","templated":true}]}}