{"id":1781,"date":"2024-10-14T11:26:11","date_gmt":"2024-10-14T09:26:11","guid":{"rendered":"http:\/\/lescheminsdumontsaintmichel.com\/?page_id=1781"},"modified":"2026-03-23T11:25:30","modified_gmt":"2026-03-23T10:25:30","slug":"chemin-damiens","status":"publish","type":"page","link":"https:\/\/lescheminsdumontsaintmichel.com\/de\/les-chemins\/chemin-damiens\/","title":{"rendered":"Weg von Amiens"},"content":{"rendered":"<p>[et_pb_section fb_built=\u00a0\u00bb1&Prime; _builder_version=\u00a0\u00bb4.27.2&Prime; _module_preset=\u00a0\u00bbdefault\u00a0\u00bb background_color=\u00a0\u00bb#D6D4C8&Prime; custom_padding=\u00a0\u00bb4px||1px|||\u00a0\u00bb global_colors_info=\u00a0\u00bb{}\u00a0\u00bb][et_pb_row _builder_version=\u00a0\u00bb4.27.2&Prime; _module_preset=\u00a0\u00bbdefault\u00a0\u00bb global_colors_info=\u00a0\u00bb{}\u00a0\u00bb][et_pb_column type=\u00a0\u00bb4_4&Prime; _builder_version=\u00a0\u00bb4.27.2&Prime; _module_preset=\u00a0\u00bbdefault\u00a0\u00bb global_colors_info=\u00a0\u00bb{}\u00a0\u00bb][et_pb_image src=\u00a0\u00bb@ET-DC@eyJkeW5hbWljIjp0cnVlLCJjb250ZW50IjoicG9zdF9mZWF0dXJlZF9pbWFnZSIsInNldHRpbmdzIjp7fX0=@\u00a0\u00bb align=\u00a0\u00bbcenter\u00a0\u00bb _builder_version=\u00a0\u00bb4.27.2&Prime; _dynamic_attributes=\u00a0\u00bbsrc\u00a0\u00bb _module_preset=\u00a0\u00bbdefault\u00a0\u00bb module_alignment=\u00a0\u00bbcenter\u00a0\u00bb border_radii=\u00a0\u00bbon|5px|5px|5px|5px\u00a0\u00bb global_colors_info=\u00a0\u00bb{}\u00a0\u00bb][\/et_pb_image][et_pb_post_title meta=\u00a0\u00bboff\u00a0\u00bb featured_image=\u00a0\u00bboff\u00a0\u00bb _builder_version=\u00a0\u00bb4.27.2&Prime; _module_preset=\u00a0\u00bbdefault\u00a0\u00bb title_font=\u00a0\u00bb|800||on|||||\u00a0\u00bb title_text_align=\u00a0\u00bbcenter\u00a0\u00bb global_colors_info=\u00a0\u00bb{}\u00a0\u00bb][\/et_pb_post_title][\/et_pb_column][\/et_pb_row][\/et_pb_section][et_pb_section fb_built=\u00a0\u00bb1&Prime; _builder_version=\u00a0\u00bb4.27.2&Prime; _module_preset=\u00a0\u00bbdefault\u00a0\u00bb global_colors_info=\u00a0\u00bb{}\u00a0\u00bb][et_pb_row _builder_version=\u00a0\u00bb4.27.2&Prime; _module_preset=\u00a0\u00bbdefault\u00a0\u00bb custom_padding=\u00a0\u00bb32px|||||\u00a0\u00bb global_colors_info=\u00a0\u00bb{}\u00a0\u00bb][et_pb_column type=\u00a0\u00bb4_4&Prime; _builder_version=\u00a0\u00bb4.27.2&Prime; _module_preset=\u00a0\u00bbdefault\u00a0\u00bb global_colors_info=\u00a0\u00bb{}\u00a0\u00bb][et_pb_text _builder_version=\u00a0\u00bb4.27.6&Prime; _module_preset=\u00a0\u00bbdefault\u00a0\u00bb hover_enabled=\u00a0\u00bb0&Prime; global_colors_info=\u00a0\u00bb{}\u00a0\u00bb sticky_enabled=\u00a0\u00bb0&Prime;]<\/p>\n<p><i><strong>D4D4NOUVEAUTE<\/strong><\/i><br class=\"autobr\" \/><span class=\"spip_document_2337 spip_documents spip_documents_left\"><\/span>Le guide du Chemin d\u2019Amiens \u00e0 Rouen est paru en juin 2021, il est disponible aupr\u00e8s de l\u2019association (9 \u20ac + port), il offre dans un seul volume de 48 pages une pr\u00e9sentation historique et patrimoniale de chaque \u00e9tape, la cartographie et le pas \u00e0 pas de chacune des 7 \u00e9tapes (171 km).<\/p>\n<p><span class=\"spip_document_1757 spip_documents spip_documents_left\"><\/span>Cet itin\u00e9raire Amiens-Rouen a \u00e9t\u00e9 inaugur\u00e9 le 26 mai 2018 avec la pose d\u2019un clou des Chemins du Mont et d\u2019un clou de Compostelle devant la cath\u00e9drale d\u2019Amiens.<\/p>\n<p>Ce nouvel itin\u00e9raire s\u2019inscrit dans un sch\u00e9ma global de chemins partag\u00e9s et relie Les Hauts de France \u00e0 la Normandie. Il a \u00e9t\u00e9 r\u00e9alis\u00e9 dans le cadre du 20e anniversaire de l\u2019inscription des Chemins de Saint-Jacques fran\u00e7ais \u00e0 l\u2019UNESCO et permet de relier la cath\u00e9drale d\u2019Amiens \u00e0 l\u2019abbaye du Mont, tous deux inscrits au patrimoine mondial comme sites des Chemins de Compostelle dans le cadre du Bien s\u00e9riel 868.<br class=\"autobr\" \/>Cet itin\u00e9raire permet aux marcheurs et Vttistes venant de Belgique et des Hauts de France de relier le Mont sur le Chemin de la Galice.<\/p>\n<p><i>\u00c0 Rouen, le chemin permet de rejoindre\u00a0:<br class=\"autobr\" \/>*-<span>\u00a0<\/span>Le Mont-Saint-Michel, en suivant une fois arriv\u00e9 \u00e0 Rouen, le Chemin balis\u00e9 de Rouen au Mont ou Grand chemin normand<br class=\"autobr\" \/>*-<span>\u00a0<\/span>Le Chemin \u00a0\u00bb Compostelle\u00a0\u00bb via \u00c9vreux, Dreux et Chartres,<\/i><\/p>\n<p>Villes ou villages travers\u00e9s\u00a0: Amiens, Pont-de-Metz, Salouel, Saleux, Vers-sur-Selle, Bacouel-sur-Selle. Pont-de-Conty, Monsures, Croissy-sur-Celle, Fontaine-Bonneleau, Catheux, H\u00e9tomesnil, Le Hammel, Grez, Halloy, Briot, Brombos, Feuqui\u00e8res, Montceaux l\u2019Abbaye, Blargies, Criquiers, Serqueux (gare), Forges-les-Eaux, La Fert\u00e9-Saint-Samson, Argueil, Sigy-en-Bray, Bois-H\u00e9roult, Boisguilbert, Rebets, Ry, Martainville Epreville, Bois-d\u2019Ennebourg, Franqueville-Saint-Pierre, Le Mesnil-Esnard, Bonsecours, Rouen.<\/p>\n<p><span class=\"spip_document_2089 spip_documents spip_documents_right\"><\/span>Villes non mentionn\u00e9es mais \u00e0 proximit\u00e9 du chemin (1 \u00e0 2,5 km) pouvant int\u00e9resser les marcheurs et vttistes (commerces et lieux d\u2019h\u00e9bergements)\u00a0: Cr\u00e8vecoeur le Grand, Grandvilliers (Gare), Gaillefontaine.<\/p>\n<p><i>Variante\u00a0: Ry via Blainville Crevon (coll\u00e9giale Saint-Michel avec fameuse statue de l\u2019Archange)<\/i><\/p>\n<p>Cet itin\u00e9raire est aussi propos\u00e9 d&rsquo;Amiens \u00e0 Rouen en variante VTC qui \u00e9vite les chemins enherb\u00e9s \u00e0 certaines saisons et des passages difficiles. Il n&rsquo;est pas balis\u00e9 mais ni d\u00e9crit mais il est disponible en t\u00e9l\u00e9chargement carto de chaque section d&rsquo;\u00e9tape.<\/p>\n<p>Je t\u00e9l\u00e9charge le parcours d\u00e9taill\u00e9 <a a=\"\" href=\"https:\/\/lescheminsdumontsaintmichel.com\/wp-content\/uploads\/2026\/03\/Itineraire-detaille-VTC chemin-d'Amiens \u00e0 Rouen-pdf\" rel=\"attachment wp-att-2829\">du trac\u00e9 VTC\u00a0 d&rsquo;Amiens \u00e0 Rouen<\/a><\/p>\n<p><i>Le chemin p\u00e9destre balis\u00e9 est d\u00e9crit dans le guide \u00e9dit\u00e9 par l\u2019Association\u00a0:<span> <\/span>\u00a0Le chemin d&rsquo;Amiens \u00e0 Rouen, 48 p.<span>\u00a0<\/span>, 9 \u20ac (+ port)<br class=\"autobr\" \/>Pour acheter ce guide, consultez<span>\u00a0<\/span><a href=\"https:\/\/lescheminsdumontsaintmichel.com\/boutique\/\" class=\"spip_in\">la Boutique<\/a><\/i><\/p>\n<p>&nbsp;<\/p>\n<p>[\/et_pb_text][\/et_pb_column][\/et_pb_row][\/et_pb_section][et_pb_section fb_built=\u00a0\u00bb1&Prime; _builder_version=\u00a0\u00bb4.27.2&Prime; _module_preset=\u00a0\u00bbdefault\u00a0\u00bb global_colors_info=\u00a0\u00bb{}\u00a0\u00bb][et_pb_row _builder_version=\u00a0\u00bb4.27.2&Prime; _module_preset=\u00a0\u00bbdefault\u00a0\u00bb global_colors_info=\u00a0\u00bb{}\u00a0\u00bb][et_pb_column type=\u00a0\u00bb4_4&Prime; _builder_version=\u00a0\u00bb4.27.2&Prime; _module_preset=\u00a0\u00bbdefault\u00a0\u00bb global_colors_info=\u00a0\u00bb{}\u00a0\u00bb][et_pb_text _builder_version=\u00a0\u00bb4.27.2&Prime; _module_preset=\u00a0\u00bbdefault\u00a0\u00bb global_colors_info=\u00a0\u00bb{}\u00a0\u00bb]<\/p>\n<p><strong>FICHIERS H\u00e9bergements &amp; Informations pratiques<\/strong><\/p>\n<p>[\/et_pb_text][et_pb_text _builder_version=\u00a0\u00bb4.27.4&Prime; _module_preset=\u00a0\u00bbdefault\u00a0\u00bb global_colors_info=\u00a0\u00bb{}\u00a0\u00bb]<\/p>\n<p>]<img loading=\"lazy\" decoding=\"async\" src=\"https:\/\/lescheminsdumontsaintmichel.com\/wp-content\/uploads\/2025\/07\/chemin-amiens-redim-1024x618.jpg\" width=\"1024\" height=\"618\" alt=\"chemin d'Amiens \u00e0 Rouen\" class=\"wp-image-2274 size-large\" srcset=\"https:\/\/lescheminsdumontsaintmichel.com\/wp-content\/uploads\/2025\/07\/chemin-amiens-redim-980x591.jpg 980w, https:\/\/lescheminsdumontsaintmichel.com\/wp-content\/uploads\/2025\/07\/chemin-amiens-redim-480x290.jpg 480w\" sizes=\"(min-width: 0px) and (max-width: 480px) 480px, (min-width: 481px) and (max-width: 980px) 980px, (min-width: 981px) 1024px, 100vw\" \/> chemin d&rsquo;Amiens \u00e0 Rouen en \u00ab\u00a0Picardie verte\u00a0\u00bb (Oise)<\/p>\n<p>&nbsp;<\/p>\n<p>[\/et_pb_text][\/et_pb_column][\/et_pb_row][et_pb_row _builder_version=\u00a0\u00bb4.27.2&Prime; _module_preset=\u00a0\u00bbdefault\u00a0\u00bb global_colors_info=\u00a0\u00bb{}\u00a0\u00bb][et_pb_column type=\u00a0\u00bb4_4&Prime; _builder_version=\u00a0\u00bb4.27.2&Prime; _module_preset=\u00a0\u00bbdefault\u00a0\u00bb global_colors_info=\u00a0\u00bb{}\u00a0\u00bb][et_pb_text _builder_version=\u00a0\u00bb4.27.2&Prime; _module_preset=\u00a0\u00bbdefault\u00a0\u00bb global_colors_info=\u00a0\u00bb{}\u00a0\u00bb]<\/p>\n<p><strong>FICHIERS GPX, ETAPE PAR ETAPE, A TELECHARGER POUR GPS<\/strong><br class=\"autobr\" \/><i>Ces trac\u00e9s sont donn\u00e9s \u00e0 titre indicatif et ne sauraient \u00eatre aussi pr\u00e9cis que les textes topographiques accompagn\u00e9s des cartes au 1:50 000 propos\u00e9s dans le guide publi\u00e9 par l\u2019Association<\/i><\/p>\n<p>[\/et_pb_text][et_pb_button button_url=\u00a0\u00bbhttps:\/\/drive.google.com\/drive\/folders\/1VXqIO-r64hWVXhUH2M__KS8-Ag7cRbhD?usp=sharing\u00a0\u00bb url_new_window=\u00a0\u00bbon\u00a0\u00bb button_text=\u00a0\u00bbT\u00e9l\u00e9charger les GPX\u00a0\u00bb button_alignment=\u00a0\u00bbleft\u00a0\u00bb _builder_version=\u00a0\u00bb4.27.2&Prime; _module_preset=\u00a0\u00bbdefault\u00a0\u00bb global_colors_info=\u00a0\u00bb{}\u00a0\u00bb][\/et_pb_button][\/et_pb_column][\/et_pb_row][\/et_pb_section]<\/p>\n","protected":false},"excerpt":{"rendered":"<p>D4D4NOUVEAUTELe guide du Chemin d\u2019Amiens \u00e0 Rouen est paru en juin 2021, il est disponible aupr\u00e8s de l\u2019association (9 \u20ac + port), il offre dans un seul volume de 48 pages une pr\u00e9sentation historique et patrimoniale de chaque \u00e9tape, la cartographie et le pas \u00e0 pas de chacune des 7 \u00e9tapes (171 km). Cet itin\u00e9raire Amiens-Rouen a \u00e9t\u00e9 inaugur\u00e9 le 26 mai 2018 avec la pose d\u2019un clou des Chemins du Mont et d\u2019un clou de Compostelle devant la cath\u00e9drale d\u2019Amiens. Ce nouvel itin\u00e9raire s\u2019inscrit dans un sch\u00e9ma global de chemins partag\u00e9s et relie Les Hauts de France \u00e0 la Normandie. Il a \u00e9t\u00e9 r\u00e9alis\u00e9 dans le cadre du 20e anniversaire de l\u2019inscription des Chemins de Saint-Jacques fran\u00e7ais \u00e0 l\u2019UNESCO et permet de relier la cath\u00e9drale d\u2019Amiens \u00e0 l\u2019abbaye du Mont, tous deux inscrits au patrimoine mondial comme sites des Chemins de Compostelle dans le cadre du Bien s\u00e9riel 868.Cet itin\u00e9raire permet aux marcheurs et Vttistes venant de Belgique et des Hauts de France de relier le Mont sur le Chemin de la Galice. \u00c0 Rouen, le chemin permet de rejoindre\u00a0:*-\u00a0Le Mont-Saint-Michel, en suivant une fois arriv\u00e9 \u00e0 Rouen, le Chemin balis\u00e9 de Rouen au Mont ou Grand chemin normand*-\u00a0Le [&hellip;]<\/p>\n","protected":false},"author":5,"featured_media":1923,"parent":586,"menu_order":0,"comment_status":"closed","ping_status":"closed","template":"","meta":{"_et_pb_use_builder":"on","_et_pb_old_content":"","_et_gb_content_width":"","footnotes":""},"class_list":["post-1781","page","type-page","status-publish","has-post-thumbnail","hentry"],"_links":{"self":[{"href":"https:\/\/lescheminsdumontsaintmichel.com\/de\/wp-json\/wp\/v2\/pages\/1781","targetHints":{"allow":["GET"]}}],"collection":[{"href":"https:\/\/lescheminsdumontsaintmichel.com\/de\/wp-json\/wp\/v2\/pages"}],"about":[{"href":"https:\/\/lescheminsdumontsaintmichel.com\/de\/wp-json\/wp\/v2\/types\/page"}],"author":[{"embeddable":true,"href":"https:\/\/lescheminsdumontsaintmichel.com\/de\/wp-json\/wp\/v2\/users\/5"}],"replies":[{"embeddable":true,"href":"https:\/\/lescheminsdumontsaintmichel.com\/de\/wp-json\/wp\/v2\/comments?post=1781"}],"version-history":[{"count":9,"href":"https:\/\/lescheminsdumontsaintmichel.com\/de\/wp-json\/wp\/v2\/pages\/1781\/revisions"}],"predecessor-version":[{"id":2830,"href":"https:\/\/lescheminsdumontsaintmichel.com\/de\/wp-json\/wp\/v2\/pages\/1781\/revisions\/2830"}],"up":[{"embeddable":true,"href":"https:\/\/lescheminsdumontsaintmichel.com\/de\/wp-json\/wp\/v2\/pages\/586"}],"wp:featuredmedia":[{"embeddable":true,"href":"https:\/\/lescheminsdumontsaintmichel.com\/de\/wp-json\/wp\/v2\/media\/1923"}],"wp:attachment":[{"href":"https:\/\/lescheminsdumontsaintmichel.com\/de\/wp-json\/wp\/v2\/media?parent=1781"}],"curies":[{"name":"wp","href":"https:\/\/api.w.org\/{rel}","templated":true}]}}