{"id":1772,"date":"2024-11-11T09:57:42","date_gmt":"2024-11-11T08:57:42","guid":{"rendered":"http:\/\/lescheminsdumontsaintmichel.com\/?page_id=1772"},"modified":"2024-11-11T09:58:24","modified_gmt":"2024-11-11T08:58:24","slug":"chemin-de-saint-malo","status":"publish","type":"page","link":"https:\/\/lescheminsdumontsaintmichel.com\/de\/les-chemins\/chemin-de-saint-malo\/","title":{"rendered":"Weg nach Saint-Malo"},"content":{"rendered":"\n[et_pb_section fb_built=\u00a0\u00bb1&Prime; _builder_version=\u00a0\u00bb4.27.2&Prime; _module_preset=\u00a0\u00bbdefault\u00a0\u00bb background_color=\u00a0\u00bb#D6D4C8&Prime; custom_padding=\u00a0\u00bb4px||1px|||\u00a0\u00bb global_colors_info=\u00a0\u00bb{}\u00a0\u00bb][et_pb_row _builder_version=\u00a0\u00bb4.27.2&Prime; _module_preset=\u00a0\u00bbdefault\u00a0\u00bb global_colors_info=\u00a0\u00bb{}\u00a0\u00bb][et_pb_column type=\u00a0\u00bb4_4&Prime; _builder_version=\u00a0\u00bb4.27.2&Prime; _module_preset=\u00a0\u00bbdefault\u00a0\u00bb global_colors_info=\u00a0\u00bb{}\u00a0\u00bb][et_pb_image src=\u00a0\u00bb@ET-DC@eyJkeW5hbWljIjp0cnVlLCJjb250ZW50IjoicG9zdF9mZWF0dXJlZF9pbWFnZSIsInNldHRpbmdzIjp7fX0=@\u00a0\u00bb align=\u00a0\u00bbcenter\u00a0\u00bb _builder_version=\u00a0\u00bb4.27.2&Prime; _dynamic_attributes=\u00a0\u00bbsrc\u00a0\u00bb _module_preset=\u00a0\u00bbdefault\u00a0\u00bb module_alignment=\u00a0\u00bbcenter\u00a0\u00bb border_radii=\u00a0\u00bbon|5px|5px|5px|5px\u00a0\u00bb global_colors_info=\u00a0\u00bb{}\u00a0\u00bb][\/et_pb_image][et_pb_post_title meta=\u00a0\u00bboff\u00a0\u00bb featured_image=\u00a0\u00bboff\u00a0\u00bb _builder_version=\u00a0\u00bb4.27.2&Prime; _module_preset=\u00a0\u00bbdefault\u00a0\u00bb title_font=\u00a0\u00bb|800||on|||||\u00a0\u00bb title_text_align=\u00a0\u00bbcenter\u00a0\u00bb global_colors_info=\u00a0\u00bb{}\u00a0\u00bb][\/et_pb_post_title][\/et_pb_column][\/et_pb_row][\/et_pb_section][et_pb_section fb_built=\u00a0\u00bb1&Prime; _builder_version=\u00a0\u00bb4.27.2&Prime; _module_preset=\u00a0\u00bbdefault\u00a0\u00bb global_colors_info=\u00a0\u00bb{}\u00a0\u00bb][et_pb_row _builder_version=\u00a0\u00bb4.27.2&Prime; _module_preset=\u00a0\u00bbdefault\u00a0\u00bb global_colors_info=\u00a0\u00bb{}\u00a0\u00bb][et_pb_column type=\u00a0\u00bb4_4&Prime; _builder_version=\u00a0\u00bb4.27.2&Prime; _module_preset=\u00a0\u00bbdefault\u00a0\u00bb global_colors_info=\u00a0\u00bb{}\u00a0\u00bb][et_pb_text _builder_version=\u00a0\u00bb4.27.3&Prime; _module_preset=\u00a0\u00bbdefault\u00a0\u00bb hover_enabled=\u00a0\u00bb0&Prime; global_colors_info=\u00a0\u00bb{}\u00a0\u00bb sticky_enabled=\u00a0\u00bb0&Prime;]<p>Le Chemin c\u00f4tier de Haute-Bretagne part de Saint-Malo, extraordinaire cit\u00e9 fortifi\u00e9e, implant\u00e9e entre terre et mer, centre \u00e9conomique majeur et centre touristique par la qualit\u00e9 de son site et de son patrimoine. Les liens de toute cette partie de la baie avec l\u2019abbaye du Mont ont toujours \u00e9t\u00e9 importants au fil des si\u00e8cles, notamment du fait des anciennes possessions montoises dans les dioc\u00e8ses de Saint-Malo et de Dol que le marcheur rencontrera au fur et \u00e0 mesure de son parcours vers le Mont. \u00c0 l\u2019ouest de la c\u00e9l\u00e8bre cit\u00e9 corsaire, l\u2019influence de l\u2019abbaye du Mont-Saint-Michel a \u00e9t\u00e9 moindre au cours des si\u00e8cles, tant par le plus petit nombre des donations de biens fonciers \u00e0 l\u2019abbaye que par un rayonnement moins important du p\u00e8lerinage montois dans toute la Basse-Bretagne.<\/p>\n<p>Le Chemin suit aujourd\u2019hui le sentier des douaniers (GR <span role=\"img\" aria-label=\"\u00ae\">\u00ae<\/span> \u00a034) qui offre des points de vue renouvel\u00e9s sur la c\u00f4te, le pays de Saint-Malo, ses plages, ses pointes et ses anses successives et sur les espaces naturels travers\u00e9s. Cependant ce superbe parcours contemporain sur la c\u00f4te d\u2019\u00c9meraude est uniquement c\u00f4tier et passe en retrait des villages implant\u00e9s \u00e0 l\u2019int\u00e9rieur des terres. Il est entendu que les voyageurs et les p\u00e8lerins n\u2019allaient pas suivre le chemin c\u00f4tier avec son d\u00e9nivel\u00e9 et le d\u00e9coup\u00e9 des anses et des criques. La voie passait par l\u2019int\u00e9rieur des terres, mais la qualit\u00e9 du parcours littoral et sa proximit\u00e9 du trac\u00e9 historique ont fait opter pour le chemin littoral. En effet, certains sites comme la pointe du Grouin sont inoubliables avec une vue du cap Fr\u00e9hel \u00e0 Granville\u00a0; le miquelot, lors de sa progression, d\u00e9couvrira \u00e0 plusieurs reprises le Mont au fond de sa vaste baie.<\/p>\n<p>Cancale, dominant le paysage de la baie du Mont qui se d\u00e9veloppe \u00e0 ses pieds, et tout ce terroir formaient au Moyen \u00c2ge une seule communaut\u00e9 spirituelle et \u00e9conomique avec l\u2019abbaye du Mont, du fait de l\u2019importance des possessions montoises dans le secteur. Au Mont-Dol le site, plein de myst\u00e8re, est encore fortement marqu\u00e9 par le culte de l\u2019archange. La derni\u00e8re \u00e9tape part de la cit\u00e9 m\u00e9di\u00e9vale de Dol, avec sa cath\u00e9drale et ses maisons m\u00e9di\u00e9vales, est plus originale, puisque le miquelot suit les anciennes falaises qui dominaient les marais ass\u00e9ch\u00e9s de Dol et qui ouvrent une tr\u00e8s large perspective, avant de rejoindre la digue et le chemin littoral jusqu\u2019au Couesnon, porte du Mont-Saint-Michel.<!-- notionvc: de128d6e-7a5f-485d-915d-e3b30bdbc161 --><\/p>[\/et_pb_text][\/et_pb_column][\/et_pb_row][\/et_pb_section]\n","protected":false},"excerpt":{"rendered":"<p>Le Chemin c\u00f4tier de Haute-Bretagne part de Saint-Malo, extraordinaire cit\u00e9 fortifi\u00e9e, implant\u00e9e entre terre et mer, centre \u00e9conomique majeur et centre touristique par la qualit\u00e9 de son site et de son patrimoine. Les liens de toute cette partie de la baie avec l\u2019abbaye du Mont ont toujours \u00e9t\u00e9 importants au fil des si\u00e8cles, notamment du fait des anciennes possessions montoises dans les dioc\u00e8ses de Saint-Malo et de Dol que le marcheur rencontrera au fur et \u00e0 mesure de son parcours vers le Mont. \u00c0 l\u2019ouest de la c\u00e9l\u00e8bre cit\u00e9 corsaire, l\u2019influence de l\u2019abbaye du Mont-Saint-Michel a \u00e9t\u00e9 moindre au cours des si\u00e8cles, tant par le plus petit nombre des donations de biens fonciers \u00e0 l\u2019abbaye que par un rayonnement moins important du p\u00e8lerinage montois dans toute la Basse-Bretagne. Le Chemin suit aujourd\u2019hui le sentier des douaniers (GR \u00ae \u00a034) qui offre des points de vue renouvel\u00e9s sur la c\u00f4te, le pays de Saint-Malo, ses plages, ses pointes et ses anses successives et sur les espaces naturels travers\u00e9s. Cependant ce superbe parcours contemporain sur la c\u00f4te d\u2019\u00c9meraude est uniquement c\u00f4tier et passe en retrait des villages implant\u00e9s \u00e0 l\u2019int\u00e9rieur des terres. Il est entendu que les voyageurs et les p\u00e8lerins n\u2019allaient [&hellip;]<\/p>\n","protected":false},"author":5,"featured_media":1988,"parent":586,"menu_order":0,"comment_status":"closed","ping_status":"closed","template":"","meta":{"_et_pb_use_builder":"on","_et_pb_old_content":"","_et_gb_content_width":"","footnotes":""},"class_list":["post-1772","page","type-page","status-publish","has-post-thumbnail","hentry"],"_links":{"self":[{"href":"https:\/\/lescheminsdumontsaintmichel.com\/de\/wp-json\/wp\/v2\/pages\/1772","targetHints":{"allow":["GET"]}}],"collection":[{"href":"https:\/\/lescheminsdumontsaintmichel.com\/de\/wp-json\/wp\/v2\/pages"}],"about":[{"href":"https:\/\/lescheminsdumontsaintmichel.com\/de\/wp-json\/wp\/v2\/types\/page"}],"author":[{"embeddable":true,"href":"https:\/\/lescheminsdumontsaintmichel.com\/de\/wp-json\/wp\/v2\/users\/5"}],"replies":[{"embeddable":true,"href":"https:\/\/lescheminsdumontsaintmichel.com\/de\/wp-json\/wp\/v2\/comments?post=1772"}],"version-history":[{"count":4,"href":"https:\/\/lescheminsdumontsaintmichel.com\/de\/wp-json\/wp\/v2\/pages\/1772\/revisions"}],"predecessor-version":[{"id":1989,"href":"https:\/\/lescheminsdumontsaintmichel.com\/de\/wp-json\/wp\/v2\/pages\/1772\/revisions\/1989"}],"up":[{"embeddable":true,"href":"https:\/\/lescheminsdumontsaintmichel.com\/de\/wp-json\/wp\/v2\/pages\/586"}],"wp:featuredmedia":[{"embeddable":true,"href":"https:\/\/lescheminsdumontsaintmichel.com\/de\/wp-json\/wp\/v2\/media\/1988"}],"wp:attachment":[{"href":"https:\/\/lescheminsdumontsaintmichel.com\/de\/wp-json\/wp\/v2\/media?parent=1772"}],"curies":[{"name":"wp","href":"https:\/\/api.w.org\/{rel}","templated":true}]}}