{"id":1763,"date":"2024-10-14T11:07:02","date_gmt":"2024-10-14T09:07:02","guid":{"rendered":"http:\/\/lescheminsdumontsaintmichel.com\/?page_id=1763"},"modified":"2025-07-19T14:07:32","modified_gmt":"2025-07-19T12:07:32","slug":"pilgrim-trail","status":"publish","type":"page","link":"https:\/\/lescheminsdumontsaintmichel.com\/de\/les-chemins\/pilgrim-trail\/","title":{"rendered":"Pilgrim Trail"},"content":{"rendered":"<p>[et_pb_section fb_built=\u00a0\u00bb1&Prime; _builder_version=\u00a0\u00bb4.27.2&Prime; _module_preset=\u00a0\u00bbdefault\u00a0\u00bb background_color=\u00a0\u00bb#D6D4C8&Prime; custom_padding=\u00a0\u00bb4px||1px|||\u00a0\u00bb global_colors_info=\u00a0\u00bb{}\u00a0\u00bb][et_pb_row _builder_version=\u00a0\u00bb4.27.2&Prime; _module_preset=\u00a0\u00bbdefault\u00a0\u00bb global_colors_info=\u00a0\u00bb{}\u00a0\u00bb][et_pb_column type=\u00a0\u00bb4_4&Prime; _builder_version=\u00a0\u00bb4.27.2&Prime; _module_preset=\u00a0\u00bbdefault\u00a0\u00bb global_colors_info=\u00a0\u00bb{}\u00a0\u00bb][et_pb_image src=\u00a0\u00bb@ET-DC@eyJkeW5hbWljIjp0cnVlLCJjb250ZW50IjoicG9zdF9mZWF0dXJlZF9pbWFnZSIsInNldHRpbmdzIjp7fX0=@\u00a0\u00bb align=\u00a0\u00bbcenter\u00a0\u00bb _builder_version=\u00a0\u00bb4.27.2&Prime; _dynamic_attributes=\u00a0\u00bbsrc\u00a0\u00bb _module_preset=\u00a0\u00bbdefault\u00a0\u00bb module_alignment=\u00a0\u00bbcenter\u00a0\u00bb border_radii=\u00a0\u00bbon|5px|5px|5px|5px\u00a0\u00bb global_colors_info=\u00a0\u00bb{}\u00a0\u00bb][\/et_pb_image][et_pb_post_title meta=\u00a0\u00bboff\u00a0\u00bb featured_image=\u00a0\u00bboff\u00a0\u00bb _builder_version=\u00a0\u00bb4.27.2&Prime; _module_preset=\u00a0\u00bbdefault\u00a0\u00bb title_font=\u00a0\u00bb|800||on|||||\u00a0\u00bb title_text_align=\u00a0\u00bbcenter\u00a0\u00bb global_colors_info=\u00a0\u00bb{}\u00a0\u00bb][\/et_pb_post_title][\/et_pb_column][\/et_pb_row][\/et_pb_section][et_pb_section fb_built=\u00a0\u00bb1&Prime; _builder_version=\u00a0\u00bb4.27.2&Prime; _module_preset=\u00a0\u00bbdefault\u00a0\u00bb global_colors_info=\u00a0\u00bb{}\u00a0\u00bb][et_pb_row _builder_version=\u00a0\u00bb4.27.2&Prime; _module_preset=\u00a0\u00bbdefault\u00a0\u00bb global_colors_info=\u00a0\u00bb{}\u00a0\u00bb][et_pb_column type=\u00a0\u00bb4_4&Prime; _builder_version=\u00a0\u00bb4.27.2&Prime; _module_preset=\u00a0\u00bbdefault\u00a0\u00bb global_colors_info=\u00a0\u00bb{}\u00a0\u00bb][et_pb_text _builder_version=\u00a0\u00bb4.27.4&Prime; _module_preset=\u00a0\u00bbdefault\u00a0\u00bb hover_enabled=\u00a0\u00bb0&Prime; global_colors_info=\u00a0\u00bb{}\u00a0\u00bb sticky_enabled=\u00a0\u00bb0&Prime;]<\/p>\n<p>&nbsp;<\/p>\n<p><img loading=\"lazy\" decoding=\"async\" src=\"https:\/\/lescheminsdumontsaintmichel.com\/wp-content\/uploads\/2025\/07\/PILGRIMS-TRAIL-carte.jpg\" width=\"820\" height=\"567\" alt=\"Pilgrim trail\" class=\"wp-image-2339 size-full\" style=\"display: block; margin-left: auto; margin-right: auto;\" srcset=\"https:\/\/lescheminsdumontsaintmichel.com\/wp-content\/uploads\/2025\/07\/PILGRIMS-TRAIL-carte.jpg 476w, https:\/\/lescheminsdumontsaintmichel.com\/wp-content\/uploads\/2025\/07\/PILGRIMS-TRAIL-carte-300x207.jpg 300w, https:\/\/lescheminsdumontsaintmichel.com\/wp-content\/uploads\/2025\/07\/PILGRIMS-TRAIL-carte-18x12.jpg 18w\" sizes=\"(max-width: 820px) 100vw, 820px\" \/><\/p>\n<p>&nbsp;<\/p>\n<p>Les\u00a0Chemins de Cherbourg et de Barfleur sont appel\u00e9s \u201c<strong>Chemins aux Anglais<\/strong>\u201d car ils \u00e9taient emprunt\u00e9s au Moyen Age par les Anglais qui allaient au Mont-Saint-Michel et qui continuaient souvent en allant sur Saint-Jacques de Compostelle. Le Chemin commence en Angleterre au d\u00e9part de la cath\u00e9drale de Winchester, avec le<span>\u00a0<\/span><a href=\"https:\/\/www.hants.gov.uk\/thingstodo\/countryside\/walking\/pilgrimstrail\" class=\"spip_out\" rel=\"external noopener\" target=\"_blank\">Pilgrim Trail<\/a><span>\u00a0<\/span><strong>Winchester\/Portsmouth<\/strong>, 2 \u00e9tapes, 47 km, chemin balis\u00e9, comme Chemin du Mont-Saint-Michel (sur cette partie anglaise, le logo de balisage n\u2019est plus bleu, mais vert).<\/p>\n<p>Pour tout renseignement concernant le chemin en Angleterre, contactez le comt\u00e9 du Hampshire\u00a0: email\u00a0:<span>\u00a0<\/span><a href=\"mailto:info@hants.gov.uk\" class=\"spip_mail\">info@hants.gov.uk<\/a><\/p>\n<p>&nbsp;<\/p>\n<p>&nbsp;<\/p>\n<p style=\"text-align: center;\">]<img loading=\"lazy\" decoding=\"async\" src=\"https:\/\/lescheminsdumontsaintmichel.com\/wp-content\/uploads\/2025\/07\/PILGRIMS-TRAIL-Intro-page-001-1024x725.jpg\" width=\"1024\" height=\"725\" alt=\"Pilgrim trail\" class=\"wp-image-2340 size-large\" srcset=\"https:\/\/lescheminsdumontsaintmichel.com\/wp-content\/uploads\/2025\/07\/PILGRIMS-TRAIL-Intro-page-001-980x693.jpg 980w, https:\/\/lescheminsdumontsaintmichel.com\/wp-content\/uploads\/2025\/07\/PILGRIMS-TRAIL-Intro-page-001-480x340.jpg 480w\" sizes=\"(min-width: 0px) and (max-width: 480px) 480px, (min-width: 481px) and (max-width: 980px) 980px, (min-width: 981px) 1024px, 100vw\" \/>\u00a0<\/p>\n<p>&nbsp;<\/p>\n<p>[\/et_pb_text][\/et_pb_column][\/et_pb_row][\/et_pb_section][et_pb_section fb_built=\u00a0\u00bb1&Prime; _builder_version=\u00a0\u00bb4.27.2&Prime; _module_preset=\u00a0\u00bbdefault\u00a0\u00bb global_colors_info=\u00a0\u00bb{}\u00a0\u00bb][et_pb_row _builder_version=\u00a0\u00bb4.27.2&Prime; _module_preset=\u00a0\u00bbdefault\u00a0\u00bb global_colors_info=\u00a0\u00bb{}\u00a0\u00bb][et_pb_column type=\u00a0\u00bb4_4&Prime; _builder_version=\u00a0\u00bb4.27.2&Prime; _module_preset=\u00a0\u00bbdefault\u00a0\u00bb global_colors_info=\u00a0\u00bb{}\u00a0\u00bb][et_pb_text _builder_version=\u00a0\u00bb4.27.2&Prime; _module_preset=\u00a0\u00bbdefault\u00a0\u00bb global_colors_info=\u00a0\u00bb{}\u00a0\u00bb]<\/p>\n<p><strong>FICHIERS GPX, ETAPE PAR ETAPE, A TELECHARGER POUR GPS<\/strong><br class=\"autobr\" \/><i>Ces trac\u00e9s sont donn\u00e9s \u00e0 titre indicatif et ne sauraient \u00eatre aussi pr\u00e9cis que les textes topographiques accompagn\u00e9s des cartes au 1:50 000 propos\u00e9s dans le guide publi\u00e9 par l\u2019Association<\/i><\/p>\n<p>[\/et_pb_text][et_pb_button button_url=\u00a0\u00bbhttps:\/\/drive.google.com\/drive\/folders\/1gkeOvyvR7aslEMIPW6LUriOF2iYO4Bug?usp=sharing\u00a0\u00bb url_new_window=\u00a0\u00bbon\u00a0\u00bb button_text=\u00a0\u00bbT\u00e9l\u00e9charger les GPX\u00a0\u00bb button_alignment=\u00a0\u00bbleft\u00a0\u00bb _builder_version=\u00a0\u00bb4.27.2&Prime; _module_preset=\u00a0\u00bbdefault\u00a0\u00bb global_colors_info=\u00a0\u00bb{}\u00a0\u00bb][\/et_pb_button][\/et_pb_column][\/et_pb_row][\/et_pb_section]<\/p>\n","protected":false},"excerpt":{"rendered":"<p>&nbsp; &nbsp; Der Chemins de Cherbourg und der Chemins de Barfleur werden \"Chemins aux Anglais\" genannt, weil sie im Mittelalter von den Engl\u00e4ndern auf dem Weg zum Mont-Saint-Michel benutzt wurden und oft auf dem Weg nach Santiago de Compostela weitergingen. Der Weg beginnt in England an der Kathedrale von Winchester mit dem Pilgrim Trail Winchester\/Portsmouth, 2 Etappen, 47 km, markierter Weg, wie der Weg zum Mont-Saint-Michel (auf diesem englischen Teil ist das Markierungslogo nicht mehr blau, sondern gr\u00fcn). F\u00fcr weitere Informationen \u00fcber den Weg in England wenden Sie sich bitte an die Grafschaft Hampshire: email: info@hants.gov.uk ] GPX-DATEIEN, SCHRITT F\u00dcR SCHRITT, ZUM HERUNTERLADEN F\u00dcR GPSDiese Wegbeschreibungen dienen der Orientierung und k\u00f6nnen nicht so genau sein wie die topografischen Texte mit den Karten im Ma\u00dfstab 1:50 000, die in dem von der Association herausgegebenen F\u00fchrer vorgeschlagen werden.<\/p>","protected":false},"author":5,"featured_media":1891,"parent":586,"menu_order":0,"comment_status":"closed","ping_status":"closed","template":"","meta":{"_et_pb_use_builder":"on","_et_pb_old_content":"","_et_gb_content_width":"","footnotes":""},"class_list":["post-1763","page","type-page","status-publish","has-post-thumbnail","hentry"],"_links":{"self":[{"href":"https:\/\/lescheminsdumontsaintmichel.com\/de\/wp-json\/wp\/v2\/pages\/1763","targetHints":{"allow":["GET"]}}],"collection":[{"href":"https:\/\/lescheminsdumontsaintmichel.com\/de\/wp-json\/wp\/v2\/pages"}],"about":[{"href":"https:\/\/lescheminsdumontsaintmichel.com\/de\/wp-json\/wp\/v2\/types\/page"}],"author":[{"embeddable":true,"href":"https:\/\/lescheminsdumontsaintmichel.com\/de\/wp-json\/wp\/v2\/users\/5"}],"replies":[{"embeddable":true,"href":"https:\/\/lescheminsdumontsaintmichel.com\/de\/wp-json\/wp\/v2\/comments?post=1763"}],"version-history":[{"count":5,"href":"https:\/\/lescheminsdumontsaintmichel.com\/de\/wp-json\/wp\/v2\/pages\/1763\/revisions"}],"predecessor-version":[{"id":2341,"href":"https:\/\/lescheminsdumontsaintmichel.com\/de\/wp-json\/wp\/v2\/pages\/1763\/revisions\/2341"}],"up":[{"embeddable":true,"href":"https:\/\/lescheminsdumontsaintmichel.com\/de\/wp-json\/wp\/v2\/pages\/586"}],"wp:featuredmedia":[{"embeddable":true,"href":"https:\/\/lescheminsdumontsaintmichel.com\/de\/wp-json\/wp\/v2\/media\/1891"}],"wp:attachment":[{"href":"https:\/\/lescheminsdumontsaintmichel.com\/de\/wp-json\/wp\/v2\/media?parent=1763"}],"curies":[{"name":"wp","href":"https:\/\/api.w.org\/{rel}","templated":true}]}}