{"id":1634,"date":"2024-08-13T14:25:41","date_gmt":"2024-08-13T12:25:41","guid":{"rendered":"http:\/\/lescheminsdumontsaintmichel.com\/?page_id=1634"},"modified":"2025-07-18T22:56:27","modified_gmt":"2025-07-18T20:56:27","slug":"carnet-du-miquelot","status":"publish","type":"page","link":"https:\/\/lescheminsdumontsaintmichel.com\/de\/carnet-du-miquelot\/","title":{"rendered":"Miquelots Tagebuch"},"content":{"rendered":"<p>[et_pb_section fb_built=\u00a0\u00bb1&Prime; _builder_version=\u00a0\u00bb4.27.0&Prime; _module_preset=\u00a0\u00bbdefault\u00a0\u00bb global_colors_info=\u00a0\u00bb{}\u00a0\u00bb][et_pb_row _builder_version=\u00a0\u00bb4.27.4&Prime; _module_preset=\u00a0\u00bbdefault\u00a0\u00bb link_option_url=\u00a0\u00bbhttps:\/\/lescheminsdumontsaintmichel.com\/boutique\/\u00a0\u00bb global_colors_info=\u00a0\u00bb{}\u00a0\u00bb][et_pb_column type=\u00a0\u00bb4_4&Prime; _builder_version=\u00a0\u00bb4.27.0&Prime; _module_preset=\u00a0\u00bbdefault\u00a0\u00bb global_colors_info=\u00a0\u00bb{}\u00a0\u00bb][et_pb_text _builder_version=\u00a0\u00bb4.27.4&Prime; _module_preset=\u00a0\u00bbdefault\u00a0\u00bb hover_enabled=\u00a0\u00bb0&Prime; global_colors_info=\u00a0\u00bb{}\u00a0\u00bb sticky_enabled=\u00a0\u00bb0&Prime;]<\/p>\n<h1 class=\"titre\"><img loading=\"lazy\" decoding=\"async\" src=\"https:\/\/lescheminsdumontsaintmichel.com\/wp-content\/uploads\/2025\/07\/1-de-couv-carnet-161x300.jpg\" width=\"161\" height=\"300\" alt=\"Carnet du miquelot\" class=\"wp-image-2230 size-medium\" \/><\/h1>\n<h1 class=\"titre\">Carnet du Miquelot<\/h1>\n<p><strong>\u00c0 l\u2019issue de votre voyage sur un des Chemins du Mont-Saint-Michel, le Dipl\u00f4me du miquelot vous sera d\u00e9livr\u00e9 sur pr\u00e9sentation de ce carnet tamponn\u00e9 (attestant au moins 3 \u00e9tapes) soit au Mont, \u00e0 l\u2019Office de Tourisme ou \u00e0 la Librairie du sanctuaire.<\/strong><\/p>\n<p><span class=\"spip_document_1923 spip_documents spip_documents_center\"><\/span>Les diff\u00e9rents tampons identitaires sont pr\u00e9sent\u00e9s \u00e0 la fin de chaque liste d\u2019h\u00e9bergements (ou \u00ab\u00a0Miquelots pratiques\u00a0\u00bb) t\u00e9l\u00e9chargeables sur le site, par chemin et dans l\u2019ordre du parcours, avec les coordonn\u00e9es de chaque point o\u00f9 ils sont disponibles. Au del\u00e0 de ces nouveaux tampons r\u00e9alis\u00e9s pour les miquelots, chacun fera \u00e9videmment tamponner son carnet au gr\u00e9 de son itin\u00e9rance, \u00e0 son h\u00e9bergement, en mairie, en office de tourisme, chez les commer\u00e7ants&#8230;. Le carnet est d\u2019abord le reflet du parcours de chacun et ne se limite pas \u00e0 un nombre ou \u00e0 une cat\u00e9gorie de tampons au d\u00e9triment des autres.<\/p>\n<div class=\"para\">\n<p><strong>Procurez vous votre\u00a0<i>Carnet du Miquelot<\/i>\u00a0\u00e0 faire tamponner \u00e0 chacune de vos \u00e9tapes<\/strong>, il est disponible \u00e0 l\u2019Association, \u00e0 la page <a href=\"https:\/\/lescheminsdumontsaintmichel.com\/boutique\/\" title=\"Boutique\">Boutique<span>\u00a0<\/span><\/a>ou sur le terrain:<\/p>\n<p><strong>PARIS<\/strong><br \/>Librairie Eyrolles &#8211; 61 boulevard Saint Germain &#8211; 75005 PARIS<br class=\"autobr\" \/>et en ligne sur le<span>\u00a0<\/span><a href=\"https:\/\/www.eyrolles.com\/Loisirs\/Livre\/carnet-du-miquelot-2000185675091\/\" class=\"spip_out\" rel=\"external noopener\" target=\"_blank\">site de la librairie<\/a><\/p>\n<p><strong>CALVADOS<\/strong><br \/>Office de Tourisme de Caen &#8211; 12 place, Saint-Pierre &#8211; 14000 CAEN (T\u00e9l. 02.31.27.14.14)<\/p>\n<p>Librairie Publica &#8211; 44 rue Saint-Jean &#8211; 14000 CAEN (T\u00e9l. 02.31.86.03.00)<\/p>\n<p>Office de tourisme de Ouistreham-Riva-Bella, esplanade A. Loti, 14150 OUISTREHAM (t\u00e9l. 02 31 97 18 63)<\/p>\n<p>Office de Tourisme du Bocage Normand et du pays de Cond\u00e9 &#8211; Square de la R\u00e9sistance, Vire &#8211; 14500 VIRE NORMANDIE<\/p>\n<p><strong>EURE<\/strong><br \/>Les Ateliers du Bec &#8211; Abbaye Notre-Dame du Bec, 3 place Abb\u00e9 Herluin &#8211; 27800 LE BEC-HELLOUIN<\/p>\n<p>Office de tourisme, 129, place de la Madeleine, VERNEUIL-SUR-AVRE, 27310 Verneuil d\u2019Avre et d\u2019Iton (t\u00e9l 02 32 32 17 17)<\/p>\n<p><strong>EURE-ET-LOIR<\/strong><br \/>Conciergerie de Chartres (place de la cath\u00e9drale, annexe OT), 7, rue Bethl\u00e9em, 28000 CHARTRES<\/p>\n<p><strong>ILLE-ET-VILAINE<\/strong><br \/>Ariane, la librairie du voyage, 20, rue Dreyfus, 35000 RENNES<\/p>\n<p><strong>LOIRET<\/strong><br \/>Librairie Agap\u00e9, 79 Bd Alexandre Martin, 45000 ORLEANS (t\u00e9l. 02 38 73 49 58)<\/p>\n<p><strong>MANCHE<\/strong><br \/>Office de tourisme d\u2019Agon-Coutainville, 6, place du 28 juillet, 50230 AGON-COUTAINVILLE (T\u00e9l. 02 33 19 08 10)<\/p>\n<p>Association du prieur\u00e9 du Mont-Saint-Michel, 2, rue du prieur\u00e9, ARDEVON, 50170 PONTORSON<\/p>\n<p>Scriptorial d\u2019Avranches, 15 rue de Ge\u00f4le,\u00a0 50300 AVRANCHES<\/p>\n<p>Office de Tourisme de Barfleur, 2 rond-point Guillaume le Conqu\u00e9rant, 50760 BARFLEUR (T\u00e9l. 02.33.54.02.48)<\/p>\n<p>Librairie Silo\u00e9, 24 rue Tour Carr\u00e9e, 50100 CHERBOURG-EN-COTENTIN (T\u00e9l. 02.33.53.46.37)<\/p>\n<p>Librairie Ryst, 16 Grande Rue, 50100 CHERBOURG EN COTENTIN (t\u00e9l. 02 33 53 48 57)<\/p>\n<p>Office de Tourisme de Cherbourg, 14, quai Alexandre III, 50100 CHERBOURG-EN-COTENTIN (t\u00e9l 02 33 93 52 02)<\/p>\n<p>Librairie La Procure, 1, rue Geoffroy de Montbray, 50200 COUTANCES (t\u00e9l 09 70 14 01 50)<\/p>\n<p>Office de tourisme, 6, rue Milon, 50200 COUTANCES (t\u00e9l : 02 33 19 08 10)<\/p>\n<p>Bureau d\u2019informations touristiques de Gen\u00eats, 4, place des Halles, 50330 GENETS (02 33 89 64 00)<\/p>\n<p>Office de tourisme de Hauteville-sur-Mer, 30 Av. de l\u2019Aumesle, 50590 Hauteville-sur-Mer (t\u00e9l. : 02 33 19 08 10)<\/p>\n<p>Bureau d\u2019informations touristiques du Mont-Saint-Michel, Grande Rue, 50170 LE MONT SAINT MICHEL (02 33 60 14 30 )<\/p>\n<p>Librairie du Sanctuaire &#8211; Grand Rue &#8211; 50170 LE MONT-SAINT-MICHEL (T\u00e9l. 02.33.60.14.41).<\/p>\n<p>Bureau d\u2019informations touristiques de Pontorson, place de l\u2019h\u00f4tel de Ville, 50170 PONTORSON (02 33 60 20 65)<\/p>\n<p>\u00c9comus\u00e9e de la Baie &#8211; Route du Grouin du Sud &#8211; 50300 VAINS-SAINT-L\u00c9ONARD<\/p>\n<p>Office de Tourisme de Villedieu-les-Po\u00eales &#8211; 8 place des Costils &#8211; 50800 VILLEDIEU-LES-PO\u00caLES-ROUFFIGNY (T\u00e9l. 02.33.61.05.69)<\/p>\n<p><strong>MAYENNE<\/strong><br \/>Libraire \u00ab\u00a0A la Belle Dame\u00a0\u00bb, 1, place de l\u2019Apparition, 53220 PONTMAIN (t\u00e9l. 02 43 04 38 62)<\/p>\n<p><strong>ORNE<br \/><\/strong>Office de tourisme du Pays de Domfront, 2, place de la Roirie, 61700 DOMFRONT (t\u00e9l. 02 33 38 53 97)<\/p>\n<p>Parc naturel r\u00e9gional du Perche, manoir de Courboyer, Noc\u00e9, 61340 PERCHE EN NOCE (t\u00e9l .02 33 85 36 36)<\/p>\n<p><strong>SEINE-MARITIME<\/strong><br \/>Office de Tourisme de Rouen, esplanade Marcel Duchamp, 76000 ROUEN (T\u00e9l. 02.32.08.32.40) Horaires d\u2019ouverture 9h30-12h30 et 13h30-18h<span style=\"font-size: 16px;\">\u00a0<\/span><\/p>\n<p><strong>LOIRE-ATLANTIQUE<\/strong><br \/>Librairie Silo\u00e9 Lis &#8211; 3 Rue G\u00e9n\u00e9ral Leclerc de Hauteclocque &#8211; 44000 Nantes (t\u00e9l. 02 40 29 35 80) horaires d\u2019ouverture 10h-19h<\/p>\n<p><strong style=\"font-size: 16px;\">SOMME<\/strong><\/p>\n<p>Office de tourisme, 23, place Notre-Dame, 80000 Amiens (t\u00e9l. 03 22 71 60 50)<\/p>\n<p><strong>VENDEE<\/strong><br \/>Librairie Silo\u00e9 &#8211; 58 rue du Mar\u00e9chal Joffre &#8211; 85000 LA ROCHE SUR YON (T\u00e9l. 02.51.37.38.81)<\/p>\n<p><strong>ITALIE<\/strong><br class=\"autobr\" \/><strong>MILAN<\/strong><br class=\"autobr\" \/>Association<span>\u00a0<\/span><a href=\"scrivi@icaminantes.com\"><i>I Caminantes<\/i><\/a><br class=\"autobr\" \/>Via Gustavo Modena 35 &#8211; 20129 Milano mail : <a href=\"mailto:scrivi@icaminantes.com\"><span>scrivi@icaminantes.com<\/span><\/a><\/p>\n<\/div>\n<p>[\/et_pb_text][\/et_pb_column][\/et_pb_row][\/et_pb_section]<\/p>\n","protected":false},"excerpt":{"rendered":"<p>Carnet du Miquelot \u00c0 l\u2019issue de votre voyage sur un des Chemins du Mont-Saint-Michel, le Dipl\u00f4me du miquelot vous sera d\u00e9livr\u00e9 sur pr\u00e9sentation de ce carnet tamponn\u00e9 (attestant au moins 3 \u00e9tapes) soit au Mont, \u00e0 l\u2019Office de Tourisme ou \u00e0 la Librairie du sanctuaire. Les diff\u00e9rents tampons identitaires sont pr\u00e9sent\u00e9s \u00e0 la fin de chaque liste d\u2019h\u00e9bergements (ou \u00ab\u00a0Miquelots pratiques\u00a0\u00bb) t\u00e9l\u00e9chargeables sur le site, par chemin et dans l\u2019ordre du parcours, avec les coordonn\u00e9es de chaque point o\u00f9 ils sont disponibles. Au del\u00e0 de ces nouveaux tampons r\u00e9alis\u00e9s pour les miquelots, chacun fera \u00e9videmment tamponner son carnet au gr\u00e9 de son itin\u00e9rance, \u00e0 son h\u00e9bergement, en mairie, en office de tourisme, chez les commer\u00e7ants&#8230;. Le carnet est d\u2019abord le reflet du parcours de chacun et ne se limite pas \u00e0 un nombre ou \u00e0 une cat\u00e9gorie de tampons au d\u00e9triment des autres. Procurez vous votre\u00a0Carnet du Miquelot\u00a0\u00e0 faire tamponner \u00e0 chacune de vos \u00e9tapes, il est disponible \u00e0 l\u2019Association, \u00e0 la page Boutique\u00a0ou sur le terrain: PARISLibrairie Eyrolles &#8211; 61 boulevard Saint Germain &#8211; 75005 PARISet en ligne sur le\u00a0site de la librairie CALVADOSOffice de Tourisme de Caen &#8211; 12 place, Saint-Pierre &#8211; 14000 CAEN (T\u00e9l. 02.31.27.14.14) Librairie Publica [&hellip;]<\/p>\n","protected":false},"author":5,"featured_media":0,"parent":0,"menu_order":0,"comment_status":"closed","ping_status":"closed","template":"","meta":{"_et_pb_use_builder":"on","_et_pb_old_content":"","_et_gb_content_width":"","footnotes":""},"class_list":["post-1634","page","type-page","status-publish","hentry"],"_links":{"self":[{"href":"https:\/\/lescheminsdumontsaintmichel.com\/de\/wp-json\/wp\/v2\/pages\/1634","targetHints":{"allow":["GET"]}}],"collection":[{"href":"https:\/\/lescheminsdumontsaintmichel.com\/de\/wp-json\/wp\/v2\/pages"}],"about":[{"href":"https:\/\/lescheminsdumontsaintmichel.com\/de\/wp-json\/wp\/v2\/types\/page"}],"author":[{"embeddable":true,"href":"https:\/\/lescheminsdumontsaintmichel.com\/de\/wp-json\/wp\/v2\/users\/5"}],"replies":[{"embeddable":true,"href":"https:\/\/lescheminsdumontsaintmichel.com\/de\/wp-json\/wp\/v2\/comments?post=1634"}],"version-history":[{"count":11,"href":"https:\/\/lescheminsdumontsaintmichel.com\/de\/wp-json\/wp\/v2\/pages\/1634\/revisions"}],"predecessor-version":[{"id":2306,"href":"https:\/\/lescheminsdumontsaintmichel.com\/de\/wp-json\/wp\/v2\/pages\/1634\/revisions\/2306"}],"wp:attachment":[{"href":"https:\/\/lescheminsdumontsaintmichel.com\/de\/wp-json\/wp\/v2\/media?parent=1634"}],"curies":[{"name":"wp","href":"https:\/\/api.w.org\/{rel}","templated":true}]}}